{"id":11917,"date":"2021-06-04T03:34:43","date_gmt":"2021-06-04T03:34:43","guid":{"rendered":"https:\/\/toripuru.shop\/politica-de-privacidad\/"},"modified":"2024-08-22T15:16:52","modified_gmt":"2024-08-22T15:16:52","slug":"politica-de-privacidad","status":"publish","type":"page","link":"https:\/\/toripuru.shop\/es\/politica-de-privacidad\/","title":{"rendered":"Pol\u00edtica de privacidad"},"content":{"rendered":"<h3>Pol\u00edtica de privacidad<\/h3>\n<p>  Esta Pol\u00edtica de Privacidad describe c\u00f3mo ToripuruShop.com (el \u00abSitio\u00bb o \u00abnosotros\u00bb) recopila, utiliza y divulga tu Informaci\u00f3n Personal cuando visitas o realizas una compra en el Sitio.  <\/p>\n<h4>Recogida de informaci\u00f3n personal<\/h4>\n<p>  Cuando visitas el Sitio, recopilamos cierta informaci\u00f3n sobre tu dispositivo, tu interacci\u00f3n con el Sitio y la informaci\u00f3n necesaria para procesar tus compras.<br \/>\nTambi\u00e9n podemos recopilar informaci\u00f3n adicional si te pones en contacto con nosotros para solicitar asistencia al cliente.<br \/>\nEn esta Pol\u00edtica de Privacidad, nos referimos a cualquier informaci\u00f3n que pueda identificar de forma exclusiva a un individuo (incluida la informaci\u00f3n que aparece a continuaci\u00f3n) como \u00abInformaci\u00f3n Personal.\u00bb<br \/>\nConsulta la lista siguiente para obtener m\u00e1s informaci\u00f3n sobre qu\u00e9 Datos Personales recopilamos y por qu\u00e9.     <\/p>\n<h5>Informaci\u00f3n del dispositivo<\/h5>\n<ul>\n<li><strong>Ejemplos de Informaci\u00f3n Personal recopilada<\/strong>: Versi\u00f3n del navegador web, direcci\u00f3n IP, zona horaria, informaci\u00f3n de cookies, qu\u00e9 sitios o productos ves, t\u00e9rminos de b\u00fasqueda y c\u00f3mo interact\u00faas con el Sitio.<\/li>\n<li><strong>Finalidad de la recogida<\/strong>: Cargar el Sitio con precisi\u00f3n para ti, y realizar an\u00e1lisis sobre el uso del Sitio para optimizar nuestro Sitio.<\/li>\n<li><strong>Fuente de recogida<\/strong>: Recogida autom\u00e1tica cuando accedes a nuestro Sitio mediante cookies, archivos de registro, balizas web, etiquetas o p\u00edxeles.<\/li>\n<li><strong>Divulgaci\u00f3n con fines comerciales<\/strong>: Compartida con nuestro procesador WooCommerce.<\/li>\n<\/ul>\n<h5>Informaci\u00f3n de pedido<\/h5>\n<ul>\n<li><strong>Ejemplos de Datos Personales recogidos<\/strong>: Nombre, direcci\u00f3n de facturaci\u00f3n, direcci\u00f3n de env\u00edo, informaci\u00f3n de pago (incluidos los n\u00fameros de las tarjetas de cr\u00e9dito), direcci\u00f3n de correo electr\u00f3nico y n\u00famero de tel\u00e9fono.<\/li>\n<li><strong>Finalidad de la recogida<\/strong>: Proporcionarte productos o servicios para cumplir nuestro contrato, procesar tu informaci\u00f3n de pago, organizar el env\u00edo y proporcionarte facturas y\/o confirmaciones de pedido, comunicarnos contigo, examinar nuestros pedidos para detectar posibles riesgos o fraudes y, cuando est\u00e9 en consonancia con las preferencias que hayas compartido con nosotros, proporcionarte informaci\u00f3n o publicidad relacionada con nuestros productos o servicios.<\/li>\n<li><strong>Fuente de recogida<\/strong>: Recogida de ti.<\/li>\n<li><strong>Divulgaci\u00f3n con fines comerciales<\/strong>: Compartida con nuestros procesadores WooCommerce, Stripe, UPS, DHL, PayPal.<\/li>\n<\/ul>\n<h5>Informaci\u00f3n de Atenci\u00f3n al Cliente<\/h5>\n<ul>\n<li><strong>Ejemplos de informaci\u00f3n personal recopilada<\/strong>: Direcci\u00f3n de correo electr\u00f3nico adicional, n\u00fameros de tel\u00e9fono adicionales.<\/li>\n<li><strong>Finalidad de la recogida<\/strong>: Proporcionar asistencia al cliente.<\/li>\n<li><strong>Fuente de recogida<\/strong>: Recogida de ti.<\/li>\n<li><strong>Divulgaci\u00f3n con fines comerciales<\/strong>: Se comparte con cualquier proveedor utilizado para proporcionar asistencia al cliente.<\/li>\n<\/ul>\n<h4>Menores<\/h4>\n<p>  El Sitio no est\u00e1 destinado a personas menores de 18 a\u00f1os.<br \/>\nNo recopilamos intencionadamente Informaci\u00f3n Personal de ni\u00f1os.<br \/>\nSi eres el padre o tutor y crees que tu hijo nos ha proporcionado Informaci\u00f3n Personal, ponte en contacto con nosotros en la direcci\u00f3n que aparece a continuaci\u00f3n para solicitar su eliminaci\u00f3n.    <\/p>\n<h4>Compartir informaci\u00f3n personal<\/h4>\n<p>  Compartimos tus Datos Personales con proveedores de servicios para que nos ayuden a prestar nuestros servicios y cumplir nuestros contratos contigo, como se ha descrito anteriormente.<br \/>\nPor ejemplo:   <\/p>\n<ul>\n<li>Utilizamos WooCommerce para impulsar nuestra tienda online.<br \/>\nPuedes leer m\u00e1s sobre c\u00f3mo WooCommerce utiliza tu Informaci\u00f3n Personal aqu\u00ed: <a target=\"_new\" rel=\"noopener\">Pol\u00edtica de privacidad de WooCommerce<\/a>. <\/li>\n<li>Utilizamos Stripe para procesar los pagos.<br \/>\nPuedes leer m\u00e1s sobre c\u00f3mo Stripe utiliza tu Informaci\u00f3n Personal aqu\u00ed: <a href=\"https:\/\/stripe.com\/privacy\" target=\"_new\" rel=\"noopener\">Pol\u00edtica de privacidad de Stripe<\/a>. <\/li>\n<li>Podemos compartir tus Datos Personales para cumplir con las leyes y normativas aplicables, para responder a una citaci\u00f3n, orden de registro u otra solicitud legal de informaci\u00f3n que recibamos, o para proteger de otro modo nuestros derechos.<\/li>\n<li>Podemos compartir tus Datos Personales para entregar tu pedido utilizando procesadores como UPS o DHL.<\/li>\n<li>Podemos compartir tus Datos Personales para cumplir tu pedido utilizando procesadores que te suministren directamente los productos.<\/li>\n<\/ul>\n<h4>Publicidad comportamental<\/h4>\n<p>  Como se ha descrito anteriormente, utilizamos tus Datos Personales para proporcionarte publicidad o comunicaciones de marketing espec\u00edficas que creemos que pueden ser de tu inter\u00e9s.<br \/>\nPor ejemplo:   <\/p>\n<ul>\n<li>Utilizamos Google Analytics para ayudarnos a comprender c\u00f3mo utilizan el Sitio nuestros clientes.<br \/>\nPuedes obtener m\u00e1s informaci\u00f3n sobre c\u00f3mo utiliza Google tus Datos Personales aqu\u00ed: <a href=\"https:\/\/policies.google.com\/privacy?hl=en\" target=\"_new\" rel=\"noopener\">Pol\u00edtica de privacidad de Google<\/a>.<br \/>\nTambi\u00e9n puedes inhabilitar Google Analytics aqu\u00ed: <a href=\"https:\/\/tools.google.com\/dlpage\/gaoptout\" target=\"_new\" rel=\"noopener\">Exclusi\u00f3n de Google Analytics<\/a>.  <\/li>\n<li>Compartimos informaci\u00f3n sobre tu uso del Sitio, tus compras y tu interacci\u00f3n con nuestros anuncios en otros sitios web con nuestros socios publicitarios.<br \/>\nRecopilamos y compartimos parte de esta informaci\u00f3n directamente con nuestros socios publicitarios, y en algunos casos mediante el uso de cookies u otras tecnolog\u00edas similares (que puedes consentir, dependiendo de tu ubicaci\u00f3n). <\/li>\n<\/ul>\n<p>  Para m\u00e1s informaci\u00f3n sobre c\u00f3mo funciona la publicidad dirigida, puedes visitar la p\u00e1gina educativa de la Network Advertising Initiative (\u00abNAI\u00bb) en <a href=\"http:\/\/www.networkadvertising.org\/understanding-online-advertising\/how-does-it-work\" target=\"_new\" rel=\"noopener\">Understanding Online Advertising<\/a>.<br \/>\nPuedes excluirte de algunos de estos servicios visitando el portal de exclusi\u00f3n de la Digital Advertising Alliance en: <a href=\"http:\/\/optout.aboutads.info\/\" target=\"_new\" rel=\"noopener\">Opt-Out<\/a>.   <\/p>\n<h4>Uso de la informaci\u00f3n personal<\/h4>\n<p>  Utilizamos tus Datos Personales para prestarte nuestros servicios, que incluyen: ofrecer productos a la venta, procesar pagos, enviar y cumplir tu pedido, y mantenerte al d\u00eda sobre nuevos productos, servicios y ofertas.  <\/p>\n<h4>Retenci\u00f3n<\/h4>\n<p>  Cuando realices un pedido a trav\u00e9s del Sitio, conservaremos tus Datos Personales para nuestros registros, a menos y hasta que nos pidas que los borremos.<br \/>\nPara obtener m\u00e1s informaci\u00f3n sobre tu derecho de borrado, consulta la secci\u00f3n \u00abTus derechos\u00bb m\u00e1s abajo.   <\/p>\n<h4>Toma de decisiones autom\u00e1tica<\/h4>\n<p>  Si resides en el EEE, tienes derecho a oponerte al tratamiento basado \u00fanicamente en la toma de decisiones automatizada (que incluye la elaboraci\u00f3n de perfiles) cuando dicha toma de decisiones tenga efectos jur\u00eddicos sobre ti o te afecte significativamente de otro modo. No tomamos decisiones totalmente automatizadas que tengan un efecto legal o significativo utilizando los datos de los clientes. Nuestro procesador WooCommerce y Stripe utilizan una toma de decisiones automatizada limitada para evitar el fraude que no tenga un efecto legal o significativo sobre ti. Los servicios que incluyen elementos de toma de decisiones automatizada incluyen  <\/p>\n<ul>\n<li>Lista negativa temporal de direcciones IP asociadas a transacciones fallidas repetidas.<br \/>\nEsta lista de denegaci\u00f3n persiste durante un peque\u00f1o n\u00famero de horas. <\/li>\n<li>Lista denegada temporal de tarjetas de cr\u00e9dito asociadas a direcciones IP denegadas.<br \/>\nEsta lista de denegaci\u00f3n persiste durante un peque\u00f1o n\u00famero de d\u00edas. <\/li>\n<\/ul>\n<h4>Tus derechos<\/h4>\n<p><strong>GDPR<\/strong> Si eres residente del EEE, tienes derecho a acceder a la Informaci\u00f3n Personal que tenemos sobre ti, a portarla a un nuevo servicio y a solicitar que tu Informaci\u00f3n Personal sea corregida, actualizada o borrada.<br \/>\nSi deseas ejercer estos derechos, ponte en contacto con nosotros a trav\u00e9s de la informaci\u00f3n de contacto que figura a continuaci\u00f3n. <strong>C\u00f3mo ejercer tus derechos:<\/strong> Puedes ejercer tus derechos poni\u00e9ndote en contacto con nosotros por correo electr\u00f3nico en la direcci\u00f3n <a rel=\"noopener\">contact@toripuru.eu<\/a> o por correo postal en la direcci\u00f3n indicada m\u00e1s abajo.<br \/>\nResponderemos a tu solicitud en el plazo exigido por la ley. <strong>Presentar una reclamaci\u00f3n:<\/strong> Si crees que no hemos abordado adecuadamente tus preocupaciones, tienes derecho a presentar una reclamaci\u00f3n ante una autoridad de control.<br \/>\nPuedes ponerte en contacto con tu autoridad local de protecci\u00f3n de datos, o con nuestra autoridad supervisora aqu\u00ed: <a href=\"https:\/\/uodo.gov.pl\/en\" target=\"_new\" rel=\"noopener\">UODO<\/a>.     <\/p>\n<h4>Notificaci\u00f3n de violaci\u00f3n de datos<\/h4>\n<p>  En caso de que se produzca una violaci\u00f3n de datos que pueda comprometer tus Datos Personales, te lo notificaremos a ti y a la autoridad de control pertinente sin demoras indebidas, y en un plazo de 72 horas desde que tengamos conocimiento de la violaci\u00f3n, siempre que sea factible.<br \/>\nEsta notificaci\u00f3n incluir\u00e1 la naturaleza de la violaci\u00f3n, las consecuencias probables y las medidas que hemos adoptado o nos proponemos adoptar para hacer frente a la violaci\u00f3n.   <\/p>\n<h4>Cookies<\/h4>\n<p>  Una cookie es una peque\u00f1a cantidad de informaci\u00f3n que se descarga en tu ordenador o dispositivo cuando visitas nuestro Sitio.<br \/>\nUtilizamos diferentes tipos de cookies, como cookies funcionales, de rendimiento, publicitarias y de redes sociales o de contenido.<br \/>\nLas cookies mejoran tu experiencia de navegaci\u00f3n al permitir que el sitio web recuerde tus acciones y preferencias (como el inicio de sesi\u00f3n y la selecci\u00f3n de regi\u00f3n).<br \/>\nEsto significa que no tienes que volver a introducir esta informaci\u00f3n cada vez que vuelvas al sitio o navegues de una p\u00e1gina a otra.<br \/>\nLas cookies tambi\u00e9n proporcionan informaci\u00f3n sobre la forma en que las personas utilizan el sitio web, por ejemplo, si es la primera vez que lo visitan o si son visitantes frecuentes.     Utilizamos las siguientes cookies para optimizar tu experiencia en nuestro Sitio y para prestar nuestros servicios.  <\/p>\n<h5>Cookies Necesarias para el Funcionamiento de la Tienda<\/h5>\n<table>\n<thead>\n<tr>\n<th><strong>Nombre<\/strong><\/th>\n<th><strong>Funci\u00f3n<\/strong><\/th>\n<\/tr>\n<\/thead>\n<tbody>\n<tr>\n<td><code>_woocommerce_cart<\/code><\/td>\n<td>Se utiliza en relaci\u00f3n con el carrito de la compra.<\/td>\n<\/tr>\n<tr>\n<td><code>_secure_session_id<\/code><\/td>\n<td>Se utiliza en relaci\u00f3n con la navegaci\u00f3n por la tienda.<\/td>\n<\/tr>\n<tr>\n<td><code>cart_sig<\/code><\/td>\n<td>Se utiliza en relaci\u00f3n con el pago.<\/td>\n<\/tr>\n<tr>\n<td><code>checkout_token<\/code><\/td>\n<td>Se utiliza en relaci\u00f3n con el pago.<\/td>\n<\/tr>\n<tr>\n<td><code>secure_customer_sig<\/code><\/td>\n<td>Se utiliza en relaci\u00f3n con el inicio de sesi\u00f3n del cliente.<\/td>\n<\/tr>\n<tr>\n<td><code>storefront_digest<\/code><\/td>\n<td>Se utiliza en relaci\u00f3n con el inicio de sesi\u00f3n del cliente.<\/td>\n<\/tr>\n<\/tbody>\n<\/table>\n<h5>Informes y an\u00e1lisis<\/h5>\n<table>\n<thead>\n<tr>\n<th><strong>Nombre<\/strong><\/th>\n<th><strong>Funci\u00f3n<\/strong><\/th>\n<\/tr>\n<\/thead>\n<tbody>\n<tr>\n<td><code>_tracking_consent<\/code><\/td>\n<td>Preferencias de seguimiento.<\/td>\n<\/tr>\n<tr>\n<td><code>_landing_page<\/code><\/td>\n<td>Rastrea las p\u00e1ginas de destino.<\/td>\n<\/tr>\n<tr>\n<td><code>_orig_referrer<\/code><\/td>\n<td>Rastrea las p\u00e1ginas de destino.<\/td>\n<\/tr>\n<tr>\n<td><code>_y<\/code><\/td>\n<td>An\u00e1lisis de WooCommerce.<\/td>\n<\/tr>\n<tr>\n<td><code>_s<\/code><\/td>\n<td>An\u00e1lisis de WooCommerce.<\/td>\n<\/tr>\n<\/tbody>\n<\/table>\n<p>  El tiempo que una cookie permanece en tu ordenador o dispositivo m\u00f3vil depende de si es una cookie \u00abpersistente\u00bb o de \u00absesi\u00f3n\u00bb.<br \/>\nLas cookies de sesi\u00f3n duran hasta que dejas de navegar y las cookies persistentes duran hasta que caducan o se eliminan.<br \/>\nLa mayor\u00eda de las cookies que utilizamos son persistentes y caducan entre 30 minutos y dos a\u00f1os desde la fecha en que se descargan en tu dispositivo.<br \/>\nPuedes controlar y gestionar las cookies de varias maneras.<br \/>\nTen en cuenta que eliminar o bloquear las cookies puede afectar negativamente a tu experiencia de usuario y es posible que algunas partes de nuestro sitio web dejen de ser totalmente accesibles.     La mayor\u00eda de los navegadores aceptan autom\u00e1ticamente las cookies, pero puedes elegir si quieres aceptarlas o no a trav\u00e9s de los controles de tu navegador, que a menudo se encuentran en el men\u00fa \u00abHerramientas\u00bb o \u00abPreferencias\u00bb de tu navegador.<br \/>\nPara m\u00e1s informaci\u00f3n sobre c\u00f3mo modificar la configuraci\u00f3n de tu navegador o c\u00f3mo bloquear, gestionar o filtrar cookies, puedes encontrarla en el archivo de ayuda de tu navegador o a trav\u00e9s de sitios como <a href=\"www.allaboutcookies.org\" rel=\"noopener\">All About Cookies<\/a>.<br \/>\nAdem\u00e1s, ten en cuenta que bloquear las cookies puede no impedir completamente que compartamos informaci\u00f3n con terceros, como nuestros socios publicitarios.<br \/>\nPara ejercer tus derechos o excluirte de ciertos usos de tu informaci\u00f3n por estas partes, sigue las instrucciones de la secci\u00f3n \u00abPublicidad comportamental\u00bb anterior.     <\/p>\n<h4>No rastrear<\/h4>\n<p>  Ten en cuenta que, debido a que no existe un entendimiento coherente en la industria sobre c\u00f3mo responder a las se\u00f1ales \u00abDo Not Track\u00bb, no alteramos nuestras pr\u00e1cticas de recopilaci\u00f3n y uso de datos cuando detectamos una se\u00f1al de este tipo de tu navegador.  <\/p>\n<h4>Cambios<\/h4>\n<p>  Podemos actualizar esta Pol\u00edtica de Privacidad de vez en cuando para reflejar, por ejemplo, cambios en nuestras pr\u00e1cticas o por otras razones operativas, legales o normativas.  <\/p>\n<h4>Cont\u00e1ctenos<\/h4>\n<p>  Para obtener m\u00e1s informaci\u00f3n sobre nuestras pr\u00e1cticas de privacidad, si tienes preguntas o si quieres presentar una queja, ponte en contacto con nosotros por correo electr\u00f3nico en <a rel=\"noopener\">contact@toripuru.eu<\/a> o por correo postal utilizando los datos que se indican a continuaci\u00f3n: Tori Puru Sp.<br \/>\nz o.<br \/>\no.<br \/>\nAl.<br \/>\nKrakowska 46, 05-090, Janki \u00daltima actualizaci\u00f3n: 12.09.2024 Si no est\u00e1s satisfecho con nuestra respuesta a tu reclamaci\u00f3n, tienes derecho a presentarla ante la autoridad de protecci\u00f3n de datos competente.<br \/>\nPuedes ponerte en contacto con tu autoridad local de protecci\u00f3n de datos, o con nuestra autoridad supervisora aqu\u00ed: <a href=\"https:\/\/uodo.gov.pl\/en\" target=\"_new\" rel=\"noopener\">UODO<\/a>.     <\/p>\n","protected":false},"excerpt":{"rendered":"<p>Pol\u00edtica de privacidad Esta Pol\u00edtica de Privacidad describe c\u00f3mo ToripuruShop.com (el \u00abSitio\u00bb o \u00abnosotros\u00bb) recopila, utiliza y divulga tu Informaci\u00f3n Personal cuando visitas o realizas una compra en el Sitio. Recogida de informaci\u00f3n personal Cuando visitas el Sitio, recopilamos cierta informaci\u00f3n sobre tu dispositivo, tu interacci\u00f3n con el Sitio y la informaci\u00f3n necesaria para procesar [&hellip;]<\/p>\n","protected":false},"author":1,"featured_media":0,"parent":0,"menu_order":0,"comment_status":"closed","ping_status":"closed","template":"","meta":{"_acf_changed":false,"inline_featured_image":false,"footnotes":""},"class_list":["post-11917","page","type-page","status-publish","hentry"],"acf":[],"yoast_head":"<!-- This site is optimized with the Yoast SEO plugin v26.8 - https:\/\/yoast.com\/product\/yoast-seo-wordpress\/ -->\n<title>Pol\u00edtica de privacidad - Tori Puru<\/title>\n<meta name=\"robots\" content=\"index, follow, max-snippet:-1, max-image-preview:large, max-video-preview:-1\" \/>\n<link rel=\"canonical\" href=\"https:\/\/toripuru.shop\/es\/politica-de-privacidad\/\" \/>\n<meta property=\"og:locale\" content=\"es_ES\" \/>\n<meta property=\"og:type\" content=\"article\" \/>\n<meta property=\"og:title\" content=\"Pol\u00edtica de privacidad - Tori Puru\" \/>\n<meta property=\"og:description\" content=\"Pol\u00edtica de privacidad Esta Pol\u00edtica de Privacidad describe c\u00f3mo ToripuruShop.com (el \u00abSitio\u00bb o \u00abnosotros\u00bb) recopila, utiliza y divulga tu Informaci\u00f3n Personal cuando visitas o realizas una compra en el Sitio. Recogida de informaci\u00f3n personal Cuando visitas el Sitio, recopilamos cierta informaci\u00f3n sobre tu dispositivo, tu interacci\u00f3n con el Sitio y la informaci\u00f3n necesaria para procesar [&hellip;]\" \/>\n<meta property=\"og:url\" content=\"https:\/\/toripuru.shop\/es\/politica-de-privacidad\/\" \/>\n<meta property=\"og:site_name\" content=\"Tori Puru\" \/>\n<meta property=\"article:publisher\" content=\"https:\/\/www.facebook.com\/people\/Tori-Puru\/61554449463733\/\" \/>\n<meta property=\"article:modified_time\" content=\"2024-08-22T15:16:52+00:00\" \/>\n<meta name=\"twitter:card\" content=\"summary_large_image\" \/>\n<meta name=\"twitter:label1\" content=\"Tiempo de lectura\" \/>\n\t<meta name=\"twitter:data1\" content=\"10 minutos\" \/>\n<script type=\"application\/ld+json\" class=\"yoast-schema-graph\">{\"@context\":\"https:\/\/schema.org\",\"@graph\":[{\"@type\":\"WebPage\",\"@id\":\"https:\/\/toripuru.shop\/es\/politica-de-privacidad\/\",\"url\":\"https:\/\/toripuru.shop\/es\/politica-de-privacidad\/\",\"name\":\"Pol\u00edtica de privacidad - Tori Puru\",\"isPartOf\":{\"@id\":\"https:\/\/toripuru.shop\/es\/#website\"},\"datePublished\":\"2021-06-04T03:34:43+00:00\",\"dateModified\":\"2024-08-22T15:16:52+00:00\",\"breadcrumb\":{\"@id\":\"https:\/\/toripuru.shop\/es\/politica-de-privacidad\/#breadcrumb\"},\"inLanguage\":\"es\",\"potentialAction\":[{\"@type\":\"ReadAction\",\"target\":[\"https:\/\/toripuru.shop\/es\/politica-de-privacidad\/\"]}]},{\"@type\":\"BreadcrumbList\",\"@id\":\"https:\/\/toripuru.shop\/es\/politica-de-privacidad\/#breadcrumb\",\"itemListElement\":[{\"@type\":\"ListItem\",\"position\":1,\"name\":\"Home\",\"item\":\"https:\/\/toripuru.shop\/es\/\"},{\"@type\":\"ListItem\",\"position\":2,\"name\":\"Pol\u00edtica de privacidad\"}]},{\"@type\":\"WebSite\",\"@id\":\"https:\/\/toripuru.shop\/es\/#website\",\"url\":\"https:\/\/toripuru.shop\/es\/\",\"name\":\"Tori Puru\",\"description\":\"Designed with care and love\",\"publisher\":{\"@id\":\"https:\/\/toripuru.shop\/es\/#organization\"},\"potentialAction\":[{\"@type\":\"SearchAction\",\"target\":{\"@type\":\"EntryPoint\",\"urlTemplate\":\"https:\/\/toripuru.shop\/es\/?s={search_term_string}\"},\"query-input\":{\"@type\":\"PropertyValueSpecification\",\"valueRequired\":true,\"valueName\":\"search_term_string\"}}],\"inLanguage\":\"es\"},{\"@type\":\"Organization\",\"@id\":\"https:\/\/toripuru.shop\/es\/#organization\",\"name\":\"Tori Puru - Premium Quality Costum Made Furniture in Marbella\",\"url\":\"https:\/\/toripuru.shop\/es\/\",\"logo\":{\"@type\":\"ImageObject\",\"inLanguage\":\"es\",\"@id\":\"https:\/\/toripuru.shop\/es\/#\/schema\/logo\/image\/\",\"url\":\"https:\/\/toripuru.shop\/wp-content\/uploads\/2024\/05\/cropped-ToriPuruLogo-grey.png\",\"contentUrl\":\"https:\/\/toripuru.shop\/wp-content\/uploads\/2024\/05\/cropped-ToriPuruLogo-grey.png\",\"width\":3477,\"height\":2318,\"caption\":\"Tori Puru - Premium Quality Costum Made Furniture in Marbella\"},\"image\":{\"@id\":\"https:\/\/toripuru.shop\/es\/#\/schema\/logo\/image\/\"},\"sameAs\":[\"https:\/\/www.facebook.com\/people\/Tori-Puru\/61554449463733\/\",\"https:\/\/www.instagram.com\/toripuru_eu\",\"https:\/\/www.tiktok.com\/@toripuru.eu\"]}]}<\/script>\n<!-- \/ Yoast SEO plugin. -->","yoast_head_json":{"title":"Pol\u00edtica de privacidad - Tori Puru","robots":{"index":"index","follow":"follow","max-snippet":"max-snippet:-1","max-image-preview":"max-image-preview:large","max-video-preview":"max-video-preview:-1"},"canonical":"https:\/\/toripuru.shop\/es\/politica-de-privacidad\/","og_locale":"es_ES","og_type":"article","og_title":"Pol\u00edtica de privacidad - Tori Puru","og_description":"Pol\u00edtica de privacidad Esta Pol\u00edtica de Privacidad describe c\u00f3mo ToripuruShop.com (el \u00abSitio\u00bb o \u00abnosotros\u00bb) recopila, utiliza y divulga tu Informaci\u00f3n Personal cuando visitas o realizas una compra en el Sitio. Recogida de informaci\u00f3n personal Cuando visitas el Sitio, recopilamos cierta informaci\u00f3n sobre tu dispositivo, tu interacci\u00f3n con el Sitio y la informaci\u00f3n necesaria para procesar [&hellip;]","og_url":"https:\/\/toripuru.shop\/es\/politica-de-privacidad\/","og_site_name":"Tori Puru","article_publisher":"https:\/\/www.facebook.com\/people\/Tori-Puru\/61554449463733\/","article_modified_time":"2024-08-22T15:16:52+00:00","twitter_card":"summary_large_image","twitter_misc":{"Tiempo de lectura":"10 minutos"},"schema":{"@context":"https:\/\/schema.org","@graph":[{"@type":"WebPage","@id":"https:\/\/toripuru.shop\/es\/politica-de-privacidad\/","url":"https:\/\/toripuru.shop\/es\/politica-de-privacidad\/","name":"Pol\u00edtica de privacidad - Tori Puru","isPartOf":{"@id":"https:\/\/toripuru.shop\/es\/#website"},"datePublished":"2021-06-04T03:34:43+00:00","dateModified":"2024-08-22T15:16:52+00:00","breadcrumb":{"@id":"https:\/\/toripuru.shop\/es\/politica-de-privacidad\/#breadcrumb"},"inLanguage":"es","potentialAction":[{"@type":"ReadAction","target":["https:\/\/toripuru.shop\/es\/politica-de-privacidad\/"]}]},{"@type":"BreadcrumbList","@id":"https:\/\/toripuru.shop\/es\/politica-de-privacidad\/#breadcrumb","itemListElement":[{"@type":"ListItem","position":1,"name":"Home","item":"https:\/\/toripuru.shop\/es\/"},{"@type":"ListItem","position":2,"name":"Pol\u00edtica de privacidad"}]},{"@type":"WebSite","@id":"https:\/\/toripuru.shop\/es\/#website","url":"https:\/\/toripuru.shop\/es\/","name":"Tori Puru","description":"Designed with care and love","publisher":{"@id":"https:\/\/toripuru.shop\/es\/#organization"},"potentialAction":[{"@type":"SearchAction","target":{"@type":"EntryPoint","urlTemplate":"https:\/\/toripuru.shop\/es\/?s={search_term_string}"},"query-input":{"@type":"PropertyValueSpecification","valueRequired":true,"valueName":"search_term_string"}}],"inLanguage":"es"},{"@type":"Organization","@id":"https:\/\/toripuru.shop\/es\/#organization","name":"Tori Puru - Premium Quality Costum Made Furniture in Marbella","url":"https:\/\/toripuru.shop\/es\/","logo":{"@type":"ImageObject","inLanguage":"es","@id":"https:\/\/toripuru.shop\/es\/#\/schema\/logo\/image\/","url":"https:\/\/toripuru.shop\/wp-content\/uploads\/2024\/05\/cropped-ToriPuruLogo-grey.png","contentUrl":"https:\/\/toripuru.shop\/wp-content\/uploads\/2024\/05\/cropped-ToriPuruLogo-grey.png","width":3477,"height":2318,"caption":"Tori Puru - Premium Quality Costum Made Furniture in Marbella"},"image":{"@id":"https:\/\/toripuru.shop\/es\/#\/schema\/logo\/image\/"},"sameAs":["https:\/\/www.facebook.com\/people\/Tori-Puru\/61554449463733\/","https:\/\/www.instagram.com\/toripuru_eu","https:\/\/www.tiktok.com\/@toripuru.eu"]}]}},"_links":{"self":[{"href":"https:\/\/toripuru.shop\/es\/wp-json\/wp\/v2\/pages\/11917","targetHints":{"allow":["GET"]}}],"collection":[{"href":"https:\/\/toripuru.shop\/es\/wp-json\/wp\/v2\/pages"}],"about":[{"href":"https:\/\/toripuru.shop\/es\/wp-json\/wp\/v2\/types\/page"}],"author":[{"embeddable":true,"href":"https:\/\/toripuru.shop\/es\/wp-json\/wp\/v2\/users\/1"}],"replies":[{"embeddable":true,"href":"https:\/\/toripuru.shop\/es\/wp-json\/wp\/v2\/comments?post=11917"}],"version-history":[{"count":1,"href":"https:\/\/toripuru.shop\/es\/wp-json\/wp\/v2\/pages\/11917\/revisions"}],"predecessor-version":[{"id":13073,"href":"https:\/\/toripuru.shop\/es\/wp-json\/wp\/v2\/pages\/11917\/revisions\/13073"}],"wp:attachment":[{"href":"https:\/\/toripuru.shop\/es\/wp-json\/wp\/v2\/media?parent=11917"}],"curies":[{"name":"wp","href":"https:\/\/api.w.org\/{rel}","templated":true}]}}