{"id":12194,"date":"2024-07-25T14:44:05","date_gmt":"2024-07-25T14:44:05","guid":{"rendered":"https:\/\/toripuru.shop\/politica-de-envios\/"},"modified":"2024-08-09T11:51:43","modified_gmt":"2024-08-09T11:51:43","slug":"politica-de-envios","status":"publish","type":"page","link":"https:\/\/toripuru.shop\/es\/politica-de-envios\/","title":{"rendered":"Pol\u00edtica de env\u00edos"},"content":{"rendered":"<div class=\"flex-shrink-0 flex flex-col relative items-end\">\n<div>\n<div class=\"pt-0.5\">\n<div class=\"gizmo-shadow-stroke flex h-6 w-6 items-center justify-center overflow-hidden rounded-full\">\n<p style=\"font-weight: 400;\">POL\u00cdTICA DE ENV\u00cdOS<\/p>\n<p style=\"font-weight: 400;\">Ofrecemos env\u00edo gratuito al territorio de la Uni\u00f3n Europea (\u00abUE\u00bb) para todos los productos de m\u00e1s de 200 euros.<br \/>\nEsto incluye Alemania, Austria, B\u00e9lgica, Bulgaria, Croacia, Dinamarca, Eslovaquia, Eslovenia, Espa\u00f1a, Estonia, Finlandia, Francia, Grecia, Hungr\u00eda, Irlanda, Italia, Letonia, Lituania, Luxemburgo, Malta, Pa\u00edses Bajos, Polonia, Portugal, Rep\u00fablica Checa, Ruman\u00eda y Suecia. <\/p>\n<p style=\"font-weight: 400;\">Para el env\u00edo de productos de menos de 200 euros cobraremos una tarifa plana de 25 euros.<\/p>\n<p style=\"font-weight: 400;\">El env\u00edo a territorios de ultramar no es gratuito.<br \/>\nCobraremos una tarifa plana de 50 euros por el env\u00edo a las Regiones Ultraperif\u00e9ricas de la UE (\u00abRUP\u00bb) y esto se aplica a Guayana Francesa, Guadalupe, Martinica, Mayotte, Isla Reuni\u00f3n y San Mart\u00edn (Francia), Azores y Madeira (Portugal), y las Islas Canarias (Espa\u00f1a).<br \/>\nEsta tarifa est\u00e1 sujeta a cambios sin previo aviso y depende de los servicios de entrega de paquetes.<br \/>\nEl comprador es responsable de los derechos de importaci\u00f3n o grav\u00e1menes aplicados en cualquiera de estos territorios.   <\/p>\n<p style=\"font-weight: 400;\">No realizamos env\u00edos fuera de la UE.<br \/>\nEsto se aplica tambi\u00e9n a los Pa\u00edses y Territorios de Ultramar (\u00abPTU\u00bb) de la UE, incluidos Aruba (NL), Bonaire (NL), Cura\u00e7\u00e3o (NL), Polinesia Francesa (FR), Territorios Australes y Ant\u00e1rticos Franceses (FR), Groenlandia (DK), Nueva Caledonia y dependencias (FR), Saba (NL), San Bartolom\u00e9 (FR), San Eustaquio (NL), San Mart\u00edn (NL), San Pedro y Miquel\u00f3n (FR), Wallis y Futuna (FR). Pierre y Miquel\u00f3n (FR), Islas Wallis y Futuna (FR).<br \/>\nNo obstante, si est\u00e1s interesado en el env\u00edo de algunos productos concretos, ponte en contacto con nosotros: <a href=\"mailto:contact@toripuru.eu\">contact@toripuru.eu<\/a>  <\/p>\n<p style=\"font-weight: 400;\">\n<\/div>\n<\/div>\n<\/div>\n<\/div>\n","protected":false},"excerpt":{"rendered":"<p>POL\u00cdTICA DE ENV\u00cdOS Ofrecemos env\u00edo gratuito al territorio de la Uni\u00f3n Europea (\u00abUE\u00bb) para todos los productos de m\u00e1s de 200 euros. Esto incluye Alemania, Austria, B\u00e9lgica, Bulgaria, Croacia, Dinamarca, Eslovaquia, Eslovenia, Espa\u00f1a, Estonia, Finlandia, Francia, Grecia, Hungr\u00eda, Irlanda, Italia, Letonia, Lituania, Luxemburgo, Malta, Pa\u00edses Bajos, Polonia, Portugal, Rep\u00fablica Checa, Ruman\u00eda y Suecia. Para el [&hellip;]<\/p>\n","protected":false},"author":1,"featured_media":0,"parent":0,"menu_order":0,"comment_status":"closed","ping_status":"closed","template":"","meta":{"_acf_changed":false,"inline_featured_image":false,"footnotes":""},"class_list":["post-12194","page","type-page","status-publish","hentry"],"acf":[],"yoast_head":"<!-- This site is optimized with the Yoast SEO plugin v26.8 - https:\/\/yoast.com\/product\/yoast-seo-wordpress\/ -->\n<title>Pol\u00edtica de env\u00edos - Tori Puru<\/title>\n<meta name=\"robots\" content=\"index, follow, max-snippet:-1, max-image-preview:large, max-video-preview:-1\" \/>\n<link rel=\"canonical\" href=\"https:\/\/toripuru.shop\/es\/politica-de-envios\/\" \/>\n<meta property=\"og:locale\" content=\"es_ES\" \/>\n<meta property=\"og:type\" content=\"article\" \/>\n<meta property=\"og:title\" content=\"Pol\u00edtica de env\u00edos - Tori Puru\" \/>\n<meta property=\"og:description\" content=\"POL\u00cdTICA DE ENV\u00cdOS Ofrecemos env\u00edo gratuito al territorio de la Uni\u00f3n Europea (\u00abUE\u00bb) para todos los productos de m\u00e1s de 200 euros. Esto incluye Alemania, Austria, B\u00e9lgica, Bulgaria, Croacia, Dinamarca, Eslovaquia, Eslovenia, Espa\u00f1a, Estonia, Finlandia, Francia, Grecia, Hungr\u00eda, Irlanda, Italia, Letonia, Lituania, Luxemburgo, Malta, Pa\u00edses Bajos, Polonia, Portugal, Rep\u00fablica Checa, Ruman\u00eda y Suecia. Para el [&hellip;]\" \/>\n<meta property=\"og:url\" content=\"https:\/\/toripuru.shop\/es\/politica-de-envios\/\" \/>\n<meta property=\"og:site_name\" content=\"Tori Puru\" \/>\n<meta property=\"article:publisher\" content=\"https:\/\/www.facebook.com\/people\/Tori-Puru\/61554449463733\/\" \/>\n<meta property=\"article:modified_time\" content=\"2024-08-09T11:51:43+00:00\" \/>\n<meta name=\"twitter:card\" content=\"summary_large_image\" \/>\n<meta name=\"twitter:label1\" content=\"Tiempo de lectura\" \/>\n\t<meta name=\"twitter:data1\" content=\"1 minuto\" \/>\n<script type=\"application\/ld+json\" class=\"yoast-schema-graph\">{\"@context\":\"https:\/\/schema.org\",\"@graph\":[{\"@type\":\"WebPage\",\"@id\":\"https:\/\/toripuru.shop\/es\/politica-de-envios\/\",\"url\":\"https:\/\/toripuru.shop\/es\/politica-de-envios\/\",\"name\":\"Pol\u00edtica de env\u00edos - Tori Puru\",\"isPartOf\":{\"@id\":\"https:\/\/toripuru.shop\/es\/#website\"},\"datePublished\":\"2024-07-25T14:44:05+00:00\",\"dateModified\":\"2024-08-09T11:51:43+00:00\",\"breadcrumb\":{\"@id\":\"https:\/\/toripuru.shop\/es\/politica-de-envios\/#breadcrumb\"},\"inLanguage\":\"es\",\"potentialAction\":[{\"@type\":\"ReadAction\",\"target\":[\"https:\/\/toripuru.shop\/es\/politica-de-envios\/\"]}]},{\"@type\":\"BreadcrumbList\",\"@id\":\"https:\/\/toripuru.shop\/es\/politica-de-envios\/#breadcrumb\",\"itemListElement\":[{\"@type\":\"ListItem\",\"position\":1,\"name\":\"Home\",\"item\":\"https:\/\/toripuru.shop\/es\/\"},{\"@type\":\"ListItem\",\"position\":2,\"name\":\"Pol\u00edtica de env\u00edos\"}]},{\"@type\":\"WebSite\",\"@id\":\"https:\/\/toripuru.shop\/es\/#website\",\"url\":\"https:\/\/toripuru.shop\/es\/\",\"name\":\"Tori Puru\",\"description\":\"Designed with care and love\",\"publisher\":{\"@id\":\"https:\/\/toripuru.shop\/es\/#organization\"},\"potentialAction\":[{\"@type\":\"SearchAction\",\"target\":{\"@type\":\"EntryPoint\",\"urlTemplate\":\"https:\/\/toripuru.shop\/es\/?s={search_term_string}\"},\"query-input\":{\"@type\":\"PropertyValueSpecification\",\"valueRequired\":true,\"valueName\":\"search_term_string\"}}],\"inLanguage\":\"es\"},{\"@type\":\"Organization\",\"@id\":\"https:\/\/toripuru.shop\/es\/#organization\",\"name\":\"Tori Puru - Premium Quality Costum Made Furniture in Marbella\",\"url\":\"https:\/\/toripuru.shop\/es\/\",\"logo\":{\"@type\":\"ImageObject\",\"inLanguage\":\"es\",\"@id\":\"https:\/\/toripuru.shop\/es\/#\/schema\/logo\/image\/\",\"url\":\"https:\/\/toripuru.shop\/wp-content\/uploads\/2024\/05\/cropped-ToriPuruLogo-grey.png\",\"contentUrl\":\"https:\/\/toripuru.shop\/wp-content\/uploads\/2024\/05\/cropped-ToriPuruLogo-grey.png\",\"width\":3477,\"height\":2318,\"caption\":\"Tori Puru - Premium Quality Costum Made Furniture in Marbella\"},\"image\":{\"@id\":\"https:\/\/toripuru.shop\/es\/#\/schema\/logo\/image\/\"},\"sameAs\":[\"https:\/\/www.facebook.com\/people\/Tori-Puru\/61554449463733\/\",\"https:\/\/www.instagram.com\/toripuru_eu\",\"https:\/\/www.tiktok.com\/@toripuru.eu\"]}]}<\/script>\n<!-- \/ Yoast SEO plugin. -->","yoast_head_json":{"title":"Pol\u00edtica de env\u00edos - Tori Puru","robots":{"index":"index","follow":"follow","max-snippet":"max-snippet:-1","max-image-preview":"max-image-preview:large","max-video-preview":"max-video-preview:-1"},"canonical":"https:\/\/toripuru.shop\/es\/politica-de-envios\/","og_locale":"es_ES","og_type":"article","og_title":"Pol\u00edtica de env\u00edos - Tori Puru","og_description":"POL\u00cdTICA DE ENV\u00cdOS Ofrecemos env\u00edo gratuito al territorio de la Uni\u00f3n Europea (\u00abUE\u00bb) para todos los productos de m\u00e1s de 200 euros. Esto incluye Alemania, Austria, B\u00e9lgica, Bulgaria, Croacia, Dinamarca, Eslovaquia, Eslovenia, Espa\u00f1a, Estonia, Finlandia, Francia, Grecia, Hungr\u00eda, Irlanda, Italia, Letonia, Lituania, Luxemburgo, Malta, Pa\u00edses Bajos, Polonia, Portugal, Rep\u00fablica Checa, Ruman\u00eda y Suecia. Para el [&hellip;]","og_url":"https:\/\/toripuru.shop\/es\/politica-de-envios\/","og_site_name":"Tori Puru","article_publisher":"https:\/\/www.facebook.com\/people\/Tori-Puru\/61554449463733\/","article_modified_time":"2024-08-09T11:51:43+00:00","twitter_card":"summary_large_image","twitter_misc":{"Tiempo de lectura":"1 minuto"},"schema":{"@context":"https:\/\/schema.org","@graph":[{"@type":"WebPage","@id":"https:\/\/toripuru.shop\/es\/politica-de-envios\/","url":"https:\/\/toripuru.shop\/es\/politica-de-envios\/","name":"Pol\u00edtica de env\u00edos - Tori Puru","isPartOf":{"@id":"https:\/\/toripuru.shop\/es\/#website"},"datePublished":"2024-07-25T14:44:05+00:00","dateModified":"2024-08-09T11:51:43+00:00","breadcrumb":{"@id":"https:\/\/toripuru.shop\/es\/politica-de-envios\/#breadcrumb"},"inLanguage":"es","potentialAction":[{"@type":"ReadAction","target":["https:\/\/toripuru.shop\/es\/politica-de-envios\/"]}]},{"@type":"BreadcrumbList","@id":"https:\/\/toripuru.shop\/es\/politica-de-envios\/#breadcrumb","itemListElement":[{"@type":"ListItem","position":1,"name":"Home","item":"https:\/\/toripuru.shop\/es\/"},{"@type":"ListItem","position":2,"name":"Pol\u00edtica de env\u00edos"}]},{"@type":"WebSite","@id":"https:\/\/toripuru.shop\/es\/#website","url":"https:\/\/toripuru.shop\/es\/","name":"Tori Puru","description":"Designed with care and love","publisher":{"@id":"https:\/\/toripuru.shop\/es\/#organization"},"potentialAction":[{"@type":"SearchAction","target":{"@type":"EntryPoint","urlTemplate":"https:\/\/toripuru.shop\/es\/?s={search_term_string}"},"query-input":{"@type":"PropertyValueSpecification","valueRequired":true,"valueName":"search_term_string"}}],"inLanguage":"es"},{"@type":"Organization","@id":"https:\/\/toripuru.shop\/es\/#organization","name":"Tori Puru - Premium Quality Costum Made Furniture in Marbella","url":"https:\/\/toripuru.shop\/es\/","logo":{"@type":"ImageObject","inLanguage":"es","@id":"https:\/\/toripuru.shop\/es\/#\/schema\/logo\/image\/","url":"https:\/\/toripuru.shop\/wp-content\/uploads\/2024\/05\/cropped-ToriPuruLogo-grey.png","contentUrl":"https:\/\/toripuru.shop\/wp-content\/uploads\/2024\/05\/cropped-ToriPuruLogo-grey.png","width":3477,"height":2318,"caption":"Tori Puru - Premium Quality Costum Made Furniture in Marbella"},"image":{"@id":"https:\/\/toripuru.shop\/es\/#\/schema\/logo\/image\/"},"sameAs":["https:\/\/www.facebook.com\/people\/Tori-Puru\/61554449463733\/","https:\/\/www.instagram.com\/toripuru_eu","https:\/\/www.tiktok.com\/@toripuru.eu"]}]}},"_links":{"self":[{"href":"https:\/\/toripuru.shop\/es\/wp-json\/wp\/v2\/pages\/12194","targetHints":{"allow":["GET"]}}],"collection":[{"href":"https:\/\/toripuru.shop\/es\/wp-json\/wp\/v2\/pages"}],"about":[{"href":"https:\/\/toripuru.shop\/es\/wp-json\/wp\/v2\/types\/page"}],"author":[{"embeddable":true,"href":"https:\/\/toripuru.shop\/es\/wp-json\/wp\/v2\/users\/1"}],"replies":[{"embeddable":true,"href":"https:\/\/toripuru.shop\/es\/wp-json\/wp\/v2\/comments?post=12194"}],"version-history":[{"count":4,"href":"https:\/\/toripuru.shop\/es\/wp-json\/wp\/v2\/pages\/12194\/revisions"}],"predecessor-version":[{"id":12923,"href":"https:\/\/toripuru.shop\/es\/wp-json\/wp\/v2\/pages\/12194\/revisions\/12923"}],"wp:attachment":[{"href":"https:\/\/toripuru.shop\/es\/wp-json\/wp\/v2\/media?parent=12194"}],"curies":[{"name":"wp","href":"https:\/\/api.w.org\/{rel}","templated":true}]}}