{"id":11095,"date":"2024-02-20T09:34:24","date_gmt":"2024-02-20T09:34:24","guid":{"rendered":"https:\/\/toripuru.shop\/product\/bed-bonbon\/"},"modified":"2024-08-09T12:49:01","modified_gmt":"2024-08-09T12:49:01","slug":"bed-bonbon","status":"publish","type":"product","link":"https:\/\/toripuru.shop\/es\/producto\/bed-bonbon\/","title":{"rendered":"Cuna Bonbons"},"content":{"rendered":"","protected":false},"excerpt":{"rendered":"<p>Nuestra cuna presenta un dise\u00f1o atemporal, fomentando un v\u00ednculo estrecho entre padres e hijos con su disposici\u00f3n ergon\u00f3mica Con ajustes de altura ilimitados y cuatro barras extra\u00edbles, la cuna crece con tu hijo, durando hasta 3 a\u00f1os.<br \/>\nNuestra cuna viene con un colch\u00f3n ortop\u00e9dico DUAL de 2 caras.<br \/>\nLa cuna Bonbons es muy f\u00e1cil de montar, uno de los padres puede montarla solo en unos minutos. Por favor, mira nuestro v\u00eddeo aqu\u00ed. Incorporando tornillos ocultos, nuestra cama presume de un dis e\u00f1o elegante y exclusivo, una firma distintiva de Tori Puru.<\/p>\n","protected":false},"featured_media":11734,"comment_status":"closed","ping_status":"closed","template":"","meta":{"_acf_changed":false,"inline_featured_image":false},"product_cat":[133,195,196],"product_tag":[],"class_list":{"0":"post-11095","1":"product","2":"type-product","3":"status-publish","4":"has-post-thumbnail","6":"product_cat-nuevo","7":"product_cat-es-bonbons","8":"product_cat-camas","10":"first","11":"instock","12":"shipping-taxable","13":"purchasable","14":"product-type-variable","15":"has-default-attributes"},"acf":[],"yoast_head":"<!-- This site is optimized with the Yoast SEO plugin v26.8 - https:\/\/yoast.com\/product\/yoast-seo-wordpress\/ -->\n<title>Cuna Bonbons - Tori Puru<\/title>\n<meta name=\"robots\" content=\"noindex, nofollow\" \/>\n<meta property=\"og:locale\" content=\"es_ES\" \/>\n<meta property=\"og:type\" content=\"article\" \/>\n<meta property=\"og:title\" content=\"Cuna Bonbons - Tori Puru\" \/>\n<meta property=\"og:description\" content=\"Nuestra cuna presenta un dise\u00f1o atemporal, fomentando un v\u00ednculo estrecho entre padres e hijos con su disposici\u00f3n ergon\u00f3mica Con ajustes de altura ilimitados y cuatro barras extra\u00edbles, la cuna crece con tu hijo, durando hasta 3 a\u00f1os. Nuestra cuna viene con un colch\u00f3n ortop\u00e9dico DUAL de 2 caras. La cuna Bonbons es muy f\u00e1cil de montar, uno de los padres puede montarla solo en unos minutos. Por favor, mira nuestro v\u00eddeo aqu\u00ed. Incorporando tornillos ocultos, nuestra cama presume de un dis e\u00f1o elegante y exclusivo, una firma distintiva de Tori Puru.\" \/>\n<meta property=\"og:url\" content=\"https:\/\/toripuru.shop\/es\/producto\/bed-bonbon\/\" \/>\n<meta property=\"og:site_name\" content=\"Tori Puru\" \/>\n<meta property=\"article:publisher\" content=\"https:\/\/www.facebook.com\/people\/Tori-Puru\/61554449463733\/\" \/>\n<meta property=\"article:modified_time\" content=\"2024-08-09T12:49:01+00:00\" \/>\n<meta property=\"og:image\" content=\"https:\/\/toripuru.shop\/wp-content\/uploads\/2024\/02\/1-IMG_3221-\u2014-1.jpg\" \/>\n\t<meta property=\"og:image:width\" content=\"1700\" \/>\n\t<meta property=\"og:image:height\" content=\"1700\" \/>\n\t<meta property=\"og:image:type\" content=\"image\/jpeg\" \/>\n<meta name=\"twitter:card\" content=\"summary_large_image\" \/>\n<meta name=\"twitter:label1\" content=\"Tiempo de lectura\" \/>\n\t<meta name=\"twitter:data1\" content=\"1 minuto\" \/>\n<script type=\"application\/ld+json\" class=\"yoast-schema-graph\">{\"@context\":\"https:\/\/schema.org\",\"@graph\":[{\"@type\":\"WebPage\",\"@id\":\"https:\/\/toripuru.shop\/es\/producto\/bed-bonbon\/\",\"url\":\"https:\/\/toripuru.shop\/es\/producto\/bed-bonbon\/\",\"name\":\"Cuna Bonbons - Tori Puru\",\"isPartOf\":{\"@id\":\"https:\/\/toripuru.shop\/es\/#website\"},\"primaryImageOfPage\":{\"@id\":\"https:\/\/toripuru.shop\/es\/producto\/bed-bonbon\/#primaryimage\"},\"image\":{\"@id\":\"https:\/\/toripuru.shop\/es\/producto\/bed-bonbon\/#primaryimage\"},\"thumbnailUrl\":\"https:\/\/toripuru.shop\/wp-content\/uploads\/2024\/02\/1-IMG_3221-\u2014-1.jpg\",\"datePublished\":\"2024-02-20T09:34:24+00:00\",\"dateModified\":\"2024-08-09T12:49:01+00:00\",\"breadcrumb\":{\"@id\":\"https:\/\/toripuru.shop\/es\/producto\/bed-bonbon\/#breadcrumb\"},\"inLanguage\":\"es\",\"potentialAction\":[{\"@type\":\"ReadAction\",\"target\":[\"https:\/\/toripuru.shop\/es\/producto\/bed-bonbon\/\"]}]},{\"@type\":\"ImageObject\",\"inLanguage\":\"es\",\"@id\":\"https:\/\/toripuru.shop\/es\/producto\/bed-bonbon\/#primaryimage\",\"url\":\"https:\/\/toripuru.shop\/wp-content\/uploads\/2024\/02\/1-IMG_3221-\u2014-1.jpg\",\"contentUrl\":\"https:\/\/toripuru.shop\/wp-content\/uploads\/2024\/02\/1-IMG_3221-\u2014-1.jpg\",\"width\":1700,\"height\":1700},{\"@type\":\"BreadcrumbList\",\"@id\":\"https:\/\/toripuru.shop\/es\/producto\/bed-bonbon\/#breadcrumb\",\"itemListElement\":[{\"@type\":\"ListItem\",\"position\":1,\"name\":\"Home\",\"item\":\"https:\/\/toripuru.shop\/es\/\"},{\"@type\":\"ListItem\",\"position\":2,\"name\":\"Tienda\",\"item\":\"https:\/\/toripuru.shop\/es\/tienda-2\/\"},{\"@type\":\"ListItem\",\"position\":3,\"name\":\"Cuna Bonbons\"}]},{\"@type\":\"WebSite\",\"@id\":\"https:\/\/toripuru.shop\/es\/#website\",\"url\":\"https:\/\/toripuru.shop\/es\/\",\"name\":\"Tori Puru\",\"description\":\"Designed with care and love\",\"publisher\":{\"@id\":\"https:\/\/toripuru.shop\/es\/#organization\"},\"potentialAction\":[{\"@type\":\"SearchAction\",\"target\":{\"@type\":\"EntryPoint\",\"urlTemplate\":\"https:\/\/toripuru.shop\/es\/?s={search_term_string}\"},\"query-input\":{\"@type\":\"PropertyValueSpecification\",\"valueRequired\":true,\"valueName\":\"search_term_string\"}}],\"inLanguage\":\"es\"},{\"@type\":\"Organization\",\"@id\":\"https:\/\/toripuru.shop\/es\/#organization\",\"name\":\"Tori Puru - Premium Quality Costum Made Furniture in Marbella\",\"url\":\"https:\/\/toripuru.shop\/es\/\",\"logo\":{\"@type\":\"ImageObject\",\"inLanguage\":\"es\",\"@id\":\"https:\/\/toripuru.shop\/es\/#\/schema\/logo\/image\/\",\"url\":\"https:\/\/toripuru.shop\/wp-content\/uploads\/2024\/05\/cropped-ToriPuruLogo-grey.png\",\"contentUrl\":\"https:\/\/toripuru.shop\/wp-content\/uploads\/2024\/05\/cropped-ToriPuruLogo-grey.png\",\"width\":3477,\"height\":2318,\"caption\":\"Tori Puru - Premium Quality Costum Made Furniture in Marbella\"},\"image\":{\"@id\":\"https:\/\/toripuru.shop\/es\/#\/schema\/logo\/image\/\"},\"sameAs\":[\"https:\/\/www.facebook.com\/people\/Tori-Puru\/61554449463733\/\",\"https:\/\/www.instagram.com\/toripuru_eu\",\"https:\/\/www.tiktok.com\/@toripuru.eu\"]}]}<\/script>\n<!-- \/ Yoast SEO plugin. -->","yoast_head_json":{"title":"Cuna Bonbons - Tori Puru","robots":{"index":"noindex","follow":"nofollow"},"og_locale":"es_ES","og_type":"article","og_title":"Cuna Bonbons - Tori Puru","og_description":"Nuestra cuna presenta un dise\u00f1o atemporal, fomentando un v\u00ednculo estrecho entre padres e hijos con su disposici\u00f3n ergon\u00f3mica Con ajustes de altura ilimitados y cuatro barras extra\u00edbles, la cuna crece con tu hijo, durando hasta 3 a\u00f1os. Nuestra cuna viene con un colch\u00f3n ortop\u00e9dico DUAL de 2 caras. La cuna Bonbons es muy f\u00e1cil de montar, uno de los padres puede montarla solo en unos minutos. Por favor, mira nuestro v\u00eddeo aqu\u00ed. Incorporando tornillos ocultos, nuestra cama presume de un dis e\u00f1o elegante y exclusivo, una firma distintiva de Tori Puru.","og_url":"https:\/\/toripuru.shop\/es\/producto\/bed-bonbon\/","og_site_name":"Tori Puru","article_publisher":"https:\/\/www.facebook.com\/people\/Tori-Puru\/61554449463733\/","article_modified_time":"2024-08-09T12:49:01+00:00","og_image":[{"width":1700,"height":1700,"url":"https:\/\/toripuru.shop\/wp-content\/uploads\/2024\/02\/1-IMG_3221-\u2014-1.jpg","type":"image\/jpeg"}],"twitter_card":"summary_large_image","twitter_misc":{"Tiempo de lectura":"1 minuto"},"schema":{"@context":"https:\/\/schema.org","@graph":[{"@type":"WebPage","@id":"https:\/\/toripuru.shop\/es\/producto\/bed-bonbon\/","url":"https:\/\/toripuru.shop\/es\/producto\/bed-bonbon\/","name":"Cuna Bonbons - Tori Puru","isPartOf":{"@id":"https:\/\/toripuru.shop\/es\/#website"},"primaryImageOfPage":{"@id":"https:\/\/toripuru.shop\/es\/producto\/bed-bonbon\/#primaryimage"},"image":{"@id":"https:\/\/toripuru.shop\/es\/producto\/bed-bonbon\/#primaryimage"},"thumbnailUrl":"https:\/\/toripuru.shop\/wp-content\/uploads\/2024\/02\/1-IMG_3221-\u2014-1.jpg","datePublished":"2024-02-20T09:34:24+00:00","dateModified":"2024-08-09T12:49:01+00:00","breadcrumb":{"@id":"https:\/\/toripuru.shop\/es\/producto\/bed-bonbon\/#breadcrumb"},"inLanguage":"es","potentialAction":[{"@type":"ReadAction","target":["https:\/\/toripuru.shop\/es\/producto\/bed-bonbon\/"]}]},{"@type":"ImageObject","inLanguage":"es","@id":"https:\/\/toripuru.shop\/es\/producto\/bed-bonbon\/#primaryimage","url":"https:\/\/toripuru.shop\/wp-content\/uploads\/2024\/02\/1-IMG_3221-\u2014-1.jpg","contentUrl":"https:\/\/toripuru.shop\/wp-content\/uploads\/2024\/02\/1-IMG_3221-\u2014-1.jpg","width":1700,"height":1700},{"@type":"BreadcrumbList","@id":"https:\/\/toripuru.shop\/es\/producto\/bed-bonbon\/#breadcrumb","itemListElement":[{"@type":"ListItem","position":1,"name":"Home","item":"https:\/\/toripuru.shop\/es\/"},{"@type":"ListItem","position":2,"name":"Tienda","item":"https:\/\/toripuru.shop\/es\/tienda-2\/"},{"@type":"ListItem","position":3,"name":"Cuna Bonbons"}]},{"@type":"WebSite","@id":"https:\/\/toripuru.shop\/es\/#website","url":"https:\/\/toripuru.shop\/es\/","name":"Tori Puru","description":"Designed with care and love","publisher":{"@id":"https:\/\/toripuru.shop\/es\/#organization"},"potentialAction":[{"@type":"SearchAction","target":{"@type":"EntryPoint","urlTemplate":"https:\/\/toripuru.shop\/es\/?s={search_term_string}"},"query-input":{"@type":"PropertyValueSpecification","valueRequired":true,"valueName":"search_term_string"}}],"inLanguage":"es"},{"@type":"Organization","@id":"https:\/\/toripuru.shop\/es\/#organization","name":"Tori Puru - Premium Quality Costum Made Furniture in Marbella","url":"https:\/\/toripuru.shop\/es\/","logo":{"@type":"ImageObject","inLanguage":"es","@id":"https:\/\/toripuru.shop\/es\/#\/schema\/logo\/image\/","url":"https:\/\/toripuru.shop\/wp-content\/uploads\/2024\/05\/cropped-ToriPuruLogo-grey.png","contentUrl":"https:\/\/toripuru.shop\/wp-content\/uploads\/2024\/05\/cropped-ToriPuruLogo-grey.png","width":3477,"height":2318,"caption":"Tori Puru - Premium Quality Costum Made Furniture in Marbella"},"image":{"@id":"https:\/\/toripuru.shop\/es\/#\/schema\/logo\/image\/"},"sameAs":["https:\/\/www.facebook.com\/people\/Tori-Puru\/61554449463733\/","https:\/\/www.instagram.com\/toripuru_eu","https:\/\/www.tiktok.com\/@toripuru.eu"]}]}},"_links":{"self":[{"href":"https:\/\/toripuru.shop\/es\/wp-json\/wp\/v2\/product\/11095","targetHints":{"allow":["GET"]}}],"collection":[{"href":"https:\/\/toripuru.shop\/es\/wp-json\/wp\/v2\/product"}],"about":[{"href":"https:\/\/toripuru.shop\/es\/wp-json\/wp\/v2\/types\/product"}],"replies":[{"embeddable":true,"href":"https:\/\/toripuru.shop\/es\/wp-json\/wp\/v2\/comments?post=11095"}],"version-history":[{"count":2,"href":"https:\/\/toripuru.shop\/es\/wp-json\/wp\/v2\/product\/11095\/revisions"}],"predecessor-version":[{"id":12888,"href":"https:\/\/toripuru.shop\/es\/wp-json\/wp\/v2\/product\/11095\/revisions\/12888"}],"wp:featuredmedia":[{"embeddable":true,"href":"https:\/\/toripuru.shop\/es\/wp-json\/wp\/v2\/media\/11734"}],"wp:attachment":[{"href":"https:\/\/toripuru.shop\/es\/wp-json\/wp\/v2\/media?parent=11095"}],"wp:term":[{"taxonomy":"product_cat","embeddable":true,"href":"https:\/\/toripuru.shop\/es\/wp-json\/wp\/v2\/product_cat?post=11095"},{"taxonomy":"product_tag","embeddable":true,"href":"https:\/\/toripuru.shop\/es\/wp-json\/wp\/v2\/product_tag?post=11095"}],"curies":[{"name":"wp","href":"https:\/\/api.w.org\/{rel}","templated":true}]}}