{"id":11098,"date":"2024-05-14T11:49:12","date_gmt":"2024-05-14T11:49:12","guid":{"rendered":"https:\/\/toripuru.shop\/product\/set-de-regalo-para-baby-shower\/"},"modified":"2024-08-09T12:33:10","modified_gmt":"2024-08-09T12:33:10","slug":"set-de-regalo-para-baby-shower","status":"publish","type":"product","link":"https:\/\/toripuru.shop\/es\/producto\/set-de-regalo-para-baby-shower\/","title":{"rendered":"Set de regalo para baby shower"},"content":{"rendered":"","protected":false},"excerpt":{"rendered":"<p style=\"font-weight: 400;\">Presentamos el paquete Tori Puru Baby Shower Bundle, el regalo perfecto para los nuevos padres.<br \/>\nEste elegante paquete incluye un fular de muselina de algod\u00f3n con inserciones doradas, una toalla de bamb\u00fa con capucha, un fular de bamb\u00fa y un juguete para beb\u00e9 hecho a mano.<br \/>\nCada art\u00edculo est\u00e1 elaborado con esmero y dise\u00f1ado para ofrecer comodidad y estilo.<br \/>\nTodos los productos vienen juntos en una elegante bolsa de algod\u00f3n con botones, lo que lo convierte en un regalo bonito y pr\u00e1ctico.<br \/>\nEste lote incluye nuestros art\u00edculos m\u00e1s vendidos, lo que garantiza calidad y placer para el beb\u00e9 y los padres.<br \/>\n\u00a1Celebra la llegada de un nuevo beb\u00e9 con el Lote de Baby Shower Tori Puru!<\/p>\n","protected":false},"featured_media":12387,"comment_status":"closed","ping_status":"closed","template":"","meta":{"_acf_changed":false,"inline_featured_image":false},"product_cat":[133,185,211],"product_tag":[],"class_list":{"0":"post-11098","1":"product","2":"type-product","3":"status-publish","4":"has-post-thumbnail","6":"product_cat-nuevo","7":"product_cat-conjuntos-baby-shower","8":"product_cat-mantas-textiles","10":"first","11":"instock","12":"shipping-taxable","13":"purchasable","14":"product-type-variable"},"acf":[],"yoast_head":"<!-- This site is optimized with the Yoast SEO plugin v26.8 - https:\/\/yoast.com\/product\/yoast-seo-wordpress\/ -->\n<title>Set de regalo para baby shower - Tori Puru<\/title>\n<meta name=\"robots\" content=\"noindex, nofollow\" \/>\n<meta property=\"og:locale\" content=\"es_ES\" \/>\n<meta property=\"og:type\" content=\"article\" \/>\n<meta property=\"og:title\" content=\"Set de regalo para baby shower - Tori Puru\" \/>\n<meta property=\"og:description\" content=\"Presentamos el paquete Tori Puru Baby Shower Bundle, el regalo perfecto para los nuevos padres. Este elegante paquete incluye un fular de muselina de algod\u00f3n con inserciones doradas, una toalla de bamb\u00fa con capucha, un fular de bamb\u00fa y un juguete para beb\u00e9 hecho a mano. Cada art\u00edculo est\u00e1 elaborado con esmero y dise\u00f1ado para ofrecer comodidad y estilo. Todos los productos vienen juntos en una elegante bolsa de algod\u00f3n con botones, lo que lo convierte en un regalo bonito y pr\u00e1ctico. Este lote incluye nuestros art\u00edculos m\u00e1s vendidos, lo que garantiza calidad y placer para el beb\u00e9 y los padres. \u00a1Celebra la llegada de un nuevo beb\u00e9 con el Lote de Baby Shower Tori Puru!\" \/>\n<meta property=\"og:url\" content=\"https:\/\/toripuru.shop\/es\/producto\/set-de-regalo-para-baby-shower\/\" \/>\n<meta property=\"og:site_name\" content=\"Tori Puru\" \/>\n<meta property=\"article:publisher\" content=\"https:\/\/www.facebook.com\/people\/Tori-Puru\/61554449463733\/\" \/>\n<meta property=\"article:modified_time\" content=\"2024-08-09T12:33:10+00:00\" \/>\n<meta property=\"og:image\" content=\"https:\/\/toripuru.shop\/wp-content\/uploads\/2024\/05\/1-SET.jpg\" \/>\n\t<meta property=\"og:image:width\" content=\"1920\" \/>\n\t<meta property=\"og:image:height\" content=\"1920\" \/>\n\t<meta property=\"og:image:type\" content=\"image\/jpeg\" \/>\n<meta name=\"twitter:card\" content=\"summary_large_image\" \/>\n<meta name=\"twitter:label1\" content=\"Tiempo de lectura\" \/>\n\t<meta name=\"twitter:data1\" content=\"1 minuto\" \/>\n<script type=\"application\/ld+json\" class=\"yoast-schema-graph\">{\"@context\":\"https:\/\/schema.org\",\"@graph\":[{\"@type\":\"WebPage\",\"@id\":\"https:\/\/toripuru.shop\/es\/producto\/set-de-regalo-para-baby-shower\/\",\"url\":\"https:\/\/toripuru.shop\/es\/producto\/set-de-regalo-para-baby-shower\/\",\"name\":\"Set de regalo para baby shower - Tori Puru\",\"isPartOf\":{\"@id\":\"https:\/\/toripuru.shop\/es\/#website\"},\"primaryImageOfPage\":{\"@id\":\"https:\/\/toripuru.shop\/es\/producto\/set-de-regalo-para-baby-shower\/#primaryimage\"},\"image\":{\"@id\":\"https:\/\/toripuru.shop\/es\/producto\/set-de-regalo-para-baby-shower\/#primaryimage\"},\"thumbnailUrl\":\"https:\/\/toripuru.shop\/wp-content\/uploads\/2024\/05\/1-SET.jpg\",\"datePublished\":\"2024-05-14T11:49:12+00:00\",\"dateModified\":\"2024-08-09T12:33:10+00:00\",\"breadcrumb\":{\"@id\":\"https:\/\/toripuru.shop\/es\/producto\/set-de-regalo-para-baby-shower\/#breadcrumb\"},\"inLanguage\":\"es\",\"potentialAction\":[{\"@type\":\"ReadAction\",\"target\":[\"https:\/\/toripuru.shop\/es\/producto\/set-de-regalo-para-baby-shower\/\"]}]},{\"@type\":\"ImageObject\",\"inLanguage\":\"es\",\"@id\":\"https:\/\/toripuru.shop\/es\/producto\/set-de-regalo-para-baby-shower\/#primaryimage\",\"url\":\"https:\/\/toripuru.shop\/wp-content\/uploads\/2024\/05\/1-SET.jpg\",\"contentUrl\":\"https:\/\/toripuru.shop\/wp-content\/uploads\/2024\/05\/1-SET.jpg\",\"width\":1920,\"height\":1920},{\"@type\":\"BreadcrumbList\",\"@id\":\"https:\/\/toripuru.shop\/es\/producto\/set-de-regalo-para-baby-shower\/#breadcrumb\",\"itemListElement\":[{\"@type\":\"ListItem\",\"position\":1,\"name\":\"Home\",\"item\":\"https:\/\/toripuru.shop\/es\/\"},{\"@type\":\"ListItem\",\"position\":2,\"name\":\"Tienda\",\"item\":\"https:\/\/toripuru.shop\/es\/tienda-2\/\"},{\"@type\":\"ListItem\",\"position\":3,\"name\":\"Set de regalo para baby shower\"}]},{\"@type\":\"WebSite\",\"@id\":\"https:\/\/toripuru.shop\/es\/#website\",\"url\":\"https:\/\/toripuru.shop\/es\/\",\"name\":\"Tori Puru\",\"description\":\"Designed with care and love\",\"publisher\":{\"@id\":\"https:\/\/toripuru.shop\/es\/#organization\"},\"potentialAction\":[{\"@type\":\"SearchAction\",\"target\":{\"@type\":\"EntryPoint\",\"urlTemplate\":\"https:\/\/toripuru.shop\/es\/?s={search_term_string}\"},\"query-input\":{\"@type\":\"PropertyValueSpecification\",\"valueRequired\":true,\"valueName\":\"search_term_string\"}}],\"inLanguage\":\"es\"},{\"@type\":\"Organization\",\"@id\":\"https:\/\/toripuru.shop\/es\/#organization\",\"name\":\"Tori Puru - Premium Quality Costum Made Furniture in Marbella\",\"url\":\"https:\/\/toripuru.shop\/es\/\",\"logo\":{\"@type\":\"ImageObject\",\"inLanguage\":\"es\",\"@id\":\"https:\/\/toripuru.shop\/es\/#\/schema\/logo\/image\/\",\"url\":\"https:\/\/toripuru.shop\/wp-content\/uploads\/2024\/05\/cropped-ToriPuruLogo-grey.png\",\"contentUrl\":\"https:\/\/toripuru.shop\/wp-content\/uploads\/2024\/05\/cropped-ToriPuruLogo-grey.png\",\"width\":3477,\"height\":2318,\"caption\":\"Tori Puru - Premium Quality Costum Made Furniture in Marbella\"},\"image\":{\"@id\":\"https:\/\/toripuru.shop\/es\/#\/schema\/logo\/image\/\"},\"sameAs\":[\"https:\/\/www.facebook.com\/people\/Tori-Puru\/61554449463733\/\",\"https:\/\/www.instagram.com\/toripuru_eu\",\"https:\/\/www.tiktok.com\/@toripuru.eu\"]}]}<\/script>\n<!-- \/ Yoast SEO plugin. -->","yoast_head_json":{"title":"Set de regalo para baby shower - Tori Puru","robots":{"index":"noindex","follow":"nofollow"},"og_locale":"es_ES","og_type":"article","og_title":"Set de regalo para baby shower - Tori Puru","og_description":"Presentamos el paquete Tori Puru Baby Shower Bundle, el regalo perfecto para los nuevos padres. Este elegante paquete incluye un fular de muselina de algod\u00f3n con inserciones doradas, una toalla de bamb\u00fa con capucha, un fular de bamb\u00fa y un juguete para beb\u00e9 hecho a mano. Cada art\u00edculo est\u00e1 elaborado con esmero y dise\u00f1ado para ofrecer comodidad y estilo. Todos los productos vienen juntos en una elegante bolsa de algod\u00f3n con botones, lo que lo convierte en un regalo bonito y pr\u00e1ctico. Este lote incluye nuestros art\u00edculos m\u00e1s vendidos, lo que garantiza calidad y placer para el beb\u00e9 y los padres. \u00a1Celebra la llegada de un nuevo beb\u00e9 con el Lote de Baby Shower Tori Puru!","og_url":"https:\/\/toripuru.shop\/es\/producto\/set-de-regalo-para-baby-shower\/","og_site_name":"Tori Puru","article_publisher":"https:\/\/www.facebook.com\/people\/Tori-Puru\/61554449463733\/","article_modified_time":"2024-08-09T12:33:10+00:00","og_image":[{"width":1920,"height":1920,"url":"https:\/\/toripuru.shop\/wp-content\/uploads\/2024\/05\/1-SET.jpg","type":"image\/jpeg"}],"twitter_card":"summary_large_image","twitter_misc":{"Tiempo de lectura":"1 minuto"},"schema":{"@context":"https:\/\/schema.org","@graph":[{"@type":"WebPage","@id":"https:\/\/toripuru.shop\/es\/producto\/set-de-regalo-para-baby-shower\/","url":"https:\/\/toripuru.shop\/es\/producto\/set-de-regalo-para-baby-shower\/","name":"Set de regalo para baby shower - Tori Puru","isPartOf":{"@id":"https:\/\/toripuru.shop\/es\/#website"},"primaryImageOfPage":{"@id":"https:\/\/toripuru.shop\/es\/producto\/set-de-regalo-para-baby-shower\/#primaryimage"},"image":{"@id":"https:\/\/toripuru.shop\/es\/producto\/set-de-regalo-para-baby-shower\/#primaryimage"},"thumbnailUrl":"https:\/\/toripuru.shop\/wp-content\/uploads\/2024\/05\/1-SET.jpg","datePublished":"2024-05-14T11:49:12+00:00","dateModified":"2024-08-09T12:33:10+00:00","breadcrumb":{"@id":"https:\/\/toripuru.shop\/es\/producto\/set-de-regalo-para-baby-shower\/#breadcrumb"},"inLanguage":"es","potentialAction":[{"@type":"ReadAction","target":["https:\/\/toripuru.shop\/es\/producto\/set-de-regalo-para-baby-shower\/"]}]},{"@type":"ImageObject","inLanguage":"es","@id":"https:\/\/toripuru.shop\/es\/producto\/set-de-regalo-para-baby-shower\/#primaryimage","url":"https:\/\/toripuru.shop\/wp-content\/uploads\/2024\/05\/1-SET.jpg","contentUrl":"https:\/\/toripuru.shop\/wp-content\/uploads\/2024\/05\/1-SET.jpg","width":1920,"height":1920},{"@type":"BreadcrumbList","@id":"https:\/\/toripuru.shop\/es\/producto\/set-de-regalo-para-baby-shower\/#breadcrumb","itemListElement":[{"@type":"ListItem","position":1,"name":"Home","item":"https:\/\/toripuru.shop\/es\/"},{"@type":"ListItem","position":2,"name":"Tienda","item":"https:\/\/toripuru.shop\/es\/tienda-2\/"},{"@type":"ListItem","position":3,"name":"Set de regalo para baby shower"}]},{"@type":"WebSite","@id":"https:\/\/toripuru.shop\/es\/#website","url":"https:\/\/toripuru.shop\/es\/","name":"Tori Puru","description":"Designed with care and love","publisher":{"@id":"https:\/\/toripuru.shop\/es\/#organization"},"potentialAction":[{"@type":"SearchAction","target":{"@type":"EntryPoint","urlTemplate":"https:\/\/toripuru.shop\/es\/?s={search_term_string}"},"query-input":{"@type":"PropertyValueSpecification","valueRequired":true,"valueName":"search_term_string"}}],"inLanguage":"es"},{"@type":"Organization","@id":"https:\/\/toripuru.shop\/es\/#organization","name":"Tori Puru - Premium Quality Costum Made Furniture in Marbella","url":"https:\/\/toripuru.shop\/es\/","logo":{"@type":"ImageObject","inLanguage":"es","@id":"https:\/\/toripuru.shop\/es\/#\/schema\/logo\/image\/","url":"https:\/\/toripuru.shop\/wp-content\/uploads\/2024\/05\/cropped-ToriPuruLogo-grey.png","contentUrl":"https:\/\/toripuru.shop\/wp-content\/uploads\/2024\/05\/cropped-ToriPuruLogo-grey.png","width":3477,"height":2318,"caption":"Tori Puru - Premium Quality Costum Made Furniture in Marbella"},"image":{"@id":"https:\/\/toripuru.shop\/es\/#\/schema\/logo\/image\/"},"sameAs":["https:\/\/www.facebook.com\/people\/Tori-Puru\/61554449463733\/","https:\/\/www.instagram.com\/toripuru_eu","https:\/\/www.tiktok.com\/@toripuru.eu"]}]}},"_links":{"self":[{"href":"https:\/\/toripuru.shop\/es\/wp-json\/wp\/v2\/product\/11098","targetHints":{"allow":["GET"]}}],"collection":[{"href":"https:\/\/toripuru.shop\/es\/wp-json\/wp\/v2\/product"}],"about":[{"href":"https:\/\/toripuru.shop\/es\/wp-json\/wp\/v2\/types\/product"}],"replies":[{"embeddable":true,"href":"https:\/\/toripuru.shop\/es\/wp-json\/wp\/v2\/comments?post=11098"}],"version-history":[{"count":3,"href":"https:\/\/toripuru.shop\/es\/wp-json\/wp\/v2\/product\/11098\/revisions"}],"predecessor-version":[{"id":12957,"href":"https:\/\/toripuru.shop\/es\/wp-json\/wp\/v2\/product\/11098\/revisions\/12957"}],"wp:featuredmedia":[{"embeddable":true,"href":"https:\/\/toripuru.shop\/es\/wp-json\/wp\/v2\/media\/12387"}],"wp:attachment":[{"href":"https:\/\/toripuru.shop\/es\/wp-json\/wp\/v2\/media?parent=11098"}],"wp:term":[{"taxonomy":"product_cat","embeddable":true,"href":"https:\/\/toripuru.shop\/es\/wp-json\/wp\/v2\/product_cat?post=11098"},{"taxonomy":"product_tag","embeddable":true,"href":"https:\/\/toripuru.shop\/es\/wp-json\/wp\/v2\/product_tag?post=11098"}],"curies":[{"name":"wp","href":"https:\/\/api.w.org\/{rel}","templated":true}]}}