{"id":11111,"date":"2024-05-14T11:03:47","date_gmt":"2024-05-14T11:03:47","guid":{"rendered":"https:\/\/toripuru.shop\/product\/juego-de-ropa-de-cama-de-bambu-con-relleno\/"},"modified":"2024-08-09T12:43:31","modified_gmt":"2024-08-09T12:43:31","slug":"juego-de-ropa-de-cama-de-bambu-con-relleno","status":"publish","type":"product","link":"https:\/\/toripuru.shop\/es\/producto\/juego-de-ropa-de-cama-de-bambu-con-relleno\/","title":{"rendered":"Juego de ropa de cama de bamb\u00fa con relleno"},"content":{"rendered":"","protected":false},"excerpt":{"rendered":"<p>Presentamos nuestro lujoso juego de ropa de cama de bamb\u00fa, cuidadosamente elaborado pensando en tu peque\u00f1o. Fabricado con tejido de bamb\u00fa suave e incre\u00edblemente blando.<br \/>\nHemos elegido relleno de fibra de silicona para nuestro conjunto, conocido por sus propiedades antibacterianas e hipoalerg\u00e9nicas, que garantizan un entorno de descanso seguro y saludable.<br \/>\nEl relleno tiene un grosor \u00f3ptimo y posee propiedades hipoalerg\u00e9nicas, antibacterianas y antif\u00fangicas. Viene en colores s\u00f3lidos que no sobreestimulan al ni\u00f1o.<\/p>\n","protected":false},"featured_media":11689,"comment_status":"closed","ping_status":"closed","template":"","meta":{"_acf_changed":false,"inline_featured_image":false},"product_cat":[133,184,140,210],"product_tag":[],"class_list":{"0":"post-11111","1":"product","2":"type-product","3":"status-publish","4":"has-post-thumbnail","6":"product_cat-nuevo","7":"product_cat-bambu","8":"product_cat-textil","9":"product_cat-ropa-de-cama","10":"pa_color-crudo","11":"pa_color-rosa","12":"pa_color-verde","14":"first","15":"instock","16":"featured","17":"shipping-taxable","18":"purchasable","19":"product-type-variable"},"acf":[],"yoast_head":"<!-- This site is optimized with the Yoast SEO plugin v26.8 - https:\/\/yoast.com\/product\/yoast-seo-wordpress\/ -->\n<title>Juego de ropa de cama de bamb\u00fa con relleno - Tori Puru<\/title>\n<meta name=\"robots\" content=\"noindex, nofollow\" \/>\n<meta property=\"og:locale\" content=\"es_ES\" \/>\n<meta property=\"og:type\" content=\"article\" \/>\n<meta property=\"og:title\" content=\"Juego de ropa de cama de bamb\u00fa con relleno - Tori Puru\" \/>\n<meta property=\"og:description\" content=\"Presentamos nuestro lujoso juego de ropa de cama de bamb\u00fa, cuidadosamente elaborado pensando en tu peque\u00f1o. Fabricado con tejido de bamb\u00fa suave e incre\u00edblemente blando. Hemos elegido relleno de fibra de silicona para nuestro conjunto, conocido por sus propiedades antibacterianas e hipoalerg\u00e9nicas, que garantizan un entorno de descanso seguro y saludable. El relleno tiene un grosor \u00f3ptimo y posee propiedades hipoalerg\u00e9nicas, antibacterianas y antif\u00fangicas. Viene en colores s\u00f3lidos que no sobreestimulan al ni\u00f1o.\" \/>\n<meta property=\"og:url\" content=\"https:\/\/toripuru.shop\/es\/producto\/juego-de-ropa-de-cama-de-bambu-con-relleno\/\" \/>\n<meta property=\"og:site_name\" content=\"Tori Puru\" \/>\n<meta property=\"article:publisher\" content=\"https:\/\/www.facebook.com\/people\/Tori-Puru\/61554449463733\/\" \/>\n<meta property=\"article:modified_time\" content=\"2024-08-09T12:43:31+00:00\" \/>\n<meta property=\"og:image\" content=\"https:\/\/toripuru.shop\/wp-content\/uploads\/2024\/05\/1-5.jpg\" \/>\n\t<meta property=\"og:image:width\" content=\"1920\" \/>\n\t<meta property=\"og:image:height\" content=\"1920\" \/>\n\t<meta property=\"og:image:type\" content=\"image\/jpeg\" \/>\n<meta name=\"twitter:card\" content=\"summary_large_image\" \/>\n<meta name=\"twitter:label1\" content=\"Tiempo de lectura\" \/>\n\t<meta name=\"twitter:data1\" content=\"1 minuto\" \/>\n<script type=\"application\/ld+json\" class=\"yoast-schema-graph\">{\"@context\":\"https:\/\/schema.org\",\"@graph\":[{\"@type\":\"WebPage\",\"@id\":\"https:\/\/toripuru.shop\/es\/producto\/juego-de-ropa-de-cama-de-bambu-con-relleno\/\",\"url\":\"https:\/\/toripuru.shop\/es\/producto\/juego-de-ropa-de-cama-de-bambu-con-relleno\/\",\"name\":\"Juego de ropa de cama de bamb\u00fa con relleno - Tori Puru\",\"isPartOf\":{\"@id\":\"https:\/\/toripuru.shop\/es\/#website\"},\"primaryImageOfPage\":{\"@id\":\"https:\/\/toripuru.shop\/es\/producto\/juego-de-ropa-de-cama-de-bambu-con-relleno\/#primaryimage\"},\"image\":{\"@id\":\"https:\/\/toripuru.shop\/es\/producto\/juego-de-ropa-de-cama-de-bambu-con-relleno\/#primaryimage\"},\"thumbnailUrl\":\"https:\/\/toripuru.shop\/wp-content\/uploads\/2024\/05\/1-5.jpg\",\"datePublished\":\"2024-05-14T11:03:47+00:00\",\"dateModified\":\"2024-08-09T12:43:31+00:00\",\"breadcrumb\":{\"@id\":\"https:\/\/toripuru.shop\/es\/producto\/juego-de-ropa-de-cama-de-bambu-con-relleno\/#breadcrumb\"},\"inLanguage\":\"es\",\"potentialAction\":[{\"@type\":\"ReadAction\",\"target\":[\"https:\/\/toripuru.shop\/es\/producto\/juego-de-ropa-de-cama-de-bambu-con-relleno\/\"]}]},{\"@type\":\"ImageObject\",\"inLanguage\":\"es\",\"@id\":\"https:\/\/toripuru.shop\/es\/producto\/juego-de-ropa-de-cama-de-bambu-con-relleno\/#primaryimage\",\"url\":\"https:\/\/toripuru.shop\/wp-content\/uploads\/2024\/05\/1-5.jpg\",\"contentUrl\":\"https:\/\/toripuru.shop\/wp-content\/uploads\/2024\/05\/1-5.jpg\",\"width\":1920,\"height\":1920},{\"@type\":\"BreadcrumbList\",\"@id\":\"https:\/\/toripuru.shop\/es\/producto\/juego-de-ropa-de-cama-de-bambu-con-relleno\/#breadcrumb\",\"itemListElement\":[{\"@type\":\"ListItem\",\"position\":1,\"name\":\"Home\",\"item\":\"https:\/\/toripuru.shop\/es\/\"},{\"@type\":\"ListItem\",\"position\":2,\"name\":\"Tienda\",\"item\":\"https:\/\/toripuru.shop\/es\/tienda-2\/\"},{\"@type\":\"ListItem\",\"position\":3,\"name\":\"Juego de ropa de cama de bamb\u00fa con relleno\"}]},{\"@type\":\"WebSite\",\"@id\":\"https:\/\/toripuru.shop\/es\/#website\",\"url\":\"https:\/\/toripuru.shop\/es\/\",\"name\":\"Tori Puru\",\"description\":\"Designed with care and love\",\"publisher\":{\"@id\":\"https:\/\/toripuru.shop\/es\/#organization\"},\"potentialAction\":[{\"@type\":\"SearchAction\",\"target\":{\"@type\":\"EntryPoint\",\"urlTemplate\":\"https:\/\/toripuru.shop\/es\/?s={search_term_string}\"},\"query-input\":{\"@type\":\"PropertyValueSpecification\",\"valueRequired\":true,\"valueName\":\"search_term_string\"}}],\"inLanguage\":\"es\"},{\"@type\":\"Organization\",\"@id\":\"https:\/\/toripuru.shop\/es\/#organization\",\"name\":\"Tori Puru - Premium Quality Costum Made Furniture in Marbella\",\"url\":\"https:\/\/toripuru.shop\/es\/\",\"logo\":{\"@type\":\"ImageObject\",\"inLanguage\":\"es\",\"@id\":\"https:\/\/toripuru.shop\/es\/#\/schema\/logo\/image\/\",\"url\":\"https:\/\/toripuru.shop\/wp-content\/uploads\/2024\/05\/cropped-ToriPuruLogo-grey.png\",\"contentUrl\":\"https:\/\/toripuru.shop\/wp-content\/uploads\/2024\/05\/cropped-ToriPuruLogo-grey.png\",\"width\":3477,\"height\":2318,\"caption\":\"Tori Puru - Premium Quality Costum Made Furniture in Marbella\"},\"image\":{\"@id\":\"https:\/\/toripuru.shop\/es\/#\/schema\/logo\/image\/\"},\"sameAs\":[\"https:\/\/www.facebook.com\/people\/Tori-Puru\/61554449463733\/\",\"https:\/\/www.instagram.com\/toripuru_eu\",\"https:\/\/www.tiktok.com\/@toripuru.eu\"]}]}<\/script>\n<!-- \/ Yoast SEO plugin. -->","yoast_head_json":{"title":"Juego de ropa de cama de bamb\u00fa con relleno - Tori Puru","robots":{"index":"noindex","follow":"nofollow"},"og_locale":"es_ES","og_type":"article","og_title":"Juego de ropa de cama de bamb\u00fa con relleno - Tori Puru","og_description":"Presentamos nuestro lujoso juego de ropa de cama de bamb\u00fa, cuidadosamente elaborado pensando en tu peque\u00f1o. Fabricado con tejido de bamb\u00fa suave e incre\u00edblemente blando. Hemos elegido relleno de fibra de silicona para nuestro conjunto, conocido por sus propiedades antibacterianas e hipoalerg\u00e9nicas, que garantizan un entorno de descanso seguro y saludable. El relleno tiene un grosor \u00f3ptimo y posee propiedades hipoalerg\u00e9nicas, antibacterianas y antif\u00fangicas. Viene en colores s\u00f3lidos que no sobreestimulan al ni\u00f1o.","og_url":"https:\/\/toripuru.shop\/es\/producto\/juego-de-ropa-de-cama-de-bambu-con-relleno\/","og_site_name":"Tori Puru","article_publisher":"https:\/\/www.facebook.com\/people\/Tori-Puru\/61554449463733\/","article_modified_time":"2024-08-09T12:43:31+00:00","og_image":[{"width":1920,"height":1920,"url":"https:\/\/toripuru.shop\/wp-content\/uploads\/2024\/05\/1-5.jpg","type":"image\/jpeg"}],"twitter_card":"summary_large_image","twitter_misc":{"Tiempo de lectura":"1 minuto"},"schema":{"@context":"https:\/\/schema.org","@graph":[{"@type":"WebPage","@id":"https:\/\/toripuru.shop\/es\/producto\/juego-de-ropa-de-cama-de-bambu-con-relleno\/","url":"https:\/\/toripuru.shop\/es\/producto\/juego-de-ropa-de-cama-de-bambu-con-relleno\/","name":"Juego de ropa de cama de bamb\u00fa con relleno - Tori Puru","isPartOf":{"@id":"https:\/\/toripuru.shop\/es\/#website"},"primaryImageOfPage":{"@id":"https:\/\/toripuru.shop\/es\/producto\/juego-de-ropa-de-cama-de-bambu-con-relleno\/#primaryimage"},"image":{"@id":"https:\/\/toripuru.shop\/es\/producto\/juego-de-ropa-de-cama-de-bambu-con-relleno\/#primaryimage"},"thumbnailUrl":"https:\/\/toripuru.shop\/wp-content\/uploads\/2024\/05\/1-5.jpg","datePublished":"2024-05-14T11:03:47+00:00","dateModified":"2024-08-09T12:43:31+00:00","breadcrumb":{"@id":"https:\/\/toripuru.shop\/es\/producto\/juego-de-ropa-de-cama-de-bambu-con-relleno\/#breadcrumb"},"inLanguage":"es","potentialAction":[{"@type":"ReadAction","target":["https:\/\/toripuru.shop\/es\/producto\/juego-de-ropa-de-cama-de-bambu-con-relleno\/"]}]},{"@type":"ImageObject","inLanguage":"es","@id":"https:\/\/toripuru.shop\/es\/producto\/juego-de-ropa-de-cama-de-bambu-con-relleno\/#primaryimage","url":"https:\/\/toripuru.shop\/wp-content\/uploads\/2024\/05\/1-5.jpg","contentUrl":"https:\/\/toripuru.shop\/wp-content\/uploads\/2024\/05\/1-5.jpg","width":1920,"height":1920},{"@type":"BreadcrumbList","@id":"https:\/\/toripuru.shop\/es\/producto\/juego-de-ropa-de-cama-de-bambu-con-relleno\/#breadcrumb","itemListElement":[{"@type":"ListItem","position":1,"name":"Home","item":"https:\/\/toripuru.shop\/es\/"},{"@type":"ListItem","position":2,"name":"Tienda","item":"https:\/\/toripuru.shop\/es\/tienda-2\/"},{"@type":"ListItem","position":3,"name":"Juego de ropa de cama de bamb\u00fa con relleno"}]},{"@type":"WebSite","@id":"https:\/\/toripuru.shop\/es\/#website","url":"https:\/\/toripuru.shop\/es\/","name":"Tori Puru","description":"Designed with care and love","publisher":{"@id":"https:\/\/toripuru.shop\/es\/#organization"},"potentialAction":[{"@type":"SearchAction","target":{"@type":"EntryPoint","urlTemplate":"https:\/\/toripuru.shop\/es\/?s={search_term_string}"},"query-input":{"@type":"PropertyValueSpecification","valueRequired":true,"valueName":"search_term_string"}}],"inLanguage":"es"},{"@type":"Organization","@id":"https:\/\/toripuru.shop\/es\/#organization","name":"Tori Puru - Premium Quality Costum Made Furniture in Marbella","url":"https:\/\/toripuru.shop\/es\/","logo":{"@type":"ImageObject","inLanguage":"es","@id":"https:\/\/toripuru.shop\/es\/#\/schema\/logo\/image\/","url":"https:\/\/toripuru.shop\/wp-content\/uploads\/2024\/05\/cropped-ToriPuruLogo-grey.png","contentUrl":"https:\/\/toripuru.shop\/wp-content\/uploads\/2024\/05\/cropped-ToriPuruLogo-grey.png","width":3477,"height":2318,"caption":"Tori Puru - Premium Quality Costum Made Furniture in Marbella"},"image":{"@id":"https:\/\/toripuru.shop\/es\/#\/schema\/logo\/image\/"},"sameAs":["https:\/\/www.facebook.com\/people\/Tori-Puru\/61554449463733\/","https:\/\/www.instagram.com\/toripuru_eu","https:\/\/www.tiktok.com\/@toripuru.eu"]}]}},"_links":{"self":[{"href":"https:\/\/toripuru.shop\/es\/wp-json\/wp\/v2\/product\/11111","targetHints":{"allow":["GET"]}}],"collection":[{"href":"https:\/\/toripuru.shop\/es\/wp-json\/wp\/v2\/product"}],"about":[{"href":"https:\/\/toripuru.shop\/es\/wp-json\/wp\/v2\/types\/product"}],"replies":[{"embeddable":true,"href":"https:\/\/toripuru.shop\/es\/wp-json\/wp\/v2\/comments?post=11111"}],"version-history":[{"count":3,"href":"https:\/\/toripuru.shop\/es\/wp-json\/wp\/v2\/product\/11111\/revisions"}],"predecessor-version":[{"id":12964,"href":"https:\/\/toripuru.shop\/es\/wp-json\/wp\/v2\/product\/11111\/revisions\/12964"}],"wp:featuredmedia":[{"embeddable":true,"href":"https:\/\/toripuru.shop\/es\/wp-json\/wp\/v2\/media\/11689"}],"wp:attachment":[{"href":"https:\/\/toripuru.shop\/es\/wp-json\/wp\/v2\/media?parent=11111"}],"wp:term":[{"taxonomy":"product_cat","embeddable":true,"href":"https:\/\/toripuru.shop\/es\/wp-json\/wp\/v2\/product_cat?post=11111"},{"taxonomy":"product_tag","embeddable":true,"href":"https:\/\/toripuru.shop\/es\/wp-json\/wp\/v2\/product_tag?post=11111"}],"curies":[{"name":"wp","href":"https:\/\/api.w.org\/{rel}","templated":true}]}}