{"id":11120,"date":"2024-05-14T11:26:09","date_gmt":"2024-05-14T11:26:09","guid":{"rendered":"https:\/\/toripuru.shop\/product\/toalla-con-capucha-de-bambu-85x85cm-premium\/"},"modified":"2024-08-09T12:41:00","modified_gmt":"2024-08-09T12:41:00","slug":"toalla-con-capucha-de-bambu-85x85cm-premium","status":"publish","type":"product","link":"https:\/\/toripuru.shop\/es\/producto\/toalla-con-capucha-de-bambu-85x85cm-premium\/","title":{"rendered":"Toalla con capucha de bamb\u00fa 85x85cm Premium"},"content":{"rendered":"","protected":false},"excerpt":{"rendered":"<p>La toalla con capucha presentada proporciona todo lo necesario despu\u00e9s de ba\u00f1ar a un beb\u00e9. Envuelve y seca suavemente el cuerpo, sin irritar incluso la piel m\u00e1s sensible Es lo suficientemente grande como para cubrir comple tamente tanto a los beb\u00e9s como a los ni\u00f1os mayores. Su capacidad de absorci\u00f3n permite un secado r\u00e1pido y calienta todo el cuerpo. El tejido de rizo 100% bamb\u00fa de alta calidad garantiza la m\u00e1xima suavidad.<br \/>\nLas toallas con capucha Tori Puru, sin tintes, son hipoalerg\u00e9nicas y antibacterianas. Est\u00e1n equipadas con una correa funcional para el cuello del padre, lo que permite envolver c\u00f3modamente al ni\u00f1o inmediatamente despu\u00e9s del ba\u00f1o.<\/p>\n","protected":false},"featured_media":11661,"comment_status":"closed","ping_status":"closed","template":"","meta":{"_acf_changed":false,"inline_featured_image":false},"product_cat":[133,184,140,211],"product_tag":[],"class_list":{"0":"post-11120","1":"product","2":"type-product","3":"status-publish","4":"has-post-thumbnail","6":"product_cat-nuevo","7":"product_cat-bambu","8":"product_cat-textil","9":"product_cat-mantas-textiles","11":"first","12":"instock","13":"featured","14":"shipping-taxable","15":"purchasable","16":"product-type-simple"},"acf":[],"yoast_head":"<!-- This site is optimized with the Yoast SEO plugin v26.8 - https:\/\/yoast.com\/product\/yoast-seo-wordpress\/ -->\n<title>Toalla con capucha de bamb\u00fa 85x85cm Premium - Tori Puru<\/title>\n<meta name=\"robots\" content=\"noindex, nofollow\" \/>\n<meta property=\"og:locale\" content=\"es_ES\" \/>\n<meta property=\"og:type\" content=\"article\" \/>\n<meta property=\"og:title\" content=\"Toalla con capucha de bamb\u00fa 85x85cm Premium - Tori Puru\" \/>\n<meta property=\"og:description\" content=\"La toalla con capucha presentada proporciona todo lo necesario despu\u00e9s de ba\u00f1ar a un beb\u00e9. Envuelve y seca suavemente el cuerpo, sin irritar incluso la piel m\u00e1s sensible Es lo suficientemente grande como para cubrir comple tamente tanto a los beb\u00e9s como a los ni\u00f1os mayores. Su capacidad de absorci\u00f3n permite un secado r\u00e1pido y calienta todo el cuerpo. El tejido de rizo 100% bamb\u00fa de alta calidad garantiza la m\u00e1xima suavidad. Las toallas con capucha Tori Puru, sin tintes, son hipoalerg\u00e9nicas y antibacterianas. Est\u00e1n equipadas con una correa funcional para el cuello del padre, lo que permite envolver c\u00f3modamente al ni\u00f1o inmediatamente despu\u00e9s del ba\u00f1o.\" \/>\n<meta property=\"og:url\" content=\"https:\/\/toripuru.shop\/es\/producto\/toalla-con-capucha-de-bambu-85x85cm-premium\/\" \/>\n<meta property=\"og:site_name\" content=\"Tori Puru\" \/>\n<meta property=\"article:publisher\" content=\"https:\/\/www.facebook.com\/people\/Tori-Puru\/61554449463733\/\" \/>\n<meta property=\"article:modified_time\" content=\"2024-08-09T12:41:00+00:00\" \/>\n<meta property=\"og:image\" content=\"https:\/\/toripuru.shop\/wp-content\/uploads\/2024\/05\/1-3.jpg\" \/>\n\t<meta property=\"og:image:width\" content=\"1920\" \/>\n\t<meta property=\"og:image:height\" content=\"1920\" \/>\n\t<meta property=\"og:image:type\" content=\"image\/jpeg\" \/>\n<meta name=\"twitter:card\" content=\"summary_large_image\" \/>\n<meta name=\"twitter:label1\" content=\"Tiempo de lectura\" \/>\n\t<meta name=\"twitter:data1\" content=\"1 minuto\" \/>\n<script type=\"application\/ld+json\" class=\"yoast-schema-graph\">{\"@context\":\"https:\/\/schema.org\",\"@graph\":[{\"@type\":\"WebPage\",\"@id\":\"https:\/\/toripuru.shop\/es\/producto\/toalla-con-capucha-de-bambu-85x85cm-premium\/\",\"url\":\"https:\/\/toripuru.shop\/es\/producto\/toalla-con-capucha-de-bambu-85x85cm-premium\/\",\"name\":\"Toalla con capucha de bamb\u00fa 85x85cm Premium - Tori Puru\",\"isPartOf\":{\"@id\":\"https:\/\/toripuru.shop\/es\/#website\"},\"primaryImageOfPage\":{\"@id\":\"https:\/\/toripuru.shop\/es\/producto\/toalla-con-capucha-de-bambu-85x85cm-premium\/#primaryimage\"},\"image\":{\"@id\":\"https:\/\/toripuru.shop\/es\/producto\/toalla-con-capucha-de-bambu-85x85cm-premium\/#primaryimage\"},\"thumbnailUrl\":\"https:\/\/toripuru.shop\/wp-content\/uploads\/2024\/05\/1-3.jpg\",\"datePublished\":\"2024-05-14T11:26:09+00:00\",\"dateModified\":\"2024-08-09T12:41:00+00:00\",\"breadcrumb\":{\"@id\":\"https:\/\/toripuru.shop\/es\/producto\/toalla-con-capucha-de-bambu-85x85cm-premium\/#breadcrumb\"},\"inLanguage\":\"es\",\"potentialAction\":[{\"@type\":\"ReadAction\",\"target\":[\"https:\/\/toripuru.shop\/es\/producto\/toalla-con-capucha-de-bambu-85x85cm-premium\/\"]}]},{\"@type\":\"ImageObject\",\"inLanguage\":\"es\",\"@id\":\"https:\/\/toripuru.shop\/es\/producto\/toalla-con-capucha-de-bambu-85x85cm-premium\/#primaryimage\",\"url\":\"https:\/\/toripuru.shop\/wp-content\/uploads\/2024\/05\/1-3.jpg\",\"contentUrl\":\"https:\/\/toripuru.shop\/wp-content\/uploads\/2024\/05\/1-3.jpg\",\"width\":1920,\"height\":1920},{\"@type\":\"BreadcrumbList\",\"@id\":\"https:\/\/toripuru.shop\/es\/producto\/toalla-con-capucha-de-bambu-85x85cm-premium\/#breadcrumb\",\"itemListElement\":[{\"@type\":\"ListItem\",\"position\":1,\"name\":\"Home\",\"item\":\"https:\/\/toripuru.shop\/es\/\"},{\"@type\":\"ListItem\",\"position\":2,\"name\":\"Tienda\",\"item\":\"https:\/\/toripuru.shop\/es\/tienda-2\/\"},{\"@type\":\"ListItem\",\"position\":3,\"name\":\"Toalla con capucha de bamb\u00fa 85x85cm Premium\"}]},{\"@type\":\"WebSite\",\"@id\":\"https:\/\/toripuru.shop\/es\/#website\",\"url\":\"https:\/\/toripuru.shop\/es\/\",\"name\":\"Tori Puru\",\"description\":\"Designed with care and love\",\"publisher\":{\"@id\":\"https:\/\/toripuru.shop\/es\/#organization\"},\"potentialAction\":[{\"@type\":\"SearchAction\",\"target\":{\"@type\":\"EntryPoint\",\"urlTemplate\":\"https:\/\/toripuru.shop\/es\/?s={search_term_string}\"},\"query-input\":{\"@type\":\"PropertyValueSpecification\",\"valueRequired\":true,\"valueName\":\"search_term_string\"}}],\"inLanguage\":\"es\"},{\"@type\":\"Organization\",\"@id\":\"https:\/\/toripuru.shop\/es\/#organization\",\"name\":\"Tori Puru - Premium Quality Costum Made Furniture in Marbella\",\"url\":\"https:\/\/toripuru.shop\/es\/\",\"logo\":{\"@type\":\"ImageObject\",\"inLanguage\":\"es\",\"@id\":\"https:\/\/toripuru.shop\/es\/#\/schema\/logo\/image\/\",\"url\":\"https:\/\/toripuru.shop\/wp-content\/uploads\/2024\/05\/cropped-ToriPuruLogo-grey.png\",\"contentUrl\":\"https:\/\/toripuru.shop\/wp-content\/uploads\/2024\/05\/cropped-ToriPuruLogo-grey.png\",\"width\":3477,\"height\":2318,\"caption\":\"Tori Puru - Premium Quality Costum Made Furniture in Marbella\"},\"image\":{\"@id\":\"https:\/\/toripuru.shop\/es\/#\/schema\/logo\/image\/\"},\"sameAs\":[\"https:\/\/www.facebook.com\/people\/Tori-Puru\/61554449463733\/\",\"https:\/\/www.instagram.com\/toripuru_eu\",\"https:\/\/www.tiktok.com\/@toripuru.eu\"]}]}<\/script>\n<!-- \/ Yoast SEO plugin. -->","yoast_head_json":{"title":"Toalla con capucha de bamb\u00fa 85x85cm Premium - Tori Puru","robots":{"index":"noindex","follow":"nofollow"},"og_locale":"es_ES","og_type":"article","og_title":"Toalla con capucha de bamb\u00fa 85x85cm Premium - Tori Puru","og_description":"La toalla con capucha presentada proporciona todo lo necesario despu\u00e9s de ba\u00f1ar a un beb\u00e9. Envuelve y seca suavemente el cuerpo, sin irritar incluso la piel m\u00e1s sensible Es lo suficientemente grande como para cubrir comple tamente tanto a los beb\u00e9s como a los ni\u00f1os mayores. Su capacidad de absorci\u00f3n permite un secado r\u00e1pido y calienta todo el cuerpo. El tejido de rizo 100% bamb\u00fa de alta calidad garantiza la m\u00e1xima suavidad. Las toallas con capucha Tori Puru, sin tintes, son hipoalerg\u00e9nicas y antibacterianas. Est\u00e1n equipadas con una correa funcional para el cuello del padre, lo que permite envolver c\u00f3modamente al ni\u00f1o inmediatamente despu\u00e9s del ba\u00f1o.","og_url":"https:\/\/toripuru.shop\/es\/producto\/toalla-con-capucha-de-bambu-85x85cm-premium\/","og_site_name":"Tori Puru","article_publisher":"https:\/\/www.facebook.com\/people\/Tori-Puru\/61554449463733\/","article_modified_time":"2024-08-09T12:41:00+00:00","og_image":[{"width":1920,"height":1920,"url":"https:\/\/toripuru.shop\/wp-content\/uploads\/2024\/05\/1-3.jpg","type":"image\/jpeg"}],"twitter_card":"summary_large_image","twitter_misc":{"Tiempo de lectura":"1 minuto"},"schema":{"@context":"https:\/\/schema.org","@graph":[{"@type":"WebPage","@id":"https:\/\/toripuru.shop\/es\/producto\/toalla-con-capucha-de-bambu-85x85cm-premium\/","url":"https:\/\/toripuru.shop\/es\/producto\/toalla-con-capucha-de-bambu-85x85cm-premium\/","name":"Toalla con capucha de bamb\u00fa 85x85cm Premium - Tori Puru","isPartOf":{"@id":"https:\/\/toripuru.shop\/es\/#website"},"primaryImageOfPage":{"@id":"https:\/\/toripuru.shop\/es\/producto\/toalla-con-capucha-de-bambu-85x85cm-premium\/#primaryimage"},"image":{"@id":"https:\/\/toripuru.shop\/es\/producto\/toalla-con-capucha-de-bambu-85x85cm-premium\/#primaryimage"},"thumbnailUrl":"https:\/\/toripuru.shop\/wp-content\/uploads\/2024\/05\/1-3.jpg","datePublished":"2024-05-14T11:26:09+00:00","dateModified":"2024-08-09T12:41:00+00:00","breadcrumb":{"@id":"https:\/\/toripuru.shop\/es\/producto\/toalla-con-capucha-de-bambu-85x85cm-premium\/#breadcrumb"},"inLanguage":"es","potentialAction":[{"@type":"ReadAction","target":["https:\/\/toripuru.shop\/es\/producto\/toalla-con-capucha-de-bambu-85x85cm-premium\/"]}]},{"@type":"ImageObject","inLanguage":"es","@id":"https:\/\/toripuru.shop\/es\/producto\/toalla-con-capucha-de-bambu-85x85cm-premium\/#primaryimage","url":"https:\/\/toripuru.shop\/wp-content\/uploads\/2024\/05\/1-3.jpg","contentUrl":"https:\/\/toripuru.shop\/wp-content\/uploads\/2024\/05\/1-3.jpg","width":1920,"height":1920},{"@type":"BreadcrumbList","@id":"https:\/\/toripuru.shop\/es\/producto\/toalla-con-capucha-de-bambu-85x85cm-premium\/#breadcrumb","itemListElement":[{"@type":"ListItem","position":1,"name":"Home","item":"https:\/\/toripuru.shop\/es\/"},{"@type":"ListItem","position":2,"name":"Tienda","item":"https:\/\/toripuru.shop\/es\/tienda-2\/"},{"@type":"ListItem","position":3,"name":"Toalla con capucha de bamb\u00fa 85x85cm Premium"}]},{"@type":"WebSite","@id":"https:\/\/toripuru.shop\/es\/#website","url":"https:\/\/toripuru.shop\/es\/","name":"Tori Puru","description":"Designed with care and love","publisher":{"@id":"https:\/\/toripuru.shop\/es\/#organization"},"potentialAction":[{"@type":"SearchAction","target":{"@type":"EntryPoint","urlTemplate":"https:\/\/toripuru.shop\/es\/?s={search_term_string}"},"query-input":{"@type":"PropertyValueSpecification","valueRequired":true,"valueName":"search_term_string"}}],"inLanguage":"es"},{"@type":"Organization","@id":"https:\/\/toripuru.shop\/es\/#organization","name":"Tori Puru - Premium Quality Costum Made Furniture in Marbella","url":"https:\/\/toripuru.shop\/es\/","logo":{"@type":"ImageObject","inLanguage":"es","@id":"https:\/\/toripuru.shop\/es\/#\/schema\/logo\/image\/","url":"https:\/\/toripuru.shop\/wp-content\/uploads\/2024\/05\/cropped-ToriPuruLogo-grey.png","contentUrl":"https:\/\/toripuru.shop\/wp-content\/uploads\/2024\/05\/cropped-ToriPuruLogo-grey.png","width":3477,"height":2318,"caption":"Tori Puru - Premium Quality Costum Made Furniture in Marbella"},"image":{"@id":"https:\/\/toripuru.shop\/es\/#\/schema\/logo\/image\/"},"sameAs":["https:\/\/www.facebook.com\/people\/Tori-Puru\/61554449463733\/","https:\/\/www.instagram.com\/toripuru_eu","https:\/\/www.tiktok.com\/@toripuru.eu"]}]}},"_links":{"self":[{"href":"https:\/\/toripuru.shop\/es\/wp-json\/wp\/v2\/product\/11120","targetHints":{"allow":["GET"]}}],"collection":[{"href":"https:\/\/toripuru.shop\/es\/wp-json\/wp\/v2\/product"}],"about":[{"href":"https:\/\/toripuru.shop\/es\/wp-json\/wp\/v2\/types\/product"}],"replies":[{"embeddable":true,"href":"https:\/\/toripuru.shop\/es\/wp-json\/wp\/v2\/comments?post=11120"}],"version-history":[{"count":2,"href":"https:\/\/toripuru.shop\/es\/wp-json\/wp\/v2\/product\/11120\/revisions"}],"predecessor-version":[{"id":12961,"href":"https:\/\/toripuru.shop\/es\/wp-json\/wp\/v2\/product\/11120\/revisions\/12961"}],"wp:featuredmedia":[{"embeddable":true,"href":"https:\/\/toripuru.shop\/es\/wp-json\/wp\/v2\/media\/11661"}],"wp:attachment":[{"href":"https:\/\/toripuru.shop\/es\/wp-json\/wp\/v2\/media?parent=11120"}],"wp:term":[{"taxonomy":"product_cat","embeddable":true,"href":"https:\/\/toripuru.shop\/es\/wp-json\/wp\/v2\/product_cat?post=11120"},{"taxonomy":"product_tag","embeddable":true,"href":"https:\/\/toripuru.shop\/es\/wp-json\/wp\/v2\/product_tag?post=11120"}],"curies":[{"name":"wp","href":"https:\/\/api.w.org\/{rel}","templated":true}]}}