{"id":11122,"date":"2024-03-04T14:57:15","date_gmt":"2024-03-04T14:57:15","guid":{"rendered":"https:\/\/toripuru.shop\/product\/protector-de-cuna-trenza-muslin\/"},"modified":"2024-08-09T12:47:57","modified_gmt":"2024-08-09T12:47:57","slug":"protector-de-cuna-trenza-muslin","status":"publish","type":"product","link":"https:\/\/toripuru.shop\/es\/producto\/protector-de-cuna-trenza-muslin\/","title":{"rendered":"Protector de cama de algod\u00f3n"},"content":{"rendered":"","protected":false},"excerpt":{"rendered":"<p>Nuestro protector es la protecci\u00f3n natural perfecta para la cuna de tu beb\u00e9. Hecho de algod\u00f3n suave, ofrece una suave barrera contra golpes y corrientes de aire, asegurando que tu peque\u00f1o duerma tranquilamente. Disponible en una variedad de colores para complementar el estiloso dise\u00f1o de To ri Puru, es tanto funcional como elegante, a\u00f1adiendo un toque de elegancia a tu guarder\u00eda.<\/p>\n","protected":false},"featured_media":12359,"comment_status":"closed","ping_status":"closed","template":"","meta":{"_acf_changed":false,"inline_featured_image":false},"product_cat":[133,188,140],"product_tag":[],"class_list":{"0":"post-11122","1":"product","2":"type-product","3":"status-publish","4":"has-post-thumbnail","6":"product_cat-nuevo","7":"product_cat-algodon","8":"product_cat-textil","9":"pa_color-beige-es","10":"pa_color-verde","12":"first","13":"instock","14":"featured","15":"shipping-taxable","16":"purchasable","17":"product-type-variable","18":"has-default-attributes"},"acf":[],"yoast_head":"<!-- This site is optimized with the Yoast SEO plugin v26.8 - https:\/\/yoast.com\/product\/yoast-seo-wordpress\/ -->\n<title>Protector de cama de algod\u00f3n - Tori Puru<\/title>\n<meta name=\"robots\" content=\"noindex, nofollow\" \/>\n<meta property=\"og:locale\" content=\"es_ES\" \/>\n<meta property=\"og:type\" content=\"article\" \/>\n<meta property=\"og:title\" content=\"Protector de cama de algod\u00f3n - Tori Puru\" \/>\n<meta property=\"og:description\" content=\"Nuestro protector es la protecci\u00f3n natural perfecta para la cuna de tu beb\u00e9. Hecho de algod\u00f3n suave, ofrece una suave barrera contra golpes y corrientes de aire, asegurando que tu peque\u00f1o duerma tranquilamente. Disponible en una variedad de colores para complementar el estiloso dise\u00f1o de To ri Puru, es tanto funcional como elegante, a\u00f1adiendo un toque de elegancia a tu guarder\u00eda.\" \/>\n<meta property=\"og:url\" content=\"https:\/\/toripuru.shop\/es\/producto\/protector-de-cuna-trenza-muslin\/\" \/>\n<meta property=\"og:site_name\" content=\"Tori Puru\" \/>\n<meta property=\"article:publisher\" content=\"https:\/\/www.facebook.com\/people\/Tori-Puru\/61554449463733\/\" \/>\n<meta property=\"article:modified_time\" content=\"2024-08-09T12:47:57+00:00\" \/>\n<meta property=\"og:image\" content=\"https:\/\/toripuru.shop\/wp-content\/uploads\/2024\/03\/1-2.jpg\" \/>\n\t<meta property=\"og:image:width\" content=\"1700\" \/>\n\t<meta property=\"og:image:height\" content=\"1700\" \/>\n\t<meta property=\"og:image:type\" content=\"image\/jpeg\" \/>\n<meta name=\"twitter:card\" content=\"summary_large_image\" \/>\n<meta name=\"twitter:label1\" content=\"Tiempo de lectura\" \/>\n\t<meta name=\"twitter:data1\" content=\"1 minuto\" \/>\n<script type=\"application\/ld+json\" class=\"yoast-schema-graph\">{\"@context\":\"https:\/\/schema.org\",\"@graph\":[{\"@type\":\"WebPage\",\"@id\":\"https:\/\/toripuru.shop\/es\/producto\/protector-de-cuna-trenza-muslin\/\",\"url\":\"https:\/\/toripuru.shop\/es\/producto\/protector-de-cuna-trenza-muslin\/\",\"name\":\"Protector de cama de algod\u00f3n - Tori Puru\",\"isPartOf\":{\"@id\":\"https:\/\/toripuru.shop\/es\/#website\"},\"primaryImageOfPage\":{\"@id\":\"https:\/\/toripuru.shop\/es\/producto\/protector-de-cuna-trenza-muslin\/#primaryimage\"},\"image\":{\"@id\":\"https:\/\/toripuru.shop\/es\/producto\/protector-de-cuna-trenza-muslin\/#primaryimage\"},\"thumbnailUrl\":\"https:\/\/toripuru.shop\/wp-content\/uploads\/2024\/03\/1-2.jpg\",\"datePublished\":\"2024-03-04T14:57:15+00:00\",\"dateModified\":\"2024-08-09T12:47:57+00:00\",\"breadcrumb\":{\"@id\":\"https:\/\/toripuru.shop\/es\/producto\/protector-de-cuna-trenza-muslin\/#breadcrumb\"},\"inLanguage\":\"es\",\"potentialAction\":[{\"@type\":\"ReadAction\",\"target\":[\"https:\/\/toripuru.shop\/es\/producto\/protector-de-cuna-trenza-muslin\/\"]}]},{\"@type\":\"ImageObject\",\"inLanguage\":\"es\",\"@id\":\"https:\/\/toripuru.shop\/es\/producto\/protector-de-cuna-trenza-muslin\/#primaryimage\",\"url\":\"https:\/\/toripuru.shop\/wp-content\/uploads\/2024\/03\/1-2.jpg\",\"contentUrl\":\"https:\/\/toripuru.shop\/wp-content\/uploads\/2024\/03\/1-2.jpg\",\"width\":1700,\"height\":1700},{\"@type\":\"BreadcrumbList\",\"@id\":\"https:\/\/toripuru.shop\/es\/producto\/protector-de-cuna-trenza-muslin\/#breadcrumb\",\"itemListElement\":[{\"@type\":\"ListItem\",\"position\":1,\"name\":\"Home\",\"item\":\"https:\/\/toripuru.shop\/es\/\"},{\"@type\":\"ListItem\",\"position\":2,\"name\":\"Tienda\",\"item\":\"https:\/\/toripuru.shop\/es\/tienda-2\/\"},{\"@type\":\"ListItem\",\"position\":3,\"name\":\"Protector de cama de algod\u00f3n\"}]},{\"@type\":\"WebSite\",\"@id\":\"https:\/\/toripuru.shop\/es\/#website\",\"url\":\"https:\/\/toripuru.shop\/es\/\",\"name\":\"Tori Puru\",\"description\":\"Designed with care and love\",\"publisher\":{\"@id\":\"https:\/\/toripuru.shop\/es\/#organization\"},\"potentialAction\":[{\"@type\":\"SearchAction\",\"target\":{\"@type\":\"EntryPoint\",\"urlTemplate\":\"https:\/\/toripuru.shop\/es\/?s={search_term_string}\"},\"query-input\":{\"@type\":\"PropertyValueSpecification\",\"valueRequired\":true,\"valueName\":\"search_term_string\"}}],\"inLanguage\":\"es\"},{\"@type\":\"Organization\",\"@id\":\"https:\/\/toripuru.shop\/es\/#organization\",\"name\":\"Tori Puru - Premium Quality Costum Made Furniture in Marbella\",\"url\":\"https:\/\/toripuru.shop\/es\/\",\"logo\":{\"@type\":\"ImageObject\",\"inLanguage\":\"es\",\"@id\":\"https:\/\/toripuru.shop\/es\/#\/schema\/logo\/image\/\",\"url\":\"https:\/\/toripuru.shop\/wp-content\/uploads\/2024\/05\/cropped-ToriPuruLogo-grey.png\",\"contentUrl\":\"https:\/\/toripuru.shop\/wp-content\/uploads\/2024\/05\/cropped-ToriPuruLogo-grey.png\",\"width\":3477,\"height\":2318,\"caption\":\"Tori Puru - Premium Quality Costum Made Furniture in Marbella\"},\"image\":{\"@id\":\"https:\/\/toripuru.shop\/es\/#\/schema\/logo\/image\/\"},\"sameAs\":[\"https:\/\/www.facebook.com\/people\/Tori-Puru\/61554449463733\/\",\"https:\/\/www.instagram.com\/toripuru_eu\",\"https:\/\/www.tiktok.com\/@toripuru.eu\"]}]}<\/script>\n<!-- \/ Yoast SEO plugin. -->","yoast_head_json":{"title":"Protector de cama de algod\u00f3n - Tori Puru","robots":{"index":"noindex","follow":"nofollow"},"og_locale":"es_ES","og_type":"article","og_title":"Protector de cama de algod\u00f3n - Tori Puru","og_description":"Nuestro protector es la protecci\u00f3n natural perfecta para la cuna de tu beb\u00e9. Hecho de algod\u00f3n suave, ofrece una suave barrera contra golpes y corrientes de aire, asegurando que tu peque\u00f1o duerma tranquilamente. Disponible en una variedad de colores para complementar el estiloso dise\u00f1o de To ri Puru, es tanto funcional como elegante, a\u00f1adiendo un toque de elegancia a tu guarder\u00eda.","og_url":"https:\/\/toripuru.shop\/es\/producto\/protector-de-cuna-trenza-muslin\/","og_site_name":"Tori Puru","article_publisher":"https:\/\/www.facebook.com\/people\/Tori-Puru\/61554449463733\/","article_modified_time":"2024-08-09T12:47:57+00:00","og_image":[{"width":1700,"height":1700,"url":"https:\/\/toripuru.shop\/wp-content\/uploads\/2024\/03\/1-2.jpg","type":"image\/jpeg"}],"twitter_card":"summary_large_image","twitter_misc":{"Tiempo de lectura":"1 minuto"},"schema":{"@context":"https:\/\/schema.org","@graph":[{"@type":"WebPage","@id":"https:\/\/toripuru.shop\/es\/producto\/protector-de-cuna-trenza-muslin\/","url":"https:\/\/toripuru.shop\/es\/producto\/protector-de-cuna-trenza-muslin\/","name":"Protector de cama de algod\u00f3n - Tori Puru","isPartOf":{"@id":"https:\/\/toripuru.shop\/es\/#website"},"primaryImageOfPage":{"@id":"https:\/\/toripuru.shop\/es\/producto\/protector-de-cuna-trenza-muslin\/#primaryimage"},"image":{"@id":"https:\/\/toripuru.shop\/es\/producto\/protector-de-cuna-trenza-muslin\/#primaryimage"},"thumbnailUrl":"https:\/\/toripuru.shop\/wp-content\/uploads\/2024\/03\/1-2.jpg","datePublished":"2024-03-04T14:57:15+00:00","dateModified":"2024-08-09T12:47:57+00:00","breadcrumb":{"@id":"https:\/\/toripuru.shop\/es\/producto\/protector-de-cuna-trenza-muslin\/#breadcrumb"},"inLanguage":"es","potentialAction":[{"@type":"ReadAction","target":["https:\/\/toripuru.shop\/es\/producto\/protector-de-cuna-trenza-muslin\/"]}]},{"@type":"ImageObject","inLanguage":"es","@id":"https:\/\/toripuru.shop\/es\/producto\/protector-de-cuna-trenza-muslin\/#primaryimage","url":"https:\/\/toripuru.shop\/wp-content\/uploads\/2024\/03\/1-2.jpg","contentUrl":"https:\/\/toripuru.shop\/wp-content\/uploads\/2024\/03\/1-2.jpg","width":1700,"height":1700},{"@type":"BreadcrumbList","@id":"https:\/\/toripuru.shop\/es\/producto\/protector-de-cuna-trenza-muslin\/#breadcrumb","itemListElement":[{"@type":"ListItem","position":1,"name":"Home","item":"https:\/\/toripuru.shop\/es\/"},{"@type":"ListItem","position":2,"name":"Tienda","item":"https:\/\/toripuru.shop\/es\/tienda-2\/"},{"@type":"ListItem","position":3,"name":"Protector de cama de algod\u00f3n"}]},{"@type":"WebSite","@id":"https:\/\/toripuru.shop\/es\/#website","url":"https:\/\/toripuru.shop\/es\/","name":"Tori Puru","description":"Designed with care and love","publisher":{"@id":"https:\/\/toripuru.shop\/es\/#organization"},"potentialAction":[{"@type":"SearchAction","target":{"@type":"EntryPoint","urlTemplate":"https:\/\/toripuru.shop\/es\/?s={search_term_string}"},"query-input":{"@type":"PropertyValueSpecification","valueRequired":true,"valueName":"search_term_string"}}],"inLanguage":"es"},{"@type":"Organization","@id":"https:\/\/toripuru.shop\/es\/#organization","name":"Tori Puru - Premium Quality Costum Made Furniture in Marbella","url":"https:\/\/toripuru.shop\/es\/","logo":{"@type":"ImageObject","inLanguage":"es","@id":"https:\/\/toripuru.shop\/es\/#\/schema\/logo\/image\/","url":"https:\/\/toripuru.shop\/wp-content\/uploads\/2024\/05\/cropped-ToriPuruLogo-grey.png","contentUrl":"https:\/\/toripuru.shop\/wp-content\/uploads\/2024\/05\/cropped-ToriPuruLogo-grey.png","width":3477,"height":2318,"caption":"Tori Puru - Premium Quality Costum Made Furniture in Marbella"},"image":{"@id":"https:\/\/toripuru.shop\/es\/#\/schema\/logo\/image\/"},"sameAs":["https:\/\/www.facebook.com\/people\/Tori-Puru\/61554449463733\/","https:\/\/www.instagram.com\/toripuru_eu","https:\/\/www.tiktok.com\/@toripuru.eu"]}]}},"_links":{"self":[{"href":"https:\/\/toripuru.shop\/es\/wp-json\/wp\/v2\/product\/11122","targetHints":{"allow":["GET"]}}],"collection":[{"href":"https:\/\/toripuru.shop\/es\/wp-json\/wp\/v2\/product"}],"about":[{"href":"https:\/\/toripuru.shop\/es\/wp-json\/wp\/v2\/types\/product"}],"replies":[{"embeddable":true,"href":"https:\/\/toripuru.shop\/es\/wp-json\/wp\/v2\/comments?post=11122"}],"version-history":[{"count":2,"href":"https:\/\/toripuru.shop\/es\/wp-json\/wp\/v2\/product\/11122\/revisions"}],"predecessor-version":[{"id":12972,"href":"https:\/\/toripuru.shop\/es\/wp-json\/wp\/v2\/product\/11122\/revisions\/12972"}],"wp:featuredmedia":[{"embeddable":true,"href":"https:\/\/toripuru.shop\/es\/wp-json\/wp\/v2\/media\/12359"}],"wp:attachment":[{"href":"https:\/\/toripuru.shop\/es\/wp-json\/wp\/v2\/media?parent=11122"}],"wp:term":[{"taxonomy":"product_cat","embeddable":true,"href":"https:\/\/toripuru.shop\/es\/wp-json\/wp\/v2\/product_cat?post=11122"},{"taxonomy":"product_tag","embeddable":true,"href":"https:\/\/toripuru.shop\/es\/wp-json\/wp\/v2\/product_tag?post=11122"}],"curies":[{"name":"wp","href":"https:\/\/api.w.org\/{rel}","templated":true}]}}