{"id":11126,"date":"2024-07-05T11:37:53","date_gmt":"2024-07-05T11:37:53","guid":{"rendered":"https:\/\/toripuru.shop\/?post_type=product&#038;p=11126"},"modified":"2024-08-09T12:32:21","modified_gmt":"2024-08-09T12:32:21","slug":"bed-bonbon-copy","status":"publish","type":"product","link":"https:\/\/toripuru.shop\/es\/producto\/bed-bonbon-copy\/","title":{"rendered":"Manta de cachemira para beb\u00e9 hecha a mano"},"content":{"rendered":"","protected":false},"excerpt":{"rendered":"<p>Te presentamos nuestra exquisita manta para beb\u00e9 hecha a mano, cuidadosamente elaborada para garantizar la comodidad y el bienestar de tu peque\u00f1o.<br \/>\nFabricada con una lujosa mezcla de cachemira y lana de algod\u00f3n.<br \/>\nConscientes de la importancia de los art\u00edculos de alta calidad para tu hijo, hemos elegido meticulosamente materiales que combinan la calidez natural de la cachemira con la transpirabilidad y suavidad del algod\u00f3n.<br \/>\nEsta combinaci\u00f3n garantiza una manta que no s\u00f3lo es hipoalerg\u00e9nica, sino tambi\u00e9n perfecta para mantener a tu peque\u00f1o calentito sin sobrecalentarse.<br \/>\nEsta manta muestra la destreza artesanal de mujeres mayores y madres que dominan profesionalmente la confecci\u00f3n de tejidos a mano.<br \/>\nSu pericia es evidente en cada puntada, lo que contribuye a la durabilidad y calidad \u00fanica de cada manta.<br \/>\nAl elegir este producto, apoyas su activaci\u00f3n profesional y la conservaci\u00f3n de la artesan\u00eda tradicional.<\/p>\n","protected":false},"featured_media":11569,"comment_status":"closed","ping_status":"closed","template":"","meta":{"_acf_changed":false,"inline_featured_image":false},"product_cat":[133,192,140,211],"product_tag":[],"class_list":{"0":"post-11126","1":"product","2":"type-product","3":"status-publish","4":"has-post-thumbnail","6":"product_cat-nuevo","7":"product_cat-cachemira","8":"product_cat-textil","9":"product_cat-mantas-textiles","11":"first","12":"instock","13":"featured","14":"shipping-taxable","15":"purchasable","16":"product-type-variable","17":"has-default-attributes"},"acf":[],"yoast_head":"<!-- This site is optimized with the Yoast SEO plugin v26.8 - https:\/\/yoast.com\/product\/yoast-seo-wordpress\/ -->\n<title>Manta de cachemira para beb\u00e9 hecha a mano - Tori Puru<\/title>\n<meta name=\"robots\" content=\"noindex, nofollow\" \/>\n<meta property=\"og:locale\" content=\"es_ES\" \/>\n<meta property=\"og:type\" content=\"article\" \/>\n<meta property=\"og:title\" content=\"Manta de cachemira para beb\u00e9 hecha a mano - Tori Puru\" \/>\n<meta property=\"og:description\" content=\"Te presentamos nuestra exquisita manta para beb\u00e9 hecha a mano, cuidadosamente elaborada para garantizar la comodidad y el bienestar de tu peque\u00f1o. Fabricada con una lujosa mezcla de cachemira y lana de algod\u00f3n. Conscientes de la importancia de los art\u00edculos de alta calidad para tu hijo, hemos elegido meticulosamente materiales que combinan la calidez natural de la cachemira con la transpirabilidad y suavidad del algod\u00f3n. Esta combinaci\u00f3n garantiza una manta que no s\u00f3lo es hipoalerg\u00e9nica, sino tambi\u00e9n perfecta para mantener a tu peque\u00f1o calentito sin sobrecalentarse. Esta manta muestra la destreza artesanal de mujeres mayores y madres que dominan profesionalmente la confecci\u00f3n de tejidos a mano. Su pericia es evidente en cada puntada, lo que contribuye a la durabilidad y calidad \u00fanica de cada manta. Al elegir este producto, apoyas su activaci\u00f3n profesional y la conservaci\u00f3n de la artesan\u00eda tradicional.\" \/>\n<meta property=\"og:url\" content=\"https:\/\/toripuru.shop\/es\/producto\/bed-bonbon-copy\/\" \/>\n<meta property=\"og:site_name\" content=\"Tori Puru\" \/>\n<meta property=\"article:publisher\" content=\"https:\/\/www.facebook.com\/people\/Tori-Puru\/61554449463733\/\" \/>\n<meta property=\"article:modified_time\" content=\"2024-08-09T12:32:21+00:00\" \/>\n<meta property=\"og:image\" content=\"https:\/\/toripuru.shop\/wp-content\/uploads\/2024\/07\/1-1-e1721297826988.jpg\" \/>\n\t<meta property=\"og:image:width\" content=\"1920\" \/>\n\t<meta property=\"og:image:height\" content=\"1920\" \/>\n\t<meta property=\"og:image:type\" content=\"image\/jpeg\" \/>\n<meta name=\"twitter:card\" content=\"summary_large_image\" \/>\n<meta name=\"twitter:label1\" content=\"Tiempo de lectura\" \/>\n\t<meta name=\"twitter:data1\" content=\"1 minuto\" \/>\n<script type=\"application\/ld+json\" class=\"yoast-schema-graph\">{\"@context\":\"https:\/\/schema.org\",\"@graph\":[{\"@type\":\"WebPage\",\"@id\":\"https:\/\/toripuru.shop\/es\/producto\/bed-bonbon-copy\/\",\"url\":\"https:\/\/toripuru.shop\/es\/producto\/bed-bonbon-copy\/\",\"name\":\"Manta de cachemira para beb\u00e9 hecha a mano - Tori Puru\",\"isPartOf\":{\"@id\":\"https:\/\/toripuru.shop\/es\/#website\"},\"primaryImageOfPage\":{\"@id\":\"https:\/\/toripuru.shop\/es\/producto\/bed-bonbon-copy\/#primaryimage\"},\"image\":{\"@id\":\"https:\/\/toripuru.shop\/es\/producto\/bed-bonbon-copy\/#primaryimage\"},\"thumbnailUrl\":\"https:\/\/toripuru.shop\/wp-content\/uploads\/2024\/07\/1-1-e1721297826988.jpg\",\"datePublished\":\"2024-07-05T11:37:53+00:00\",\"dateModified\":\"2024-08-09T12:32:21+00:00\",\"breadcrumb\":{\"@id\":\"https:\/\/toripuru.shop\/es\/producto\/bed-bonbon-copy\/#breadcrumb\"},\"inLanguage\":\"es\",\"potentialAction\":[{\"@type\":\"ReadAction\",\"target\":[\"https:\/\/toripuru.shop\/es\/producto\/bed-bonbon-copy\/\"]}]},{\"@type\":\"ImageObject\",\"inLanguage\":\"es\",\"@id\":\"https:\/\/toripuru.shop\/es\/producto\/bed-bonbon-copy\/#primaryimage\",\"url\":\"https:\/\/toripuru.shop\/wp-content\/uploads\/2024\/07\/1-1-e1721297826988.jpg\",\"contentUrl\":\"https:\/\/toripuru.shop\/wp-content\/uploads\/2024\/07\/1-1-e1721297826988.jpg\",\"width\":1920,\"height\":1920},{\"@type\":\"BreadcrumbList\",\"@id\":\"https:\/\/toripuru.shop\/es\/producto\/bed-bonbon-copy\/#breadcrumb\",\"itemListElement\":[{\"@type\":\"ListItem\",\"position\":1,\"name\":\"Home\",\"item\":\"https:\/\/toripuru.shop\/es\/\"},{\"@type\":\"ListItem\",\"position\":2,\"name\":\"Tienda\",\"item\":\"https:\/\/toripuru.shop\/es\/tienda-2\/\"},{\"@type\":\"ListItem\",\"position\":3,\"name\":\"Manta de cachemira para beb\u00e9 hecha a mano\"}]},{\"@type\":\"WebSite\",\"@id\":\"https:\/\/toripuru.shop\/es\/#website\",\"url\":\"https:\/\/toripuru.shop\/es\/\",\"name\":\"Tori Puru\",\"description\":\"Designed with care and love\",\"publisher\":{\"@id\":\"https:\/\/toripuru.shop\/es\/#organization\"},\"potentialAction\":[{\"@type\":\"SearchAction\",\"target\":{\"@type\":\"EntryPoint\",\"urlTemplate\":\"https:\/\/toripuru.shop\/es\/?s={search_term_string}\"},\"query-input\":{\"@type\":\"PropertyValueSpecification\",\"valueRequired\":true,\"valueName\":\"search_term_string\"}}],\"inLanguage\":\"es\"},{\"@type\":\"Organization\",\"@id\":\"https:\/\/toripuru.shop\/es\/#organization\",\"name\":\"Tori Puru - Premium Quality Costum Made Furniture in Marbella\",\"url\":\"https:\/\/toripuru.shop\/es\/\",\"logo\":{\"@type\":\"ImageObject\",\"inLanguage\":\"es\",\"@id\":\"https:\/\/toripuru.shop\/es\/#\/schema\/logo\/image\/\",\"url\":\"https:\/\/toripuru.shop\/wp-content\/uploads\/2024\/05\/cropped-ToriPuruLogo-grey.png\",\"contentUrl\":\"https:\/\/toripuru.shop\/wp-content\/uploads\/2024\/05\/cropped-ToriPuruLogo-grey.png\",\"width\":3477,\"height\":2318,\"caption\":\"Tori Puru - Premium Quality Costum Made Furniture in Marbella\"},\"image\":{\"@id\":\"https:\/\/toripuru.shop\/es\/#\/schema\/logo\/image\/\"},\"sameAs\":[\"https:\/\/www.facebook.com\/people\/Tori-Puru\/61554449463733\/\",\"https:\/\/www.instagram.com\/toripuru_eu\",\"https:\/\/www.tiktok.com\/@toripuru.eu\"]}]}<\/script>\n<!-- \/ Yoast SEO plugin. -->","yoast_head_json":{"title":"Manta de cachemira para beb\u00e9 hecha a mano - Tori Puru","robots":{"index":"noindex","follow":"nofollow"},"og_locale":"es_ES","og_type":"article","og_title":"Manta de cachemira para beb\u00e9 hecha a mano - Tori Puru","og_description":"Te presentamos nuestra exquisita manta para beb\u00e9 hecha a mano, cuidadosamente elaborada para garantizar la comodidad y el bienestar de tu peque\u00f1o. Fabricada con una lujosa mezcla de cachemira y lana de algod\u00f3n. Conscientes de la importancia de los art\u00edculos de alta calidad para tu hijo, hemos elegido meticulosamente materiales que combinan la calidez natural de la cachemira con la transpirabilidad y suavidad del algod\u00f3n. Esta combinaci\u00f3n garantiza una manta que no s\u00f3lo es hipoalerg\u00e9nica, sino tambi\u00e9n perfecta para mantener a tu peque\u00f1o calentito sin sobrecalentarse. Esta manta muestra la destreza artesanal de mujeres mayores y madres que dominan profesionalmente la confecci\u00f3n de tejidos a mano. Su pericia es evidente en cada puntada, lo que contribuye a la durabilidad y calidad \u00fanica de cada manta. Al elegir este producto, apoyas su activaci\u00f3n profesional y la conservaci\u00f3n de la artesan\u00eda tradicional.","og_url":"https:\/\/toripuru.shop\/es\/producto\/bed-bonbon-copy\/","og_site_name":"Tori Puru","article_publisher":"https:\/\/www.facebook.com\/people\/Tori-Puru\/61554449463733\/","article_modified_time":"2024-08-09T12:32:21+00:00","og_image":[{"width":1920,"height":1920,"url":"https:\/\/toripuru.shop\/wp-content\/uploads\/2024\/07\/1-1-e1721297826988.jpg","type":"image\/jpeg"}],"twitter_card":"summary_large_image","twitter_misc":{"Tiempo de lectura":"1 minuto"},"schema":{"@context":"https:\/\/schema.org","@graph":[{"@type":"WebPage","@id":"https:\/\/toripuru.shop\/es\/producto\/bed-bonbon-copy\/","url":"https:\/\/toripuru.shop\/es\/producto\/bed-bonbon-copy\/","name":"Manta de cachemira para beb\u00e9 hecha a mano - Tori Puru","isPartOf":{"@id":"https:\/\/toripuru.shop\/es\/#website"},"primaryImageOfPage":{"@id":"https:\/\/toripuru.shop\/es\/producto\/bed-bonbon-copy\/#primaryimage"},"image":{"@id":"https:\/\/toripuru.shop\/es\/producto\/bed-bonbon-copy\/#primaryimage"},"thumbnailUrl":"https:\/\/toripuru.shop\/wp-content\/uploads\/2024\/07\/1-1-e1721297826988.jpg","datePublished":"2024-07-05T11:37:53+00:00","dateModified":"2024-08-09T12:32:21+00:00","breadcrumb":{"@id":"https:\/\/toripuru.shop\/es\/producto\/bed-bonbon-copy\/#breadcrumb"},"inLanguage":"es","potentialAction":[{"@type":"ReadAction","target":["https:\/\/toripuru.shop\/es\/producto\/bed-bonbon-copy\/"]}]},{"@type":"ImageObject","inLanguage":"es","@id":"https:\/\/toripuru.shop\/es\/producto\/bed-bonbon-copy\/#primaryimage","url":"https:\/\/toripuru.shop\/wp-content\/uploads\/2024\/07\/1-1-e1721297826988.jpg","contentUrl":"https:\/\/toripuru.shop\/wp-content\/uploads\/2024\/07\/1-1-e1721297826988.jpg","width":1920,"height":1920},{"@type":"BreadcrumbList","@id":"https:\/\/toripuru.shop\/es\/producto\/bed-bonbon-copy\/#breadcrumb","itemListElement":[{"@type":"ListItem","position":1,"name":"Home","item":"https:\/\/toripuru.shop\/es\/"},{"@type":"ListItem","position":2,"name":"Tienda","item":"https:\/\/toripuru.shop\/es\/tienda-2\/"},{"@type":"ListItem","position":3,"name":"Manta de cachemira para beb\u00e9 hecha a mano"}]},{"@type":"WebSite","@id":"https:\/\/toripuru.shop\/es\/#website","url":"https:\/\/toripuru.shop\/es\/","name":"Tori Puru","description":"Designed with care and love","publisher":{"@id":"https:\/\/toripuru.shop\/es\/#organization"},"potentialAction":[{"@type":"SearchAction","target":{"@type":"EntryPoint","urlTemplate":"https:\/\/toripuru.shop\/es\/?s={search_term_string}"},"query-input":{"@type":"PropertyValueSpecification","valueRequired":true,"valueName":"search_term_string"}}],"inLanguage":"es"},{"@type":"Organization","@id":"https:\/\/toripuru.shop\/es\/#organization","name":"Tori Puru - Premium Quality Costum Made Furniture in Marbella","url":"https:\/\/toripuru.shop\/es\/","logo":{"@type":"ImageObject","inLanguage":"es","@id":"https:\/\/toripuru.shop\/es\/#\/schema\/logo\/image\/","url":"https:\/\/toripuru.shop\/wp-content\/uploads\/2024\/05\/cropped-ToriPuruLogo-grey.png","contentUrl":"https:\/\/toripuru.shop\/wp-content\/uploads\/2024\/05\/cropped-ToriPuruLogo-grey.png","width":3477,"height":2318,"caption":"Tori Puru - Premium Quality Costum Made Furniture in Marbella"},"image":{"@id":"https:\/\/toripuru.shop\/es\/#\/schema\/logo\/image\/"},"sameAs":["https:\/\/www.facebook.com\/people\/Tori-Puru\/61554449463733\/","https:\/\/www.instagram.com\/toripuru_eu","https:\/\/www.tiktok.com\/@toripuru.eu"]}]}},"_links":{"self":[{"href":"https:\/\/toripuru.shop\/es\/wp-json\/wp\/v2\/product\/11126","targetHints":{"allow":["GET"]}}],"collection":[{"href":"https:\/\/toripuru.shop\/es\/wp-json\/wp\/v2\/product"}],"about":[{"href":"https:\/\/toripuru.shop\/es\/wp-json\/wp\/v2\/types\/product"}],"replies":[{"embeddable":true,"href":"https:\/\/toripuru.shop\/es\/wp-json\/wp\/v2\/comments?post=11126"}],"version-history":[{"count":3,"href":"https:\/\/toripuru.shop\/es\/wp-json\/wp\/v2\/product\/11126\/revisions"}],"predecessor-version":[{"id":12956,"href":"https:\/\/toripuru.shop\/es\/wp-json\/wp\/v2\/product\/11126\/revisions\/12956"}],"wp:featuredmedia":[{"embeddable":true,"href":"https:\/\/toripuru.shop\/es\/wp-json\/wp\/v2\/media\/11569"}],"wp:attachment":[{"href":"https:\/\/toripuru.shop\/es\/wp-json\/wp\/v2\/media?parent=11126"}],"wp:term":[{"taxonomy":"product_cat","embeddable":true,"href":"https:\/\/toripuru.shop\/es\/wp-json\/wp\/v2\/product_cat?post=11126"},{"taxonomy":"product_tag","embeddable":true,"href":"https:\/\/toripuru.shop\/es\/wp-json\/wp\/v2\/product_tag?post=11126"}],"curies":[{"name":"wp","href":"https:\/\/api.w.org\/{rel}","templated":true}]}}