{"id":11162,"date":"2024-05-14T11:36:29","date_gmt":"2024-05-14T11:36:29","guid":{"rendered":"https:\/\/toripuru.shop\/product\/juego-de-cama-de-algodon-con-relleno\/"},"modified":"2024-08-09T12:38:25","modified_gmt":"2024-08-09T12:38:25","slug":"juego-de-cama-de-algodon-con-relleno","status":"publish","type":"product","link":"https:\/\/toripuru.shop\/es\/producto\/juego-de-cama-de-algodon-con-relleno\/","title":{"rendered":"Juego de cama de algod\u00f3n con relleno"},"content":{"rendered":"","protected":false},"excerpt":{"rendered":"<p style=\"font-weight: 400;\">Presentamos nuestro juego de s\u00e1banas de algod\u00f3n de primera calidad.<br \/>\nFabricado con algod\u00f3n puro y ultrasuave, cada pieza de este juego est\u00e1 dise\u00f1ada para ser suave con la delicada piel de tu beb\u00e9, ofreci\u00e9ndole una comodidad y un confort inigualables durante sus primeros a\u00f1os.<br \/>\nHemos elegido para nuestro juego un relleno de fibra de algod\u00f3n de alta calidad, c\u00e9lebre por sus propiedades hipoalerg\u00e9nicas naturales. Presume de un grosor \u00f3ptimo de relleno para una perfecta aislaci\u00f3n El material de algod\u00f3n se obtiene en Espa\u00f1a, conocido por su calidad y durabilidad premium.<\/p>\n","protected":false},"featured_media":11648,"comment_status":"closed","ping_status":"closed","template":"","meta":{"_acf_changed":false,"inline_featured_image":false},"product_cat":[133,188,140,210],"product_tag":[],"class_list":{"0":"post-11162","1":"product","2":"type-product","3":"status-publish","4":"has-post-thumbnail","6":"product_cat-nuevo","7":"product_cat-algodon","8":"product_cat-textil","9":"product_cat-ropa-de-cama","10":"pa_color-azul","11":"pa_color-rosa","13":"first","14":"instock","15":"featured","16":"shipping-taxable","17":"purchasable","18":"product-type-variable","19":"has-default-attributes"},"acf":[],"yoast_head":"<!-- This site is optimized with the Yoast SEO plugin v26.8 - https:\/\/yoast.com\/product\/yoast-seo-wordpress\/ -->\n<title>Juego de cama de algod\u00f3n con relleno - Tori Puru<\/title>\n<meta name=\"robots\" content=\"noindex, nofollow\" \/>\n<meta property=\"og:locale\" content=\"es_ES\" \/>\n<meta property=\"og:type\" content=\"article\" \/>\n<meta property=\"og:title\" content=\"Juego de cama de algod\u00f3n con relleno - Tori Puru\" \/>\n<meta property=\"og:description\" content=\"Presentamos nuestro juego de s\u00e1banas de algod\u00f3n de primera calidad. Fabricado con algod\u00f3n puro y ultrasuave, cada pieza de este juego est\u00e1 dise\u00f1ada para ser suave con la delicada piel de tu beb\u00e9, ofreci\u00e9ndole una comodidad y un confort inigualables durante sus primeros a\u00f1os. Hemos elegido para nuestro juego un relleno de fibra de algod\u00f3n de alta calidad, c\u00e9lebre por sus propiedades hipoalerg\u00e9nicas naturales. Presume de un grosor \u00f3ptimo de relleno para una perfecta aislaci\u00f3n El material de algod\u00f3n se obtiene en Espa\u00f1a, conocido por su calidad y durabilidad premium.\" \/>\n<meta property=\"og:url\" content=\"https:\/\/toripuru.shop\/es\/producto\/juego-de-cama-de-algodon-con-relleno\/\" \/>\n<meta property=\"og:site_name\" content=\"Tori Puru\" \/>\n<meta property=\"article:publisher\" content=\"https:\/\/www.facebook.com\/people\/Tori-Puru\/61554449463733\/\" \/>\n<meta property=\"article:modified_time\" content=\"2024-08-09T12:38:25+00:00\" \/>\n<meta property=\"og:image\" content=\"https:\/\/toripuru.shop\/wp-content\/uploads\/2024\/05\/1-2.jpg\" \/>\n\t<meta property=\"og:image:width\" content=\"1700\" \/>\n\t<meta property=\"og:image:height\" content=\"1700\" \/>\n\t<meta property=\"og:image:type\" content=\"image\/jpeg\" \/>\n<meta name=\"twitter:card\" content=\"summary_large_image\" \/>\n<meta name=\"twitter:label1\" content=\"Tiempo de lectura\" \/>\n\t<meta name=\"twitter:data1\" content=\"1 minuto\" \/>\n<script type=\"application\/ld+json\" class=\"yoast-schema-graph\">{\"@context\":\"https:\/\/schema.org\",\"@graph\":[{\"@type\":\"WebPage\",\"@id\":\"https:\/\/toripuru.shop\/es\/producto\/juego-de-cama-de-algodon-con-relleno\/\",\"url\":\"https:\/\/toripuru.shop\/es\/producto\/juego-de-cama-de-algodon-con-relleno\/\",\"name\":\"Juego de cama de algod\u00f3n con relleno - Tori Puru\",\"isPartOf\":{\"@id\":\"https:\/\/toripuru.shop\/es\/#website\"},\"primaryImageOfPage\":{\"@id\":\"https:\/\/toripuru.shop\/es\/producto\/juego-de-cama-de-algodon-con-relleno\/#primaryimage\"},\"image\":{\"@id\":\"https:\/\/toripuru.shop\/es\/producto\/juego-de-cama-de-algodon-con-relleno\/#primaryimage\"},\"thumbnailUrl\":\"https:\/\/toripuru.shop\/wp-content\/uploads\/2024\/05\/1-2.jpg\",\"datePublished\":\"2024-05-14T11:36:29+00:00\",\"dateModified\":\"2024-08-09T12:38:25+00:00\",\"breadcrumb\":{\"@id\":\"https:\/\/toripuru.shop\/es\/producto\/juego-de-cama-de-algodon-con-relleno\/#breadcrumb\"},\"inLanguage\":\"es\",\"potentialAction\":[{\"@type\":\"ReadAction\",\"target\":[\"https:\/\/toripuru.shop\/es\/producto\/juego-de-cama-de-algodon-con-relleno\/\"]}]},{\"@type\":\"ImageObject\",\"inLanguage\":\"es\",\"@id\":\"https:\/\/toripuru.shop\/es\/producto\/juego-de-cama-de-algodon-con-relleno\/#primaryimage\",\"url\":\"https:\/\/toripuru.shop\/wp-content\/uploads\/2024\/05\/1-2.jpg\",\"contentUrl\":\"https:\/\/toripuru.shop\/wp-content\/uploads\/2024\/05\/1-2.jpg\",\"width\":1700,\"height\":1700},{\"@type\":\"BreadcrumbList\",\"@id\":\"https:\/\/toripuru.shop\/es\/producto\/juego-de-cama-de-algodon-con-relleno\/#breadcrumb\",\"itemListElement\":[{\"@type\":\"ListItem\",\"position\":1,\"name\":\"Home\",\"item\":\"https:\/\/toripuru.shop\/es\/\"},{\"@type\":\"ListItem\",\"position\":2,\"name\":\"Tienda\",\"item\":\"https:\/\/toripuru.shop\/es\/tienda-2\/\"},{\"@type\":\"ListItem\",\"position\":3,\"name\":\"Juego de cama de algod\u00f3n con relleno\"}]},{\"@type\":\"WebSite\",\"@id\":\"https:\/\/toripuru.shop\/es\/#website\",\"url\":\"https:\/\/toripuru.shop\/es\/\",\"name\":\"Tori Puru\",\"description\":\"Designed with care and love\",\"publisher\":{\"@id\":\"https:\/\/toripuru.shop\/es\/#organization\"},\"potentialAction\":[{\"@type\":\"SearchAction\",\"target\":{\"@type\":\"EntryPoint\",\"urlTemplate\":\"https:\/\/toripuru.shop\/es\/?s={search_term_string}\"},\"query-input\":{\"@type\":\"PropertyValueSpecification\",\"valueRequired\":true,\"valueName\":\"search_term_string\"}}],\"inLanguage\":\"es\"},{\"@type\":\"Organization\",\"@id\":\"https:\/\/toripuru.shop\/es\/#organization\",\"name\":\"Tori Puru - Premium Quality Costum Made Furniture in Marbella\",\"url\":\"https:\/\/toripuru.shop\/es\/\",\"logo\":{\"@type\":\"ImageObject\",\"inLanguage\":\"es\",\"@id\":\"https:\/\/toripuru.shop\/es\/#\/schema\/logo\/image\/\",\"url\":\"https:\/\/toripuru.shop\/wp-content\/uploads\/2024\/05\/cropped-ToriPuruLogo-grey.png\",\"contentUrl\":\"https:\/\/toripuru.shop\/wp-content\/uploads\/2024\/05\/cropped-ToriPuruLogo-grey.png\",\"width\":3477,\"height\":2318,\"caption\":\"Tori Puru - Premium Quality Costum Made Furniture in Marbella\"},\"image\":{\"@id\":\"https:\/\/toripuru.shop\/es\/#\/schema\/logo\/image\/\"},\"sameAs\":[\"https:\/\/www.facebook.com\/people\/Tori-Puru\/61554449463733\/\",\"https:\/\/www.instagram.com\/toripuru_eu\",\"https:\/\/www.tiktok.com\/@toripuru.eu\"]}]}<\/script>\n<!-- \/ Yoast SEO plugin. -->","yoast_head_json":{"title":"Juego de cama de algod\u00f3n con relleno - Tori Puru","robots":{"index":"noindex","follow":"nofollow"},"og_locale":"es_ES","og_type":"article","og_title":"Juego de cama de algod\u00f3n con relleno - Tori Puru","og_description":"Presentamos nuestro juego de s\u00e1banas de algod\u00f3n de primera calidad. Fabricado con algod\u00f3n puro y ultrasuave, cada pieza de este juego est\u00e1 dise\u00f1ada para ser suave con la delicada piel de tu beb\u00e9, ofreci\u00e9ndole una comodidad y un confort inigualables durante sus primeros a\u00f1os. Hemos elegido para nuestro juego un relleno de fibra de algod\u00f3n de alta calidad, c\u00e9lebre por sus propiedades hipoalerg\u00e9nicas naturales. Presume de un grosor \u00f3ptimo de relleno para una perfecta aislaci\u00f3n El material de algod\u00f3n se obtiene en Espa\u00f1a, conocido por su calidad y durabilidad premium.","og_url":"https:\/\/toripuru.shop\/es\/producto\/juego-de-cama-de-algodon-con-relleno\/","og_site_name":"Tori Puru","article_publisher":"https:\/\/www.facebook.com\/people\/Tori-Puru\/61554449463733\/","article_modified_time":"2024-08-09T12:38:25+00:00","og_image":[{"width":1700,"height":1700,"url":"https:\/\/toripuru.shop\/wp-content\/uploads\/2024\/05\/1-2.jpg","type":"image\/jpeg"}],"twitter_card":"summary_large_image","twitter_misc":{"Tiempo de lectura":"1 minuto"},"schema":{"@context":"https:\/\/schema.org","@graph":[{"@type":"WebPage","@id":"https:\/\/toripuru.shop\/es\/producto\/juego-de-cama-de-algodon-con-relleno\/","url":"https:\/\/toripuru.shop\/es\/producto\/juego-de-cama-de-algodon-con-relleno\/","name":"Juego de cama de algod\u00f3n con relleno - Tori Puru","isPartOf":{"@id":"https:\/\/toripuru.shop\/es\/#website"},"primaryImageOfPage":{"@id":"https:\/\/toripuru.shop\/es\/producto\/juego-de-cama-de-algodon-con-relleno\/#primaryimage"},"image":{"@id":"https:\/\/toripuru.shop\/es\/producto\/juego-de-cama-de-algodon-con-relleno\/#primaryimage"},"thumbnailUrl":"https:\/\/toripuru.shop\/wp-content\/uploads\/2024\/05\/1-2.jpg","datePublished":"2024-05-14T11:36:29+00:00","dateModified":"2024-08-09T12:38:25+00:00","breadcrumb":{"@id":"https:\/\/toripuru.shop\/es\/producto\/juego-de-cama-de-algodon-con-relleno\/#breadcrumb"},"inLanguage":"es","potentialAction":[{"@type":"ReadAction","target":["https:\/\/toripuru.shop\/es\/producto\/juego-de-cama-de-algodon-con-relleno\/"]}]},{"@type":"ImageObject","inLanguage":"es","@id":"https:\/\/toripuru.shop\/es\/producto\/juego-de-cama-de-algodon-con-relleno\/#primaryimage","url":"https:\/\/toripuru.shop\/wp-content\/uploads\/2024\/05\/1-2.jpg","contentUrl":"https:\/\/toripuru.shop\/wp-content\/uploads\/2024\/05\/1-2.jpg","width":1700,"height":1700},{"@type":"BreadcrumbList","@id":"https:\/\/toripuru.shop\/es\/producto\/juego-de-cama-de-algodon-con-relleno\/#breadcrumb","itemListElement":[{"@type":"ListItem","position":1,"name":"Home","item":"https:\/\/toripuru.shop\/es\/"},{"@type":"ListItem","position":2,"name":"Tienda","item":"https:\/\/toripuru.shop\/es\/tienda-2\/"},{"@type":"ListItem","position":3,"name":"Juego de cama de algod\u00f3n con relleno"}]},{"@type":"WebSite","@id":"https:\/\/toripuru.shop\/es\/#website","url":"https:\/\/toripuru.shop\/es\/","name":"Tori Puru","description":"Designed with care and love","publisher":{"@id":"https:\/\/toripuru.shop\/es\/#organization"},"potentialAction":[{"@type":"SearchAction","target":{"@type":"EntryPoint","urlTemplate":"https:\/\/toripuru.shop\/es\/?s={search_term_string}"},"query-input":{"@type":"PropertyValueSpecification","valueRequired":true,"valueName":"search_term_string"}}],"inLanguage":"es"},{"@type":"Organization","@id":"https:\/\/toripuru.shop\/es\/#organization","name":"Tori Puru - Premium Quality Costum Made Furniture in Marbella","url":"https:\/\/toripuru.shop\/es\/","logo":{"@type":"ImageObject","inLanguage":"es","@id":"https:\/\/toripuru.shop\/es\/#\/schema\/logo\/image\/","url":"https:\/\/toripuru.shop\/wp-content\/uploads\/2024\/05\/cropped-ToriPuruLogo-grey.png","contentUrl":"https:\/\/toripuru.shop\/wp-content\/uploads\/2024\/05\/cropped-ToriPuruLogo-grey.png","width":3477,"height":2318,"caption":"Tori Puru - Premium Quality Costum Made Furniture in Marbella"},"image":{"@id":"https:\/\/toripuru.shop\/es\/#\/schema\/logo\/image\/"},"sameAs":["https:\/\/www.facebook.com\/people\/Tori-Puru\/61554449463733\/","https:\/\/www.instagram.com\/toripuru_eu","https:\/\/www.tiktok.com\/@toripuru.eu"]}]}},"_links":{"self":[{"href":"https:\/\/toripuru.shop\/es\/wp-json\/wp\/v2\/product\/11162","targetHints":{"allow":["GET"]}}],"collection":[{"href":"https:\/\/toripuru.shop\/es\/wp-json\/wp\/v2\/product"}],"about":[{"href":"https:\/\/toripuru.shop\/es\/wp-json\/wp\/v2\/types\/product"}],"replies":[{"embeddable":true,"href":"https:\/\/toripuru.shop\/es\/wp-json\/wp\/v2\/comments?post=11162"}],"version-history":[{"count":2,"href":"https:\/\/toripuru.shop\/es\/wp-json\/wp\/v2\/product\/11162\/revisions"}],"predecessor-version":[{"id":12960,"href":"https:\/\/toripuru.shop\/es\/wp-json\/wp\/v2\/product\/11162\/revisions\/12960"}],"wp:featuredmedia":[{"embeddable":true,"href":"https:\/\/toripuru.shop\/es\/wp-json\/wp\/v2\/media\/11648"}],"wp:attachment":[{"href":"https:\/\/toripuru.shop\/es\/wp-json\/wp\/v2\/media?parent=11162"}],"wp:term":[{"taxonomy":"product_cat","embeddable":true,"href":"https:\/\/toripuru.shop\/es\/wp-json\/wp\/v2\/product_cat?post=11162"},{"taxonomy":"product_tag","embeddable":true,"href":"https:\/\/toripuru.shop\/es\/wp-json\/wp\/v2\/product_tag?post=11162"}],"curies":[{"name":"wp","href":"https:\/\/api.w.org\/{rel}","templated":true}]}}