{"id":11165,"date":"2024-05-14T11:40:15","date_gmt":"2024-05-14T11:40:15","guid":{"rendered":"https:\/\/toripuru.shop\/product\/manta-de-muselina-para-envolver-rosa-con-apliques-dorados\/"},"modified":"2024-08-09T12:35:21","modified_gmt":"2024-08-09T12:35:21","slug":"manta-de-muselina-para-envolver-rosa-con-apliques-dorados","status":"publish","type":"product","link":"https:\/\/toripuru.shop\/es\/producto\/manta-de-muselina-para-envolver-rosa-con-apliques-dorados\/","title":{"rendered":"Fular de muselina de algod\u00f3n con inserciones doradas"},"content":{"rendered":"","protected":false},"excerpt":{"rendered":"<p>Un fular de muselina es un complemento pr\u00e1ctico y bonito para la canastilla del beb\u00e9.<br \/>\nCosemos nuestros pa\u00f1ales con algod\u00f3n muselina certificado de la m\u00e1s alta calidad, que es suave, agradable al tacto y excepcionalmente duradero. La muselina es un material transpirable que no sobrecalienta la piel del beb\u00e9 incluso en d\u00edas c\u00e1lidos Adem\u00e1s, enriquecidos con inserciones doradas, se convierten en un elegante complemento para un regalo.<br \/>\nTienen un pr\u00e1ctico tama\u00f1o de 100&#215;100 cm, y gracias a su alta calidad y durabilidad, te servir\u00e1n mientras las necesites.<\/p>\n","protected":false},"featured_media":11631,"comment_status":"closed","ping_status":"closed","template":"","meta":{"_acf_changed":false,"inline_featured_image":false},"product_cat":[133,188,140,211],"product_tag":[],"class_list":{"0":"post-11165","1":"product","2":"type-product","3":"status-publish","4":"has-post-thumbnail","6":"product_cat-nuevo","7":"product_cat-algodon","8":"product_cat-textil","9":"product_cat-mantas-textiles","10":"pa_color-crema","11":"pa_color-rosa","13":"first","14":"instock","15":"featured","16":"shipping-taxable","17":"purchasable","18":"product-type-variable","19":"has-default-attributes"},"acf":[],"yoast_head":"<!-- This site is optimized with the Yoast SEO plugin v26.8 - https:\/\/yoast.com\/product\/yoast-seo-wordpress\/ -->\n<title>Fular de muselina de algod\u00f3n con inserciones doradas - Tori Puru<\/title>\n<meta name=\"robots\" content=\"noindex, nofollow\" \/>\n<meta property=\"og:locale\" content=\"es_ES\" \/>\n<meta property=\"og:type\" content=\"article\" \/>\n<meta property=\"og:title\" content=\"Fular de muselina de algod\u00f3n con inserciones doradas - Tori Puru\" \/>\n<meta property=\"og:description\" content=\"Un fular de muselina es un complemento pr\u00e1ctico y bonito para la canastilla del beb\u00e9. Cosemos nuestros pa\u00f1ales con algod\u00f3n muselina certificado de la m\u00e1s alta calidad, que es suave, agradable al tacto y excepcionalmente duradero. La muselina es un material transpirable que no sobrecalienta la piel del beb\u00e9 incluso en d\u00edas c\u00e1lidos Adem\u00e1s, enriquecidos con inserciones doradas, se convierten en un elegante complemento para un regalo. Tienen un pr\u00e1ctico tama\u00f1o de 100x100 cm, y gracias a su alta calidad y durabilidad, te servir\u00e1n mientras las necesites.\" \/>\n<meta property=\"og:url\" content=\"https:\/\/toripuru.shop\/es\/producto\/manta-de-muselina-para-envolver-rosa-con-apliques-dorados\/\" \/>\n<meta property=\"og:site_name\" content=\"Tori Puru\" \/>\n<meta property=\"article:publisher\" content=\"https:\/\/www.facebook.com\/people\/Tori-Puru\/61554449463733\/\" \/>\n<meta property=\"article:modified_time\" content=\"2024-08-09T12:35:21+00:00\" \/>\n<meta property=\"og:image\" content=\"https:\/\/toripuru.shop\/wp-content\/uploads\/2024\/05\/1-1.jpg\" \/>\n\t<meta property=\"og:image:width\" content=\"1700\" \/>\n\t<meta property=\"og:image:height\" content=\"1700\" \/>\n\t<meta property=\"og:image:type\" content=\"image\/jpeg\" \/>\n<meta name=\"twitter:card\" content=\"summary_large_image\" \/>\n<meta name=\"twitter:label1\" content=\"Tiempo de lectura\" \/>\n\t<meta name=\"twitter:data1\" content=\"1 minuto\" \/>\n<script type=\"application\/ld+json\" class=\"yoast-schema-graph\">{\"@context\":\"https:\/\/schema.org\",\"@graph\":[{\"@type\":\"WebPage\",\"@id\":\"https:\/\/toripuru.shop\/es\/producto\/manta-de-muselina-para-envolver-rosa-con-apliques-dorados\/\",\"url\":\"https:\/\/toripuru.shop\/es\/producto\/manta-de-muselina-para-envolver-rosa-con-apliques-dorados\/\",\"name\":\"Fular de muselina de algod\u00f3n con inserciones doradas - Tori Puru\",\"isPartOf\":{\"@id\":\"https:\/\/toripuru.shop\/es\/#website\"},\"primaryImageOfPage\":{\"@id\":\"https:\/\/toripuru.shop\/es\/producto\/manta-de-muselina-para-envolver-rosa-con-apliques-dorados\/#primaryimage\"},\"image\":{\"@id\":\"https:\/\/toripuru.shop\/es\/producto\/manta-de-muselina-para-envolver-rosa-con-apliques-dorados\/#primaryimage\"},\"thumbnailUrl\":\"https:\/\/toripuru.shop\/wp-content\/uploads\/2024\/05\/1-1.jpg\",\"datePublished\":\"2024-05-14T11:40:15+00:00\",\"dateModified\":\"2024-08-09T12:35:21+00:00\",\"breadcrumb\":{\"@id\":\"https:\/\/toripuru.shop\/es\/producto\/manta-de-muselina-para-envolver-rosa-con-apliques-dorados\/#breadcrumb\"},\"inLanguage\":\"es\",\"potentialAction\":[{\"@type\":\"ReadAction\",\"target\":[\"https:\/\/toripuru.shop\/es\/producto\/manta-de-muselina-para-envolver-rosa-con-apliques-dorados\/\"]}]},{\"@type\":\"ImageObject\",\"inLanguage\":\"es\",\"@id\":\"https:\/\/toripuru.shop\/es\/producto\/manta-de-muselina-para-envolver-rosa-con-apliques-dorados\/#primaryimage\",\"url\":\"https:\/\/toripuru.shop\/wp-content\/uploads\/2024\/05\/1-1.jpg\",\"contentUrl\":\"https:\/\/toripuru.shop\/wp-content\/uploads\/2024\/05\/1-1.jpg\",\"width\":1700,\"height\":1700},{\"@type\":\"BreadcrumbList\",\"@id\":\"https:\/\/toripuru.shop\/es\/producto\/manta-de-muselina-para-envolver-rosa-con-apliques-dorados\/#breadcrumb\",\"itemListElement\":[{\"@type\":\"ListItem\",\"position\":1,\"name\":\"Home\",\"item\":\"https:\/\/toripuru.shop\/es\/\"},{\"@type\":\"ListItem\",\"position\":2,\"name\":\"Tienda\",\"item\":\"https:\/\/toripuru.shop\/es\/tienda-2\/\"},{\"@type\":\"ListItem\",\"position\":3,\"name\":\"Fular de muselina de algod\u00f3n con inserciones doradas\"}]},{\"@type\":\"WebSite\",\"@id\":\"https:\/\/toripuru.shop\/es\/#website\",\"url\":\"https:\/\/toripuru.shop\/es\/\",\"name\":\"Tori Puru\",\"description\":\"Designed with care and love\",\"publisher\":{\"@id\":\"https:\/\/toripuru.shop\/es\/#organization\"},\"potentialAction\":[{\"@type\":\"SearchAction\",\"target\":{\"@type\":\"EntryPoint\",\"urlTemplate\":\"https:\/\/toripuru.shop\/es\/?s={search_term_string}\"},\"query-input\":{\"@type\":\"PropertyValueSpecification\",\"valueRequired\":true,\"valueName\":\"search_term_string\"}}],\"inLanguage\":\"es\"},{\"@type\":\"Organization\",\"@id\":\"https:\/\/toripuru.shop\/es\/#organization\",\"name\":\"Tori Puru - Premium Quality Costum Made Furniture in Marbella\",\"url\":\"https:\/\/toripuru.shop\/es\/\",\"logo\":{\"@type\":\"ImageObject\",\"inLanguage\":\"es\",\"@id\":\"https:\/\/toripuru.shop\/es\/#\/schema\/logo\/image\/\",\"url\":\"https:\/\/toripuru.shop\/wp-content\/uploads\/2024\/05\/cropped-ToriPuruLogo-grey.png\",\"contentUrl\":\"https:\/\/toripuru.shop\/wp-content\/uploads\/2024\/05\/cropped-ToriPuruLogo-grey.png\",\"width\":3477,\"height\":2318,\"caption\":\"Tori Puru - Premium Quality Costum Made Furniture in Marbella\"},\"image\":{\"@id\":\"https:\/\/toripuru.shop\/es\/#\/schema\/logo\/image\/\"},\"sameAs\":[\"https:\/\/www.facebook.com\/people\/Tori-Puru\/61554449463733\/\",\"https:\/\/www.instagram.com\/toripuru_eu\",\"https:\/\/www.tiktok.com\/@toripuru.eu\"]}]}<\/script>\n<!-- \/ Yoast SEO plugin. -->","yoast_head_json":{"title":"Fular de muselina de algod\u00f3n con inserciones doradas - Tori Puru","robots":{"index":"noindex","follow":"nofollow"},"og_locale":"es_ES","og_type":"article","og_title":"Fular de muselina de algod\u00f3n con inserciones doradas - Tori Puru","og_description":"Un fular de muselina es un complemento pr\u00e1ctico y bonito para la canastilla del beb\u00e9. Cosemos nuestros pa\u00f1ales con algod\u00f3n muselina certificado de la m\u00e1s alta calidad, que es suave, agradable al tacto y excepcionalmente duradero. La muselina es un material transpirable que no sobrecalienta la piel del beb\u00e9 incluso en d\u00edas c\u00e1lidos Adem\u00e1s, enriquecidos con inserciones doradas, se convierten en un elegante complemento para un regalo. Tienen un pr\u00e1ctico tama\u00f1o de 100x100 cm, y gracias a su alta calidad y durabilidad, te servir\u00e1n mientras las necesites.","og_url":"https:\/\/toripuru.shop\/es\/producto\/manta-de-muselina-para-envolver-rosa-con-apliques-dorados\/","og_site_name":"Tori Puru","article_publisher":"https:\/\/www.facebook.com\/people\/Tori-Puru\/61554449463733\/","article_modified_time":"2024-08-09T12:35:21+00:00","og_image":[{"width":1700,"height":1700,"url":"https:\/\/toripuru.shop\/wp-content\/uploads\/2024\/05\/1-1.jpg","type":"image\/jpeg"}],"twitter_card":"summary_large_image","twitter_misc":{"Tiempo de lectura":"1 minuto"},"schema":{"@context":"https:\/\/schema.org","@graph":[{"@type":"WebPage","@id":"https:\/\/toripuru.shop\/es\/producto\/manta-de-muselina-para-envolver-rosa-con-apliques-dorados\/","url":"https:\/\/toripuru.shop\/es\/producto\/manta-de-muselina-para-envolver-rosa-con-apliques-dorados\/","name":"Fular de muselina de algod\u00f3n con inserciones doradas - Tori Puru","isPartOf":{"@id":"https:\/\/toripuru.shop\/es\/#website"},"primaryImageOfPage":{"@id":"https:\/\/toripuru.shop\/es\/producto\/manta-de-muselina-para-envolver-rosa-con-apliques-dorados\/#primaryimage"},"image":{"@id":"https:\/\/toripuru.shop\/es\/producto\/manta-de-muselina-para-envolver-rosa-con-apliques-dorados\/#primaryimage"},"thumbnailUrl":"https:\/\/toripuru.shop\/wp-content\/uploads\/2024\/05\/1-1.jpg","datePublished":"2024-05-14T11:40:15+00:00","dateModified":"2024-08-09T12:35:21+00:00","breadcrumb":{"@id":"https:\/\/toripuru.shop\/es\/producto\/manta-de-muselina-para-envolver-rosa-con-apliques-dorados\/#breadcrumb"},"inLanguage":"es","potentialAction":[{"@type":"ReadAction","target":["https:\/\/toripuru.shop\/es\/producto\/manta-de-muselina-para-envolver-rosa-con-apliques-dorados\/"]}]},{"@type":"ImageObject","inLanguage":"es","@id":"https:\/\/toripuru.shop\/es\/producto\/manta-de-muselina-para-envolver-rosa-con-apliques-dorados\/#primaryimage","url":"https:\/\/toripuru.shop\/wp-content\/uploads\/2024\/05\/1-1.jpg","contentUrl":"https:\/\/toripuru.shop\/wp-content\/uploads\/2024\/05\/1-1.jpg","width":1700,"height":1700},{"@type":"BreadcrumbList","@id":"https:\/\/toripuru.shop\/es\/producto\/manta-de-muselina-para-envolver-rosa-con-apliques-dorados\/#breadcrumb","itemListElement":[{"@type":"ListItem","position":1,"name":"Home","item":"https:\/\/toripuru.shop\/es\/"},{"@type":"ListItem","position":2,"name":"Tienda","item":"https:\/\/toripuru.shop\/es\/tienda-2\/"},{"@type":"ListItem","position":3,"name":"Fular de muselina de algod\u00f3n con inserciones doradas"}]},{"@type":"WebSite","@id":"https:\/\/toripuru.shop\/es\/#website","url":"https:\/\/toripuru.shop\/es\/","name":"Tori Puru","description":"Designed with care and love","publisher":{"@id":"https:\/\/toripuru.shop\/es\/#organization"},"potentialAction":[{"@type":"SearchAction","target":{"@type":"EntryPoint","urlTemplate":"https:\/\/toripuru.shop\/es\/?s={search_term_string}"},"query-input":{"@type":"PropertyValueSpecification","valueRequired":true,"valueName":"search_term_string"}}],"inLanguage":"es"},{"@type":"Organization","@id":"https:\/\/toripuru.shop\/es\/#organization","name":"Tori Puru - Premium Quality Costum Made Furniture in Marbella","url":"https:\/\/toripuru.shop\/es\/","logo":{"@type":"ImageObject","inLanguage":"es","@id":"https:\/\/toripuru.shop\/es\/#\/schema\/logo\/image\/","url":"https:\/\/toripuru.shop\/wp-content\/uploads\/2024\/05\/cropped-ToriPuruLogo-grey.png","contentUrl":"https:\/\/toripuru.shop\/wp-content\/uploads\/2024\/05\/cropped-ToriPuruLogo-grey.png","width":3477,"height":2318,"caption":"Tori Puru - Premium Quality Costum Made Furniture in Marbella"},"image":{"@id":"https:\/\/toripuru.shop\/es\/#\/schema\/logo\/image\/"},"sameAs":["https:\/\/www.facebook.com\/people\/Tori-Puru\/61554449463733\/","https:\/\/www.instagram.com\/toripuru_eu","https:\/\/www.tiktok.com\/@toripuru.eu"]}]}},"_links":{"self":[{"href":"https:\/\/toripuru.shop\/es\/wp-json\/wp\/v2\/product\/11165","targetHints":{"allow":["GET"]}}],"collection":[{"href":"https:\/\/toripuru.shop\/es\/wp-json\/wp\/v2\/product"}],"about":[{"href":"https:\/\/toripuru.shop\/es\/wp-json\/wp\/v2\/types\/product"}],"replies":[{"embeddable":true,"href":"https:\/\/toripuru.shop\/es\/wp-json\/wp\/v2\/comments?post=11165"}],"version-history":[{"count":2,"href":"https:\/\/toripuru.shop\/es\/wp-json\/wp\/v2\/product\/11165\/revisions"}],"predecessor-version":[{"id":12959,"href":"https:\/\/toripuru.shop\/es\/wp-json\/wp\/v2\/product\/11165\/revisions\/12959"}],"wp:featuredmedia":[{"embeddable":true,"href":"https:\/\/toripuru.shop\/es\/wp-json\/wp\/v2\/media\/11631"}],"wp:attachment":[{"href":"https:\/\/toripuru.shop\/es\/wp-json\/wp\/v2\/media?parent=11165"}],"wp:term":[{"taxonomy":"product_cat","embeddable":true,"href":"https:\/\/toripuru.shop\/es\/wp-json\/wp\/v2\/product_cat?post=11165"},{"taxonomy":"product_tag","embeddable":true,"href":"https:\/\/toripuru.shop\/es\/wp-json\/wp\/v2\/product_tag?post=11165"}],"curies":[{"name":"wp","href":"https:\/\/api.w.org\/{rel}","templated":true}]}}