{"id":11168,"date":"2024-05-14T11:45:47","date_gmt":"2024-05-14T11:45:47","guid":{"rendered":"https:\/\/toripuru.shop\/product\/poncho-de-natacion\/"},"modified":"2024-08-09T12:33:53","modified_gmt":"2024-08-09T12:33:53","slug":"poncho-de-natacion","status":"publish","type":"product","link":"https:\/\/toripuru.shop\/es\/producto\/poncho-de-natacion\/","title":{"rendered":"Poncho de ba\u00f1o de bamb\u00fa"},"content":{"rendered":"","protected":false},"excerpt":{"rendered":"<p>Pocas cosas se igualan a la pura alegr\u00eda de ver a tu hijo jugar libremente en la playa, con su sonrisa tan brillante como el sol y su risa llevada por la brisa marina Este pr\u00e1ctico poncho, fabricado con bamb\u00fa gofrado, absorbe bien el agua, lo que te permite secar f\u00e1cilmente a tu hijo despu\u00e9s del ba\u00f1o.<br \/>\nLigero y compacto, es f\u00e1cil de guardar en una bolsa de playa y llevarlo siempre contigo.<br \/>\nTambi\u00e9n lo hemos equipado con un lazo para colgarlo.<br \/>\nEl poncho de ba\u00f1o con capucha tambi\u00e9n se puede utilizar en casa como una toalla de ba\u00f1o suave y c\u00f3moda, hipoalerg\u00e9nica, que os proporciona comodidad a ti y a tu hijo. Las cintas en los laterales facilitan atar el poncho c\u00f3modamente.<\/p>\n","protected":false},"featured_media":11616,"comment_status":"closed","ping_status":"closed","template":"","meta":{"_acf_changed":false,"inline_featured_image":false},"product_cat":[133,184,140,211],"product_tag":[],"class_list":{"0":"post-11168","1":"product","2":"type-product","3":"status-publish","4":"has-post-thumbnail","6":"product_cat-nuevo","7":"product_cat-bambu","8":"product_cat-textil","9":"product_cat-mantas-textiles","11":"first","12":"instock","13":"featured","14":"shipping-taxable","15":"purchasable","16":"product-type-simple"},"acf":[],"yoast_head":"<!-- This site is optimized with the Yoast SEO plugin v26.8 - https:\/\/yoast.com\/product\/yoast-seo-wordpress\/ -->\n<title>Poncho de ba\u00f1o de bamb\u00fa - Tori Puru<\/title>\n<meta name=\"robots\" content=\"noindex, nofollow\" \/>\n<meta property=\"og:locale\" content=\"es_ES\" \/>\n<meta property=\"og:type\" content=\"article\" \/>\n<meta property=\"og:title\" content=\"Poncho de ba\u00f1o de bamb\u00fa - Tori Puru\" \/>\n<meta property=\"og:description\" content=\"Pocas cosas se igualan a la pura alegr\u00eda de ver a tu hijo jugar libremente en la playa, con su sonrisa tan brillante como el sol y su risa llevada por la brisa marina Este pr\u00e1ctico poncho, fabricado con bamb\u00fa gofrado, absorbe bien el agua, lo que te permite secar f\u00e1cilmente a tu hijo despu\u00e9s del ba\u00f1o. Ligero y compacto, es f\u00e1cil de guardar en una bolsa de playa y llevarlo siempre contigo. Tambi\u00e9n lo hemos equipado con un lazo para colgarlo. El poncho de ba\u00f1o con capucha tambi\u00e9n se puede utilizar en casa como una toalla de ba\u00f1o suave y c\u00f3moda, hipoalerg\u00e9nica, que os proporciona comodidad a ti y a tu hijo. Las cintas en los laterales facilitan atar el poncho c\u00f3modamente.\" \/>\n<meta property=\"og:url\" content=\"https:\/\/toripuru.shop\/es\/producto\/poncho-de-natacion\/\" \/>\n<meta property=\"og:site_name\" content=\"Tori Puru\" \/>\n<meta property=\"article:publisher\" content=\"https:\/\/www.facebook.com\/people\/Tori-Puru\/61554449463733\/\" \/>\n<meta property=\"article:modified_time\" content=\"2024-08-09T12:33:53+00:00\" \/>\n<meta property=\"og:image\" content=\"https:\/\/toripuru.shop\/wp-content\/uploads\/2024\/05\/1.jpg\" \/>\n\t<meta property=\"og:image:width\" content=\"1700\" \/>\n\t<meta property=\"og:image:height\" content=\"1700\" \/>\n\t<meta property=\"og:image:type\" content=\"image\/jpeg\" \/>\n<meta name=\"twitter:card\" content=\"summary_large_image\" \/>\n<meta name=\"twitter:label1\" content=\"Tiempo de lectura\" \/>\n\t<meta name=\"twitter:data1\" content=\"1 minuto\" \/>\n<script type=\"application\/ld+json\" class=\"yoast-schema-graph\">{\"@context\":\"https:\/\/schema.org\",\"@graph\":[{\"@type\":\"WebPage\",\"@id\":\"https:\/\/toripuru.shop\/es\/producto\/poncho-de-natacion\/\",\"url\":\"https:\/\/toripuru.shop\/es\/producto\/poncho-de-natacion\/\",\"name\":\"Poncho de ba\u00f1o de bamb\u00fa - Tori Puru\",\"isPartOf\":{\"@id\":\"https:\/\/toripuru.shop\/es\/#website\"},\"primaryImageOfPage\":{\"@id\":\"https:\/\/toripuru.shop\/es\/producto\/poncho-de-natacion\/#primaryimage\"},\"image\":{\"@id\":\"https:\/\/toripuru.shop\/es\/producto\/poncho-de-natacion\/#primaryimage\"},\"thumbnailUrl\":\"https:\/\/toripuru.shop\/wp-content\/uploads\/2024\/05\/1.jpg\",\"datePublished\":\"2024-05-14T11:45:47+00:00\",\"dateModified\":\"2024-08-09T12:33:53+00:00\",\"breadcrumb\":{\"@id\":\"https:\/\/toripuru.shop\/es\/producto\/poncho-de-natacion\/#breadcrumb\"},\"inLanguage\":\"es\",\"potentialAction\":[{\"@type\":\"ReadAction\",\"target\":[\"https:\/\/toripuru.shop\/es\/producto\/poncho-de-natacion\/\"]}]},{\"@type\":\"ImageObject\",\"inLanguage\":\"es\",\"@id\":\"https:\/\/toripuru.shop\/es\/producto\/poncho-de-natacion\/#primaryimage\",\"url\":\"https:\/\/toripuru.shop\/wp-content\/uploads\/2024\/05\/1.jpg\",\"contentUrl\":\"https:\/\/toripuru.shop\/wp-content\/uploads\/2024\/05\/1.jpg\",\"width\":1700,\"height\":1700},{\"@type\":\"BreadcrumbList\",\"@id\":\"https:\/\/toripuru.shop\/es\/producto\/poncho-de-natacion\/#breadcrumb\",\"itemListElement\":[{\"@type\":\"ListItem\",\"position\":1,\"name\":\"Home\",\"item\":\"https:\/\/toripuru.shop\/es\/\"},{\"@type\":\"ListItem\",\"position\":2,\"name\":\"Tienda\",\"item\":\"https:\/\/toripuru.shop\/es\/tienda-2\/\"},{\"@type\":\"ListItem\",\"position\":3,\"name\":\"Poncho de ba\u00f1o de bamb\u00fa\"}]},{\"@type\":\"WebSite\",\"@id\":\"https:\/\/toripuru.shop\/es\/#website\",\"url\":\"https:\/\/toripuru.shop\/es\/\",\"name\":\"Tori Puru\",\"description\":\"Designed with care and love\",\"publisher\":{\"@id\":\"https:\/\/toripuru.shop\/es\/#organization\"},\"potentialAction\":[{\"@type\":\"SearchAction\",\"target\":{\"@type\":\"EntryPoint\",\"urlTemplate\":\"https:\/\/toripuru.shop\/es\/?s={search_term_string}\"},\"query-input\":{\"@type\":\"PropertyValueSpecification\",\"valueRequired\":true,\"valueName\":\"search_term_string\"}}],\"inLanguage\":\"es\"},{\"@type\":\"Organization\",\"@id\":\"https:\/\/toripuru.shop\/es\/#organization\",\"name\":\"Tori Puru - Premium Quality Costum Made Furniture in Marbella\",\"url\":\"https:\/\/toripuru.shop\/es\/\",\"logo\":{\"@type\":\"ImageObject\",\"inLanguage\":\"es\",\"@id\":\"https:\/\/toripuru.shop\/es\/#\/schema\/logo\/image\/\",\"url\":\"https:\/\/toripuru.shop\/wp-content\/uploads\/2024\/05\/cropped-ToriPuruLogo-grey.png\",\"contentUrl\":\"https:\/\/toripuru.shop\/wp-content\/uploads\/2024\/05\/cropped-ToriPuruLogo-grey.png\",\"width\":3477,\"height\":2318,\"caption\":\"Tori Puru - Premium Quality Costum Made Furniture in Marbella\"},\"image\":{\"@id\":\"https:\/\/toripuru.shop\/es\/#\/schema\/logo\/image\/\"},\"sameAs\":[\"https:\/\/www.facebook.com\/people\/Tori-Puru\/61554449463733\/\",\"https:\/\/www.instagram.com\/toripuru_eu\",\"https:\/\/www.tiktok.com\/@toripuru.eu\"]}]}<\/script>\n<!-- \/ Yoast SEO plugin. -->","yoast_head_json":{"title":"Poncho de ba\u00f1o de bamb\u00fa - Tori Puru","robots":{"index":"noindex","follow":"nofollow"},"og_locale":"es_ES","og_type":"article","og_title":"Poncho de ba\u00f1o de bamb\u00fa - Tori Puru","og_description":"Pocas cosas se igualan a la pura alegr\u00eda de ver a tu hijo jugar libremente en la playa, con su sonrisa tan brillante como el sol y su risa llevada por la brisa marina Este pr\u00e1ctico poncho, fabricado con bamb\u00fa gofrado, absorbe bien el agua, lo que te permite secar f\u00e1cilmente a tu hijo despu\u00e9s del ba\u00f1o. Ligero y compacto, es f\u00e1cil de guardar en una bolsa de playa y llevarlo siempre contigo. Tambi\u00e9n lo hemos equipado con un lazo para colgarlo. El poncho de ba\u00f1o con capucha tambi\u00e9n se puede utilizar en casa como una toalla de ba\u00f1o suave y c\u00f3moda, hipoalerg\u00e9nica, que os proporciona comodidad a ti y a tu hijo. Las cintas en los laterales facilitan atar el poncho c\u00f3modamente.","og_url":"https:\/\/toripuru.shop\/es\/producto\/poncho-de-natacion\/","og_site_name":"Tori Puru","article_publisher":"https:\/\/www.facebook.com\/people\/Tori-Puru\/61554449463733\/","article_modified_time":"2024-08-09T12:33:53+00:00","og_image":[{"width":1700,"height":1700,"url":"https:\/\/toripuru.shop\/wp-content\/uploads\/2024\/05\/1.jpg","type":"image\/jpeg"}],"twitter_card":"summary_large_image","twitter_misc":{"Tiempo de lectura":"1 minuto"},"schema":{"@context":"https:\/\/schema.org","@graph":[{"@type":"WebPage","@id":"https:\/\/toripuru.shop\/es\/producto\/poncho-de-natacion\/","url":"https:\/\/toripuru.shop\/es\/producto\/poncho-de-natacion\/","name":"Poncho de ba\u00f1o de bamb\u00fa - Tori Puru","isPartOf":{"@id":"https:\/\/toripuru.shop\/es\/#website"},"primaryImageOfPage":{"@id":"https:\/\/toripuru.shop\/es\/producto\/poncho-de-natacion\/#primaryimage"},"image":{"@id":"https:\/\/toripuru.shop\/es\/producto\/poncho-de-natacion\/#primaryimage"},"thumbnailUrl":"https:\/\/toripuru.shop\/wp-content\/uploads\/2024\/05\/1.jpg","datePublished":"2024-05-14T11:45:47+00:00","dateModified":"2024-08-09T12:33:53+00:00","breadcrumb":{"@id":"https:\/\/toripuru.shop\/es\/producto\/poncho-de-natacion\/#breadcrumb"},"inLanguage":"es","potentialAction":[{"@type":"ReadAction","target":["https:\/\/toripuru.shop\/es\/producto\/poncho-de-natacion\/"]}]},{"@type":"ImageObject","inLanguage":"es","@id":"https:\/\/toripuru.shop\/es\/producto\/poncho-de-natacion\/#primaryimage","url":"https:\/\/toripuru.shop\/wp-content\/uploads\/2024\/05\/1.jpg","contentUrl":"https:\/\/toripuru.shop\/wp-content\/uploads\/2024\/05\/1.jpg","width":1700,"height":1700},{"@type":"BreadcrumbList","@id":"https:\/\/toripuru.shop\/es\/producto\/poncho-de-natacion\/#breadcrumb","itemListElement":[{"@type":"ListItem","position":1,"name":"Home","item":"https:\/\/toripuru.shop\/es\/"},{"@type":"ListItem","position":2,"name":"Tienda","item":"https:\/\/toripuru.shop\/es\/tienda-2\/"},{"@type":"ListItem","position":3,"name":"Poncho de ba\u00f1o de bamb\u00fa"}]},{"@type":"WebSite","@id":"https:\/\/toripuru.shop\/es\/#website","url":"https:\/\/toripuru.shop\/es\/","name":"Tori Puru","description":"Designed with care and love","publisher":{"@id":"https:\/\/toripuru.shop\/es\/#organization"},"potentialAction":[{"@type":"SearchAction","target":{"@type":"EntryPoint","urlTemplate":"https:\/\/toripuru.shop\/es\/?s={search_term_string}"},"query-input":{"@type":"PropertyValueSpecification","valueRequired":true,"valueName":"search_term_string"}}],"inLanguage":"es"},{"@type":"Organization","@id":"https:\/\/toripuru.shop\/es\/#organization","name":"Tori Puru - Premium Quality Costum Made Furniture in Marbella","url":"https:\/\/toripuru.shop\/es\/","logo":{"@type":"ImageObject","inLanguage":"es","@id":"https:\/\/toripuru.shop\/es\/#\/schema\/logo\/image\/","url":"https:\/\/toripuru.shop\/wp-content\/uploads\/2024\/05\/cropped-ToriPuruLogo-grey.png","contentUrl":"https:\/\/toripuru.shop\/wp-content\/uploads\/2024\/05\/cropped-ToriPuruLogo-grey.png","width":3477,"height":2318,"caption":"Tori Puru - Premium Quality Costum Made Furniture in Marbella"},"image":{"@id":"https:\/\/toripuru.shop\/es\/#\/schema\/logo\/image\/"},"sameAs":["https:\/\/www.facebook.com\/people\/Tori-Puru\/61554449463733\/","https:\/\/www.instagram.com\/toripuru_eu","https:\/\/www.tiktok.com\/@toripuru.eu"]}]}},"_links":{"self":[{"href":"https:\/\/toripuru.shop\/es\/wp-json\/wp\/v2\/product\/11168","targetHints":{"allow":["GET"]}}],"collection":[{"href":"https:\/\/toripuru.shop\/es\/wp-json\/wp\/v2\/product"}],"about":[{"href":"https:\/\/toripuru.shop\/es\/wp-json\/wp\/v2\/types\/product"}],"replies":[{"embeddable":true,"href":"https:\/\/toripuru.shop\/es\/wp-json\/wp\/v2\/comments?post=11168"}],"version-history":[{"count":2,"href":"https:\/\/toripuru.shop\/es\/wp-json\/wp\/v2\/product\/11168\/revisions"}],"predecessor-version":[{"id":12958,"href":"https:\/\/toripuru.shop\/es\/wp-json\/wp\/v2\/product\/11168\/revisions\/12958"}],"wp:featuredmedia":[{"embeddable":true,"href":"https:\/\/toripuru.shop\/es\/wp-json\/wp\/v2\/media\/11616"}],"wp:attachment":[{"href":"https:\/\/toripuru.shop\/es\/wp-json\/wp\/v2\/media?parent=11168"}],"wp:term":[{"taxonomy":"product_cat","embeddable":true,"href":"https:\/\/toripuru.shop\/es\/wp-json\/wp\/v2\/product_cat?post=11168"},{"taxonomy":"product_tag","embeddable":true,"href":"https:\/\/toripuru.shop\/es\/wp-json\/wp\/v2\/product_tag?post=11168"}],"curies":[{"name":"wp","href":"https:\/\/api.w.org\/{rel}","templated":true}]}}