{"id":12647,"date":"2024-08-05T10:55:16","date_gmt":"2024-08-05T10:55:16","guid":{"rendered":"https:\/\/toripuru.shop\/product\/michal-tatarkiewicz-05\/"},"modified":"2024-08-09T12:22:34","modified_gmt":"2024-08-09T12:22:34","slug":"michal-tatarkiewicz-05","status":"publish","type":"product","link":"https:\/\/toripuru.shop\/es\/producto\/michal-tatarkiewicz-05\/","title":{"rendered":"Michal Tatarkiewicz 05"},"content":{"rendered":"","protected":false},"excerpt":{"rendered":"<p style=\"font-weight: 400;\">BIO Michal Tatarkiewicz naci\u00f3 el 12 de marzo de 1980 en Poznan, Polonia.<br \/>\nEn 2006 se gradu\u00f3 en la Academia de Bellas Artes de Pozna\u0144 (actualmente Universidad de las Artes de Pozna\u0144), con excelente nota en el Estudio de Litograf\u00eda (prof. Stefan Ficner).<br \/>\nDesde 2007 trabaja como ayudante de laboratorio en el Estudio de Offset de la Universidad de las Artes de Poznan.<br \/>\nEn 2022 obtuvo el doctorado.<br \/>\nT\u00edtulo de la tesis: \u00abEl cartel se r\u00ede\u00bb.<br \/>\nSus obras fueron reconocidas y premiadas en distintos concursos, entre otros Menci\u00f3n (cartel) &#8211; Premio Internacional de Dise\u00f1o Gr\u00e1fico de Taiw\u00e1n (2023); Medalla de oro (secci\u00f3n: JOKE y SATIRE) &#8211; Exposici\u00f3n Internacional SATYRYKON &#8211; Legnica (2023); Gran Premio de la Bienal Polaca del Cartel en Katowice, Polonia (2013);Tercer Puesto &#8211; Bienal Internacional del Cartel Bolivia \u00abBICeBe\u00bb (2013); Menci\u00f3n &#8211; Exposici\u00f3n Internacional SATYRYKON &#8211; Legnica, Polonia (2013, 2006); Premio Abeja de Oro &#8211; Bienal Internacional de Dise\u00f1o Gr\u00e1fico Mosc\u00fa, Rusia (2012); Nominaci\u00f3n al Premio Henkel de Arte en Viena, Austria (2008).<\/p>\n","protected":false},"featured_media":12596,"comment_status":"closed","ping_status":"closed","template":"","meta":{"_acf_changed":false,"inline_featured_image":false},"product_cat":[133,181,182],"product_tag":[],"class_list":{"0":"post-12647","1":"product","2":"type-product","3":"status-publish","4":"has-post-thumbnail","6":"product_cat-nuevo","7":"product_cat-accesorios-de-arte","8":"product_cat-imprime","10":"first","11":"instock","12":"shipping-taxable","13":"purchasable","14":"product-type-simple"},"acf":[],"yoast_head":"<!-- This site is optimized with the Yoast SEO plugin v26.8 - https:\/\/yoast.com\/product\/yoast-seo-wordpress\/ -->\n<title>Michal Tatarkiewicz 05 - Tori Puru<\/title>\n<meta name=\"robots\" content=\"noindex, nofollow\" \/>\n<meta property=\"og:locale\" content=\"es_ES\" \/>\n<meta property=\"og:type\" content=\"article\" \/>\n<meta property=\"og:title\" content=\"Michal Tatarkiewicz 05 - Tori Puru\" \/>\n<meta property=\"og:description\" content=\"BIO Michal Tatarkiewicz naci\u00f3 el 12 de marzo de 1980 en Poznan, Polonia. En 2006 se gradu\u00f3 en la Academia de Bellas Artes de Pozna\u0144 (actualmente Universidad de las Artes de Pozna\u0144), con excelente nota en el Estudio de Litograf\u00eda (prof. Stefan Ficner). Desde 2007 trabaja como ayudante de laboratorio en el Estudio de Offset de la Universidad de las Artes de Poznan. En 2022 obtuvo el doctorado. T\u00edtulo de la tesis: &quot;El cartel se r\u00ede&quot;. Sus obras fueron reconocidas y premiadas en distintos concursos, entre otros Menci\u00f3n (cartel) - Premio Internacional de Dise\u00f1o Gr\u00e1fico de Taiw\u00e1n (2023); Medalla de oro (secci\u00f3n: JOKE y SATIRE) - Exposici\u00f3n Internacional SATYRYKON - Legnica (2023); Gran Premio de la Bienal Polaca del Cartel en Katowice, Polonia (2013);Tercer Puesto - Bienal Internacional del Cartel Bolivia &quot;BICeBe&quot; (2013); Menci\u00f3n - Exposici\u00f3n Internacional SATYRYKON - Legnica, Polonia (2013, 2006); Premio Abeja de Oro - Bienal Internacional de Dise\u00f1o Gr\u00e1fico Mosc\u00fa, Rusia (2012); Nominaci\u00f3n al Premio Henkel de Arte en Viena, Austria (2008).\" \/>\n<meta property=\"og:url\" content=\"https:\/\/toripuru.shop\/es\/producto\/michal-tatarkiewicz-05\/\" \/>\n<meta property=\"og:site_name\" content=\"Tori Puru\" \/>\n<meta property=\"article:publisher\" content=\"https:\/\/www.facebook.com\/people\/Tori-Puru\/61554449463733\/\" \/>\n<meta property=\"article:modified_time\" content=\"2024-08-09T12:22:34+00:00\" \/>\n<meta property=\"og:image\" content=\"https:\/\/toripuru.shop\/wp-content\/uploads\/2024\/08\/1_MALAGA_3.jpg\" \/>\n\t<meta property=\"og:image:width\" content=\"1920\" \/>\n\t<meta property=\"og:image:height\" content=\"1920\" \/>\n\t<meta property=\"og:image:type\" content=\"image\/jpeg\" \/>\n<meta name=\"twitter:card\" content=\"summary_large_image\" \/>\n<meta name=\"twitter:label1\" content=\"Tiempo de lectura\" \/>\n\t<meta name=\"twitter:data1\" content=\"1 minuto\" \/>\n<script type=\"application\/ld+json\" class=\"yoast-schema-graph\">{\"@context\":\"https:\/\/schema.org\",\"@graph\":[{\"@type\":\"WebPage\",\"@id\":\"https:\/\/toripuru.shop\/es\/producto\/michal-tatarkiewicz-05\/\",\"url\":\"https:\/\/toripuru.shop\/es\/producto\/michal-tatarkiewicz-05\/\",\"name\":\"Michal Tatarkiewicz 05 - Tori Puru\",\"isPartOf\":{\"@id\":\"https:\/\/toripuru.shop\/es\/#website\"},\"primaryImageOfPage\":{\"@id\":\"https:\/\/toripuru.shop\/es\/producto\/michal-tatarkiewicz-05\/#primaryimage\"},\"image\":{\"@id\":\"https:\/\/toripuru.shop\/es\/producto\/michal-tatarkiewicz-05\/#primaryimage\"},\"thumbnailUrl\":\"https:\/\/toripuru.shop\/wp-content\/uploads\/2024\/08\/1_MALAGA_3.jpg\",\"datePublished\":\"2024-08-05T10:55:16+00:00\",\"dateModified\":\"2024-08-09T12:22:34+00:00\",\"breadcrumb\":{\"@id\":\"https:\/\/toripuru.shop\/es\/producto\/michal-tatarkiewicz-05\/#breadcrumb\"},\"inLanguage\":\"es\",\"potentialAction\":[{\"@type\":\"ReadAction\",\"target\":[\"https:\/\/toripuru.shop\/es\/producto\/michal-tatarkiewicz-05\/\"]}]},{\"@type\":\"ImageObject\",\"inLanguage\":\"es\",\"@id\":\"https:\/\/toripuru.shop\/es\/producto\/michal-tatarkiewicz-05\/#primaryimage\",\"url\":\"https:\/\/toripuru.shop\/wp-content\/uploads\/2024\/08\/1_MALAGA_3.jpg\",\"contentUrl\":\"https:\/\/toripuru.shop\/wp-content\/uploads\/2024\/08\/1_MALAGA_3.jpg\",\"width\":1920,\"height\":1920},{\"@type\":\"BreadcrumbList\",\"@id\":\"https:\/\/toripuru.shop\/es\/producto\/michal-tatarkiewicz-05\/#breadcrumb\",\"itemListElement\":[{\"@type\":\"ListItem\",\"position\":1,\"name\":\"Home\",\"item\":\"https:\/\/toripuru.shop\/es\/\"},{\"@type\":\"ListItem\",\"position\":2,\"name\":\"Tienda\",\"item\":\"https:\/\/toripuru.shop\/es\/tienda-2\/\"},{\"@type\":\"ListItem\",\"position\":3,\"name\":\"Michal Tatarkiewicz 05\"}]},{\"@type\":\"WebSite\",\"@id\":\"https:\/\/toripuru.shop\/es\/#website\",\"url\":\"https:\/\/toripuru.shop\/es\/\",\"name\":\"Tori Puru\",\"description\":\"Designed with care and love\",\"publisher\":{\"@id\":\"https:\/\/toripuru.shop\/es\/#organization\"},\"potentialAction\":[{\"@type\":\"SearchAction\",\"target\":{\"@type\":\"EntryPoint\",\"urlTemplate\":\"https:\/\/toripuru.shop\/es\/?s={search_term_string}\"},\"query-input\":{\"@type\":\"PropertyValueSpecification\",\"valueRequired\":true,\"valueName\":\"search_term_string\"}}],\"inLanguage\":\"es\"},{\"@type\":\"Organization\",\"@id\":\"https:\/\/toripuru.shop\/es\/#organization\",\"name\":\"Tori Puru - Premium Quality Costum Made Furniture in Marbella\",\"url\":\"https:\/\/toripuru.shop\/es\/\",\"logo\":{\"@type\":\"ImageObject\",\"inLanguage\":\"es\",\"@id\":\"https:\/\/toripuru.shop\/es\/#\/schema\/logo\/image\/\",\"url\":\"https:\/\/toripuru.shop\/wp-content\/uploads\/2024\/05\/cropped-ToriPuruLogo-grey.png\",\"contentUrl\":\"https:\/\/toripuru.shop\/wp-content\/uploads\/2024\/05\/cropped-ToriPuruLogo-grey.png\",\"width\":3477,\"height\":2318,\"caption\":\"Tori Puru - Premium Quality Costum Made Furniture in Marbella\"},\"image\":{\"@id\":\"https:\/\/toripuru.shop\/es\/#\/schema\/logo\/image\/\"},\"sameAs\":[\"https:\/\/www.facebook.com\/people\/Tori-Puru\/61554449463733\/\",\"https:\/\/www.instagram.com\/toripuru_eu\",\"https:\/\/www.tiktok.com\/@toripuru.eu\"]}]}<\/script>\n<!-- \/ Yoast SEO plugin. -->","yoast_head_json":{"title":"Michal Tatarkiewicz 05 - Tori Puru","robots":{"index":"noindex","follow":"nofollow"},"og_locale":"es_ES","og_type":"article","og_title":"Michal Tatarkiewicz 05 - Tori Puru","og_description":"BIO Michal Tatarkiewicz naci\u00f3 el 12 de marzo de 1980 en Poznan, Polonia. En 2006 se gradu\u00f3 en la Academia de Bellas Artes de Pozna\u0144 (actualmente Universidad de las Artes de Pozna\u0144), con excelente nota en el Estudio de Litograf\u00eda (prof. Stefan Ficner). Desde 2007 trabaja como ayudante de laboratorio en el Estudio de Offset de la Universidad de las Artes de Poznan. En 2022 obtuvo el doctorado. T\u00edtulo de la tesis: \"El cartel se r\u00ede\". Sus obras fueron reconocidas y premiadas en distintos concursos, entre otros Menci\u00f3n (cartel) - Premio Internacional de Dise\u00f1o Gr\u00e1fico de Taiw\u00e1n (2023); Medalla de oro (secci\u00f3n: JOKE y SATIRE) - Exposici\u00f3n Internacional SATYRYKON - Legnica (2023); Gran Premio de la Bienal Polaca del Cartel en Katowice, Polonia (2013);Tercer Puesto - Bienal Internacional del Cartel Bolivia \"BICeBe\" (2013); Menci\u00f3n - Exposici\u00f3n Internacional SATYRYKON - Legnica, Polonia (2013, 2006); Premio Abeja de Oro - Bienal Internacional de Dise\u00f1o Gr\u00e1fico Mosc\u00fa, Rusia (2012); Nominaci\u00f3n al Premio Henkel de Arte en Viena, Austria (2008).","og_url":"https:\/\/toripuru.shop\/es\/producto\/michal-tatarkiewicz-05\/","og_site_name":"Tori Puru","article_publisher":"https:\/\/www.facebook.com\/people\/Tori-Puru\/61554449463733\/","article_modified_time":"2024-08-09T12:22:34+00:00","og_image":[{"width":1920,"height":1920,"url":"https:\/\/toripuru.shop\/wp-content\/uploads\/2024\/08\/1_MALAGA_3.jpg","type":"image\/jpeg"}],"twitter_card":"summary_large_image","twitter_misc":{"Tiempo de lectura":"1 minuto"},"schema":{"@context":"https:\/\/schema.org","@graph":[{"@type":"WebPage","@id":"https:\/\/toripuru.shop\/es\/producto\/michal-tatarkiewicz-05\/","url":"https:\/\/toripuru.shop\/es\/producto\/michal-tatarkiewicz-05\/","name":"Michal Tatarkiewicz 05 - Tori Puru","isPartOf":{"@id":"https:\/\/toripuru.shop\/es\/#website"},"primaryImageOfPage":{"@id":"https:\/\/toripuru.shop\/es\/producto\/michal-tatarkiewicz-05\/#primaryimage"},"image":{"@id":"https:\/\/toripuru.shop\/es\/producto\/michal-tatarkiewicz-05\/#primaryimage"},"thumbnailUrl":"https:\/\/toripuru.shop\/wp-content\/uploads\/2024\/08\/1_MALAGA_3.jpg","datePublished":"2024-08-05T10:55:16+00:00","dateModified":"2024-08-09T12:22:34+00:00","breadcrumb":{"@id":"https:\/\/toripuru.shop\/es\/producto\/michal-tatarkiewicz-05\/#breadcrumb"},"inLanguage":"es","potentialAction":[{"@type":"ReadAction","target":["https:\/\/toripuru.shop\/es\/producto\/michal-tatarkiewicz-05\/"]}]},{"@type":"ImageObject","inLanguage":"es","@id":"https:\/\/toripuru.shop\/es\/producto\/michal-tatarkiewicz-05\/#primaryimage","url":"https:\/\/toripuru.shop\/wp-content\/uploads\/2024\/08\/1_MALAGA_3.jpg","contentUrl":"https:\/\/toripuru.shop\/wp-content\/uploads\/2024\/08\/1_MALAGA_3.jpg","width":1920,"height":1920},{"@type":"BreadcrumbList","@id":"https:\/\/toripuru.shop\/es\/producto\/michal-tatarkiewicz-05\/#breadcrumb","itemListElement":[{"@type":"ListItem","position":1,"name":"Home","item":"https:\/\/toripuru.shop\/es\/"},{"@type":"ListItem","position":2,"name":"Tienda","item":"https:\/\/toripuru.shop\/es\/tienda-2\/"},{"@type":"ListItem","position":3,"name":"Michal Tatarkiewicz 05"}]},{"@type":"WebSite","@id":"https:\/\/toripuru.shop\/es\/#website","url":"https:\/\/toripuru.shop\/es\/","name":"Tori Puru","description":"Designed with care and love","publisher":{"@id":"https:\/\/toripuru.shop\/es\/#organization"},"potentialAction":[{"@type":"SearchAction","target":{"@type":"EntryPoint","urlTemplate":"https:\/\/toripuru.shop\/es\/?s={search_term_string}"},"query-input":{"@type":"PropertyValueSpecification","valueRequired":true,"valueName":"search_term_string"}}],"inLanguage":"es"},{"@type":"Organization","@id":"https:\/\/toripuru.shop\/es\/#organization","name":"Tori Puru - Premium Quality Costum Made Furniture in Marbella","url":"https:\/\/toripuru.shop\/es\/","logo":{"@type":"ImageObject","inLanguage":"es","@id":"https:\/\/toripuru.shop\/es\/#\/schema\/logo\/image\/","url":"https:\/\/toripuru.shop\/wp-content\/uploads\/2024\/05\/cropped-ToriPuruLogo-grey.png","contentUrl":"https:\/\/toripuru.shop\/wp-content\/uploads\/2024\/05\/cropped-ToriPuruLogo-grey.png","width":3477,"height":2318,"caption":"Tori Puru - Premium Quality Costum Made Furniture in Marbella"},"image":{"@id":"https:\/\/toripuru.shop\/es\/#\/schema\/logo\/image\/"},"sameAs":["https:\/\/www.facebook.com\/people\/Tori-Puru\/61554449463733\/","https:\/\/www.instagram.com\/toripuru_eu","https:\/\/www.tiktok.com\/@toripuru.eu"]}]}},"_links":{"self":[{"href":"https:\/\/toripuru.shop\/es\/wp-json\/wp\/v2\/product\/12647","targetHints":{"allow":["GET"]}}],"collection":[{"href":"https:\/\/toripuru.shop\/es\/wp-json\/wp\/v2\/product"}],"about":[{"href":"https:\/\/toripuru.shop\/es\/wp-json\/wp\/v2\/types\/product"}],"replies":[{"embeddable":true,"href":"https:\/\/toripuru.shop\/es\/wp-json\/wp\/v2\/comments?post=12647"}],"version-history":[{"count":1,"href":"https:\/\/toripuru.shop\/es\/wp-json\/wp\/v2\/product\/12647\/revisions"}],"predecessor-version":[{"id":12938,"href":"https:\/\/toripuru.shop\/es\/wp-json\/wp\/v2\/product\/12647\/revisions\/12938"}],"wp:featuredmedia":[{"embeddable":true,"href":"https:\/\/toripuru.shop\/es\/wp-json\/wp\/v2\/media\/12596"}],"wp:attachment":[{"href":"https:\/\/toripuru.shop\/es\/wp-json\/wp\/v2\/media?parent=12647"}],"wp:term":[{"taxonomy":"product_cat","embeddable":true,"href":"https:\/\/toripuru.shop\/es\/wp-json\/wp\/v2\/product_cat?post=12647"},{"taxonomy":"product_tag","embeddable":true,"href":"https:\/\/toripuru.shop\/es\/wp-json\/wp\/v2\/product_tag?post=12647"}],"curies":[{"name":"wp","href":"https:\/\/api.w.org\/{rel}","templated":true}]}}