{"id":12660,"date":"2024-08-05T10:35:10","date_gmt":"2024-08-05T10:35:10","guid":{"rendered":"https:\/\/toripuru.shop\/product\/amelia-07\/"},"modified":"2024-08-09T12:25:18","modified_gmt":"2024-08-09T12:25:18","slug":"amelia-07","status":"publish","type":"product","link":"https:\/\/toripuru.shop\/es\/producto\/amelia-07\/","title":{"rendered":"Amelia 07"},"content":{"rendered":"","protected":false},"excerpt":{"rendered":"<p style=\"font-weight: 400;\">BIO Amelia es una artista que vive en Estepona, Espa\u00f1a.<br \/>\nOriginaria de Sud\u00e1frica, pas\u00f3 su vida profesional en Londres, donde ense\u00f1\u00f3 y trabaj\u00f3 con ni\u00f1os en la escuela primaria.<br \/>\nAmelia es una persona que ama la naturaleza, el silencio y pensar fuera de los esquemas del mundo actual.<br \/>\nEsta pasi\u00f3n la llev\u00f3 a trasladarse a Espa\u00f1a, donde disfruta del mar, la monta\u00f1a y todos los dem\u00e1s aspectos de la naturaleza.<br \/>\nVivir en Estepona proporciona a Amelia tiempo y tranquilidad para reflexionar sobre las im\u00e1genes que encuentra en su entorno y plasmarlas en su estilo \u00fanico e infantil de trabajo en 3D.<br \/>\nSu arte presenta im\u00e1genes de Andaluc\u00eda a trav\u00e9s de la lente de un ni\u00f1o, captando la esencia de la regi\u00f3n con un toque l\u00fadico e imaginativo.<br \/>\nAmelia sigue educando a ni\u00f1os en ingl\u00e9s, combinando su amor por la ense\u00f1anza con sus esfuerzos art\u00edsticos.<br \/>\nA trav\u00e9s de su arte, comparte la belleza de Andaluc\u00eda y su perspectiva creativa con ni\u00f1os y adultos por igual.<\/p>\n","protected":false},"featured_media":12559,"comment_status":"closed","ping_status":"closed","template":"","meta":{"_acf_changed":false,"inline_featured_image":false},"product_cat":[133,181,182],"product_tag":[],"class_list":{"0":"post-12660","1":"product","2":"type-product","3":"status-publish","4":"has-post-thumbnail","6":"product_cat-nuevo","7":"product_cat-accesorios-de-arte","8":"product_cat-imprime","10":"first","11":"instock","12":"shipping-taxable","13":"purchasable","14":"product-type-simple"},"acf":[],"yoast_head":"<!-- This site is optimized with the Yoast SEO plugin v26.8 - https:\/\/yoast.com\/product\/yoast-seo-wordpress\/ -->\n<title>Amelia 07 - Tori Puru<\/title>\n<meta name=\"robots\" content=\"noindex, nofollow\" \/>\n<meta property=\"og:locale\" content=\"es_ES\" \/>\n<meta property=\"og:type\" content=\"article\" \/>\n<meta property=\"og:title\" content=\"Amelia 07 - Tori Puru\" \/>\n<meta property=\"og:description\" content=\"BIO Amelia es una artista que vive en Estepona, Espa\u00f1a. Originaria de Sud\u00e1frica, pas\u00f3 su vida profesional en Londres, donde ense\u00f1\u00f3 y trabaj\u00f3 con ni\u00f1os en la escuela primaria. Amelia es una persona que ama la naturaleza, el silencio y pensar fuera de los esquemas del mundo actual. Esta pasi\u00f3n la llev\u00f3 a trasladarse a Espa\u00f1a, donde disfruta del mar, la monta\u00f1a y todos los dem\u00e1s aspectos de la naturaleza. Vivir en Estepona proporciona a Amelia tiempo y tranquilidad para reflexionar sobre las im\u00e1genes que encuentra en su entorno y plasmarlas en su estilo \u00fanico e infantil de trabajo en 3D. Su arte presenta im\u00e1genes de Andaluc\u00eda a trav\u00e9s de la lente de un ni\u00f1o, captando la esencia de la regi\u00f3n con un toque l\u00fadico e imaginativo. Amelia sigue educando a ni\u00f1os en ingl\u00e9s, combinando su amor por la ense\u00f1anza con sus esfuerzos art\u00edsticos. A trav\u00e9s de su arte, comparte la belleza de Andaluc\u00eda y su perspectiva creativa con ni\u00f1os y adultos por igual.\" \/>\n<meta property=\"og:url\" content=\"https:\/\/toripuru.shop\/es\/producto\/amelia-07\/\" \/>\n<meta property=\"og:site_name\" content=\"Tori Puru\" \/>\n<meta property=\"article:publisher\" content=\"https:\/\/www.facebook.com\/people\/Tori-Puru\/61554449463733\/\" \/>\n<meta property=\"article:modified_time\" content=\"2024-08-09T12:25:18+00:00\" \/>\n<meta property=\"og:image\" content=\"https:\/\/toripuru.shop\/wp-content\/uploads\/2024\/08\/1_AMELIA_P7.jpg\" \/>\n\t<meta property=\"og:image:width\" content=\"1920\" \/>\n\t<meta property=\"og:image:height\" content=\"1920\" \/>\n\t<meta property=\"og:image:type\" content=\"image\/jpeg\" \/>\n<meta name=\"twitter:card\" content=\"summary_large_image\" \/>\n<meta name=\"twitter:label1\" content=\"Tiempo de lectura\" \/>\n\t<meta name=\"twitter:data1\" content=\"1 minuto\" \/>\n<script type=\"application\/ld+json\" class=\"yoast-schema-graph\">{\"@context\":\"https:\/\/schema.org\",\"@graph\":[{\"@type\":\"WebPage\",\"@id\":\"https:\/\/toripuru.shop\/es\/producto\/amelia-07\/\",\"url\":\"https:\/\/toripuru.shop\/es\/producto\/amelia-07\/\",\"name\":\"Amelia 07 - Tori Puru\",\"isPartOf\":{\"@id\":\"https:\/\/toripuru.shop\/es\/#website\"},\"primaryImageOfPage\":{\"@id\":\"https:\/\/toripuru.shop\/es\/producto\/amelia-07\/#primaryimage\"},\"image\":{\"@id\":\"https:\/\/toripuru.shop\/es\/producto\/amelia-07\/#primaryimage\"},\"thumbnailUrl\":\"https:\/\/toripuru.shop\/wp-content\/uploads\/2024\/08\/1_AMELIA_P7.jpg\",\"datePublished\":\"2024-08-05T10:35:10+00:00\",\"dateModified\":\"2024-08-09T12:25:18+00:00\",\"breadcrumb\":{\"@id\":\"https:\/\/toripuru.shop\/es\/producto\/amelia-07\/#breadcrumb\"},\"inLanguage\":\"es\",\"potentialAction\":[{\"@type\":\"ReadAction\",\"target\":[\"https:\/\/toripuru.shop\/es\/producto\/amelia-07\/\"]}]},{\"@type\":\"ImageObject\",\"inLanguage\":\"es\",\"@id\":\"https:\/\/toripuru.shop\/es\/producto\/amelia-07\/#primaryimage\",\"url\":\"https:\/\/toripuru.shop\/wp-content\/uploads\/2024\/08\/1_AMELIA_P7.jpg\",\"contentUrl\":\"https:\/\/toripuru.shop\/wp-content\/uploads\/2024\/08\/1_AMELIA_P7.jpg\",\"width\":1920,\"height\":1920},{\"@type\":\"BreadcrumbList\",\"@id\":\"https:\/\/toripuru.shop\/es\/producto\/amelia-07\/#breadcrumb\",\"itemListElement\":[{\"@type\":\"ListItem\",\"position\":1,\"name\":\"Home\",\"item\":\"https:\/\/toripuru.shop\/es\/\"},{\"@type\":\"ListItem\",\"position\":2,\"name\":\"Tienda\",\"item\":\"https:\/\/toripuru.shop\/es\/tienda-2\/\"},{\"@type\":\"ListItem\",\"position\":3,\"name\":\"Amelia 07\"}]},{\"@type\":\"WebSite\",\"@id\":\"https:\/\/toripuru.shop\/es\/#website\",\"url\":\"https:\/\/toripuru.shop\/es\/\",\"name\":\"Tori Puru\",\"description\":\"Designed with care and love\",\"publisher\":{\"@id\":\"https:\/\/toripuru.shop\/es\/#organization\"},\"potentialAction\":[{\"@type\":\"SearchAction\",\"target\":{\"@type\":\"EntryPoint\",\"urlTemplate\":\"https:\/\/toripuru.shop\/es\/?s={search_term_string}\"},\"query-input\":{\"@type\":\"PropertyValueSpecification\",\"valueRequired\":true,\"valueName\":\"search_term_string\"}}],\"inLanguage\":\"es\"},{\"@type\":\"Organization\",\"@id\":\"https:\/\/toripuru.shop\/es\/#organization\",\"name\":\"Tori Puru - Premium Quality Costum Made Furniture in Marbella\",\"url\":\"https:\/\/toripuru.shop\/es\/\",\"logo\":{\"@type\":\"ImageObject\",\"inLanguage\":\"es\",\"@id\":\"https:\/\/toripuru.shop\/es\/#\/schema\/logo\/image\/\",\"url\":\"https:\/\/toripuru.shop\/wp-content\/uploads\/2024\/05\/cropped-ToriPuruLogo-grey.png\",\"contentUrl\":\"https:\/\/toripuru.shop\/wp-content\/uploads\/2024\/05\/cropped-ToriPuruLogo-grey.png\",\"width\":3477,\"height\":2318,\"caption\":\"Tori Puru - Premium Quality Costum Made Furniture in Marbella\"},\"image\":{\"@id\":\"https:\/\/toripuru.shop\/es\/#\/schema\/logo\/image\/\"},\"sameAs\":[\"https:\/\/www.facebook.com\/people\/Tori-Puru\/61554449463733\/\",\"https:\/\/www.instagram.com\/toripuru_eu\",\"https:\/\/www.tiktok.com\/@toripuru.eu\"]}]}<\/script>\n<!-- \/ Yoast SEO plugin. -->","yoast_head_json":{"title":"Amelia 07 - Tori Puru","robots":{"index":"noindex","follow":"nofollow"},"og_locale":"es_ES","og_type":"article","og_title":"Amelia 07 - Tori Puru","og_description":"BIO Amelia es una artista que vive en Estepona, Espa\u00f1a. Originaria de Sud\u00e1frica, pas\u00f3 su vida profesional en Londres, donde ense\u00f1\u00f3 y trabaj\u00f3 con ni\u00f1os en la escuela primaria. Amelia es una persona que ama la naturaleza, el silencio y pensar fuera de los esquemas del mundo actual. Esta pasi\u00f3n la llev\u00f3 a trasladarse a Espa\u00f1a, donde disfruta del mar, la monta\u00f1a y todos los dem\u00e1s aspectos de la naturaleza. Vivir en Estepona proporciona a Amelia tiempo y tranquilidad para reflexionar sobre las im\u00e1genes que encuentra en su entorno y plasmarlas en su estilo \u00fanico e infantil de trabajo en 3D. Su arte presenta im\u00e1genes de Andaluc\u00eda a trav\u00e9s de la lente de un ni\u00f1o, captando la esencia de la regi\u00f3n con un toque l\u00fadico e imaginativo. Amelia sigue educando a ni\u00f1os en ingl\u00e9s, combinando su amor por la ense\u00f1anza con sus esfuerzos art\u00edsticos. A trav\u00e9s de su arte, comparte la belleza de Andaluc\u00eda y su perspectiva creativa con ni\u00f1os y adultos por igual.","og_url":"https:\/\/toripuru.shop\/es\/producto\/amelia-07\/","og_site_name":"Tori Puru","article_publisher":"https:\/\/www.facebook.com\/people\/Tori-Puru\/61554449463733\/","article_modified_time":"2024-08-09T12:25:18+00:00","og_image":[{"width":1920,"height":1920,"url":"https:\/\/toripuru.shop\/wp-content\/uploads\/2024\/08\/1_AMELIA_P7.jpg","type":"image\/jpeg"}],"twitter_card":"summary_large_image","twitter_misc":{"Tiempo de lectura":"1 minuto"},"schema":{"@context":"https:\/\/schema.org","@graph":[{"@type":"WebPage","@id":"https:\/\/toripuru.shop\/es\/producto\/amelia-07\/","url":"https:\/\/toripuru.shop\/es\/producto\/amelia-07\/","name":"Amelia 07 - Tori Puru","isPartOf":{"@id":"https:\/\/toripuru.shop\/es\/#website"},"primaryImageOfPage":{"@id":"https:\/\/toripuru.shop\/es\/producto\/amelia-07\/#primaryimage"},"image":{"@id":"https:\/\/toripuru.shop\/es\/producto\/amelia-07\/#primaryimage"},"thumbnailUrl":"https:\/\/toripuru.shop\/wp-content\/uploads\/2024\/08\/1_AMELIA_P7.jpg","datePublished":"2024-08-05T10:35:10+00:00","dateModified":"2024-08-09T12:25:18+00:00","breadcrumb":{"@id":"https:\/\/toripuru.shop\/es\/producto\/amelia-07\/#breadcrumb"},"inLanguage":"es","potentialAction":[{"@type":"ReadAction","target":["https:\/\/toripuru.shop\/es\/producto\/amelia-07\/"]}]},{"@type":"ImageObject","inLanguage":"es","@id":"https:\/\/toripuru.shop\/es\/producto\/amelia-07\/#primaryimage","url":"https:\/\/toripuru.shop\/wp-content\/uploads\/2024\/08\/1_AMELIA_P7.jpg","contentUrl":"https:\/\/toripuru.shop\/wp-content\/uploads\/2024\/08\/1_AMELIA_P7.jpg","width":1920,"height":1920},{"@type":"BreadcrumbList","@id":"https:\/\/toripuru.shop\/es\/producto\/amelia-07\/#breadcrumb","itemListElement":[{"@type":"ListItem","position":1,"name":"Home","item":"https:\/\/toripuru.shop\/es\/"},{"@type":"ListItem","position":2,"name":"Tienda","item":"https:\/\/toripuru.shop\/es\/tienda-2\/"},{"@type":"ListItem","position":3,"name":"Amelia 07"}]},{"@type":"WebSite","@id":"https:\/\/toripuru.shop\/es\/#website","url":"https:\/\/toripuru.shop\/es\/","name":"Tori Puru","description":"Designed with care and love","publisher":{"@id":"https:\/\/toripuru.shop\/es\/#organization"},"potentialAction":[{"@type":"SearchAction","target":{"@type":"EntryPoint","urlTemplate":"https:\/\/toripuru.shop\/es\/?s={search_term_string}"},"query-input":{"@type":"PropertyValueSpecification","valueRequired":true,"valueName":"search_term_string"}}],"inLanguage":"es"},{"@type":"Organization","@id":"https:\/\/toripuru.shop\/es\/#organization","name":"Tori Puru - Premium Quality Costum Made Furniture in Marbella","url":"https:\/\/toripuru.shop\/es\/","logo":{"@type":"ImageObject","inLanguage":"es","@id":"https:\/\/toripuru.shop\/es\/#\/schema\/logo\/image\/","url":"https:\/\/toripuru.shop\/wp-content\/uploads\/2024\/05\/cropped-ToriPuruLogo-grey.png","contentUrl":"https:\/\/toripuru.shop\/wp-content\/uploads\/2024\/05\/cropped-ToriPuruLogo-grey.png","width":3477,"height":2318,"caption":"Tori Puru - Premium Quality Costum Made Furniture in Marbella"},"image":{"@id":"https:\/\/toripuru.shop\/es\/#\/schema\/logo\/image\/"},"sameAs":["https:\/\/www.facebook.com\/people\/Tori-Puru\/61554449463733\/","https:\/\/www.instagram.com\/toripuru_eu","https:\/\/www.tiktok.com\/@toripuru.eu"]}]}},"_links":{"self":[{"href":"https:\/\/toripuru.shop\/es\/wp-json\/wp\/v2\/product\/12660","targetHints":{"allow":["GET"]}}],"collection":[{"href":"https:\/\/toripuru.shop\/es\/wp-json\/wp\/v2\/product"}],"about":[{"href":"https:\/\/toripuru.shop\/es\/wp-json\/wp\/v2\/types\/product"}],"replies":[{"embeddable":true,"href":"https:\/\/toripuru.shop\/es\/wp-json\/wp\/v2\/comments?post=12660"}],"version-history":[{"count":1,"href":"https:\/\/toripuru.shop\/es\/wp-json\/wp\/v2\/product\/12660\/revisions"}],"predecessor-version":[{"id":12945,"href":"https:\/\/toripuru.shop\/es\/wp-json\/wp\/v2\/product\/12660\/revisions\/12945"}],"wp:featuredmedia":[{"embeddable":true,"href":"https:\/\/toripuru.shop\/es\/wp-json\/wp\/v2\/media\/12559"}],"wp:attachment":[{"href":"https:\/\/toripuru.shop\/es\/wp-json\/wp\/v2\/media?parent=12660"}],"wp:term":[{"taxonomy":"product_cat","embeddable":true,"href":"https:\/\/toripuru.shop\/es\/wp-json\/wp\/v2\/product_cat?post=12660"},{"taxonomy":"product_tag","embeddable":true,"href":"https:\/\/toripuru.shop\/es\/wp-json\/wp\/v2\/product_tag?post=12660"}],"curies":[{"name":"wp","href":"https:\/\/api.w.org\/{rel}","templated":true}]}}