{"id":12677,"date":"2024-03-04T15:11:37","date_gmt":"2024-03-04T15:11:37","guid":{"rendered":"https:\/\/toripuru.shop\/product\/sabana-bajera-impermeable-bonbons\/"},"modified":"2024-08-09T12:45:49","modified_gmt":"2024-08-09T12:45:49","slug":"sabana-bajera-impermeable-bonbons","status":"publish","type":"product","link":"https:\/\/toripuru.shop\/es\/producto\/sabana-bajera-impermeable-bonbons\/","title":{"rendered":"S\u00e1bana bajera impermeable Bonbons"},"content":{"rendered":"","protected":false},"excerpt":{"rendered":"<p>La s\u00e1bana bajera de bamb\u00fa personifica la fusi\u00f3n de ecolog\u00eda y lujo.<br \/>\nConfeccionada con el mejor tejido de punto de bamb\u00fa, define la serie de s\u00e1banas bajeras Bamb\u00fa.<br \/>\nImpermeable y transpirable, con calificaci\u00f3n m\u00e9dica, su el\u00e1stico incorporado garantiza un ajuste perfecto al colch\u00f3n DUAL fabricado espec\u00edficamente para Tori Puru.<br \/>\nSuave al tacto y delicada con la piel de tu beb\u00e9, ofrece+M8:N9ers una experiencia deliciosa.<\/p>\n","protected":false},"featured_media":12323,"comment_status":"closed","ping_status":"closed","template":"","meta":{"_acf_changed":false,"inline_featured_image":false},"product_cat":[133,195,194],"product_tag":[],"class_list":{"0":"post-12677","1":"product","2":"type-product","3":"status-publish","4":"has-post-thumbnail","6":"product_cat-nuevo","7":"product_cat-es-bonbons","8":"product_cat-sabanas","9":"pa_color-beige-es","10":"pa_color-blanco","12":"first","13":"instock","14":"shipping-taxable","15":"purchasable","16":"product-type-variable","17":"has-default-attributes"},"acf":[],"yoast_head":"<!-- This site is optimized with the Yoast SEO plugin v26.8 - https:\/\/yoast.com\/product\/yoast-seo-wordpress\/ -->\n<title>S\u00e1bana bajera impermeable Bonbons - Tori Puru<\/title>\n<meta name=\"robots\" content=\"noindex, nofollow\" \/>\n<meta property=\"og:locale\" content=\"es_ES\" \/>\n<meta property=\"og:type\" content=\"article\" \/>\n<meta property=\"og:title\" content=\"S\u00e1bana bajera impermeable Bonbons - Tori Puru\" \/>\n<meta property=\"og:description\" content=\"La s\u00e1bana bajera de bamb\u00fa personifica la fusi\u00f3n de ecolog\u00eda y lujo. Confeccionada con el mejor tejido de punto de bamb\u00fa, define la serie de s\u00e1banas bajeras Bamb\u00fa. Impermeable y transpirable, con calificaci\u00f3n m\u00e9dica, su el\u00e1stico incorporado garantiza un ajuste perfecto al colch\u00f3n DUAL fabricado espec\u00edficamente para Tori Puru. Suave al tacto y delicada con la piel de tu beb\u00e9, ofrece+M8:N9ers una experiencia deliciosa.\" \/>\n<meta property=\"og:url\" content=\"https:\/\/toripuru.shop\/es\/producto\/sabana-bajera-impermeable-bonbons\/\" \/>\n<meta property=\"og:site_name\" content=\"Tori Puru\" \/>\n<meta property=\"article:publisher\" content=\"https:\/\/www.facebook.com\/people\/Tori-Puru\/61554449463733\/\" \/>\n<meta property=\"article:modified_time\" content=\"2024-08-09T12:45:49+00:00\" \/>\n<meta property=\"og:image\" content=\"https:\/\/toripuru.shop\/wp-content\/uploads\/2024\/03\/1-IMG_3480-\u2014-1.jpg\" \/>\n\t<meta property=\"og:image:width\" content=\"1920\" \/>\n\t<meta property=\"og:image:height\" content=\"1920\" \/>\n\t<meta property=\"og:image:type\" content=\"image\/jpeg\" \/>\n<meta name=\"twitter:card\" content=\"summary_large_image\" \/>\n<meta name=\"twitter:label1\" content=\"Tiempo de lectura\" \/>\n\t<meta name=\"twitter:data1\" content=\"1 minuto\" \/>\n<script type=\"application\/ld+json\" class=\"yoast-schema-graph\">{\"@context\":\"https:\/\/schema.org\",\"@graph\":[{\"@type\":\"WebPage\",\"@id\":\"https:\/\/toripuru.shop\/es\/producto\/sabana-bajera-impermeable-bonbons\/\",\"url\":\"https:\/\/toripuru.shop\/es\/producto\/sabana-bajera-impermeable-bonbons\/\",\"name\":\"S\u00e1bana bajera impermeable Bonbons - Tori Puru\",\"isPartOf\":{\"@id\":\"https:\/\/toripuru.shop\/es\/#website\"},\"primaryImageOfPage\":{\"@id\":\"https:\/\/toripuru.shop\/es\/producto\/sabana-bajera-impermeable-bonbons\/#primaryimage\"},\"image\":{\"@id\":\"https:\/\/toripuru.shop\/es\/producto\/sabana-bajera-impermeable-bonbons\/#primaryimage\"},\"thumbnailUrl\":\"https:\/\/toripuru.shop\/wp-content\/uploads\/2024\/03\/1-IMG_3480-\u2014-1.jpg\",\"datePublished\":\"2024-03-04T15:11:37+00:00\",\"dateModified\":\"2024-08-09T12:45:49+00:00\",\"breadcrumb\":{\"@id\":\"https:\/\/toripuru.shop\/es\/producto\/sabana-bajera-impermeable-bonbons\/#breadcrumb\"},\"inLanguage\":\"es\",\"potentialAction\":[{\"@type\":\"ReadAction\",\"target\":[\"https:\/\/toripuru.shop\/es\/producto\/sabana-bajera-impermeable-bonbons\/\"]}]},{\"@type\":\"ImageObject\",\"inLanguage\":\"es\",\"@id\":\"https:\/\/toripuru.shop\/es\/producto\/sabana-bajera-impermeable-bonbons\/#primaryimage\",\"url\":\"https:\/\/toripuru.shop\/wp-content\/uploads\/2024\/03\/1-IMG_3480-\u2014-1.jpg\",\"contentUrl\":\"https:\/\/toripuru.shop\/wp-content\/uploads\/2024\/03\/1-IMG_3480-\u2014-1.jpg\",\"width\":1920,\"height\":1920},{\"@type\":\"BreadcrumbList\",\"@id\":\"https:\/\/toripuru.shop\/es\/producto\/sabana-bajera-impermeable-bonbons\/#breadcrumb\",\"itemListElement\":[{\"@type\":\"ListItem\",\"position\":1,\"name\":\"Home\",\"item\":\"https:\/\/toripuru.shop\/es\/\"},{\"@type\":\"ListItem\",\"position\":2,\"name\":\"Tienda\",\"item\":\"https:\/\/toripuru.shop\/es\/tienda-2\/\"},{\"@type\":\"ListItem\",\"position\":3,\"name\":\"S\u00e1bana bajera impermeable Bonbons\"}]},{\"@type\":\"WebSite\",\"@id\":\"https:\/\/toripuru.shop\/es\/#website\",\"url\":\"https:\/\/toripuru.shop\/es\/\",\"name\":\"Tori Puru\",\"description\":\"Designed with care and love\",\"publisher\":{\"@id\":\"https:\/\/toripuru.shop\/es\/#organization\"},\"potentialAction\":[{\"@type\":\"SearchAction\",\"target\":{\"@type\":\"EntryPoint\",\"urlTemplate\":\"https:\/\/toripuru.shop\/es\/?s={search_term_string}\"},\"query-input\":{\"@type\":\"PropertyValueSpecification\",\"valueRequired\":true,\"valueName\":\"search_term_string\"}}],\"inLanguage\":\"es\"},{\"@type\":\"Organization\",\"@id\":\"https:\/\/toripuru.shop\/es\/#organization\",\"name\":\"Tori Puru - Premium Quality Costum Made Furniture in Marbella\",\"url\":\"https:\/\/toripuru.shop\/es\/\",\"logo\":{\"@type\":\"ImageObject\",\"inLanguage\":\"es\",\"@id\":\"https:\/\/toripuru.shop\/es\/#\/schema\/logo\/image\/\",\"url\":\"https:\/\/toripuru.shop\/wp-content\/uploads\/2024\/05\/cropped-ToriPuruLogo-grey.png\",\"contentUrl\":\"https:\/\/toripuru.shop\/wp-content\/uploads\/2024\/05\/cropped-ToriPuruLogo-grey.png\",\"width\":3477,\"height\":2318,\"caption\":\"Tori Puru - Premium Quality Costum Made Furniture in Marbella\"},\"image\":{\"@id\":\"https:\/\/toripuru.shop\/es\/#\/schema\/logo\/image\/\"},\"sameAs\":[\"https:\/\/www.facebook.com\/people\/Tori-Puru\/61554449463733\/\",\"https:\/\/www.instagram.com\/toripuru_eu\",\"https:\/\/www.tiktok.com\/@toripuru.eu\"]}]}<\/script>\n<!-- \/ Yoast SEO plugin. -->","yoast_head_json":{"title":"S\u00e1bana bajera impermeable Bonbons - Tori Puru","robots":{"index":"noindex","follow":"nofollow"},"og_locale":"es_ES","og_type":"article","og_title":"S\u00e1bana bajera impermeable Bonbons - Tori Puru","og_description":"La s\u00e1bana bajera de bamb\u00fa personifica la fusi\u00f3n de ecolog\u00eda y lujo. Confeccionada con el mejor tejido de punto de bamb\u00fa, define la serie de s\u00e1banas bajeras Bamb\u00fa. Impermeable y transpirable, con calificaci\u00f3n m\u00e9dica, su el\u00e1stico incorporado garantiza un ajuste perfecto al colch\u00f3n DUAL fabricado espec\u00edficamente para Tori Puru. Suave al tacto y delicada con la piel de tu beb\u00e9, ofrece+M8:N9ers una experiencia deliciosa.","og_url":"https:\/\/toripuru.shop\/es\/producto\/sabana-bajera-impermeable-bonbons\/","og_site_name":"Tori Puru","article_publisher":"https:\/\/www.facebook.com\/people\/Tori-Puru\/61554449463733\/","article_modified_time":"2024-08-09T12:45:49+00:00","og_image":[{"width":1920,"height":1920,"url":"https:\/\/toripuru.shop\/wp-content\/uploads\/2024\/03\/1-IMG_3480-\u2014-1.jpg","type":"image\/jpeg"}],"twitter_card":"summary_large_image","twitter_misc":{"Tiempo de lectura":"1 minuto"},"schema":{"@context":"https:\/\/schema.org","@graph":[{"@type":"WebPage","@id":"https:\/\/toripuru.shop\/es\/producto\/sabana-bajera-impermeable-bonbons\/","url":"https:\/\/toripuru.shop\/es\/producto\/sabana-bajera-impermeable-bonbons\/","name":"S\u00e1bana bajera impermeable Bonbons - Tori Puru","isPartOf":{"@id":"https:\/\/toripuru.shop\/es\/#website"},"primaryImageOfPage":{"@id":"https:\/\/toripuru.shop\/es\/producto\/sabana-bajera-impermeable-bonbons\/#primaryimage"},"image":{"@id":"https:\/\/toripuru.shop\/es\/producto\/sabana-bajera-impermeable-bonbons\/#primaryimage"},"thumbnailUrl":"https:\/\/toripuru.shop\/wp-content\/uploads\/2024\/03\/1-IMG_3480-\u2014-1.jpg","datePublished":"2024-03-04T15:11:37+00:00","dateModified":"2024-08-09T12:45:49+00:00","breadcrumb":{"@id":"https:\/\/toripuru.shop\/es\/producto\/sabana-bajera-impermeable-bonbons\/#breadcrumb"},"inLanguage":"es","potentialAction":[{"@type":"ReadAction","target":["https:\/\/toripuru.shop\/es\/producto\/sabana-bajera-impermeable-bonbons\/"]}]},{"@type":"ImageObject","inLanguage":"es","@id":"https:\/\/toripuru.shop\/es\/producto\/sabana-bajera-impermeable-bonbons\/#primaryimage","url":"https:\/\/toripuru.shop\/wp-content\/uploads\/2024\/03\/1-IMG_3480-\u2014-1.jpg","contentUrl":"https:\/\/toripuru.shop\/wp-content\/uploads\/2024\/03\/1-IMG_3480-\u2014-1.jpg","width":1920,"height":1920},{"@type":"BreadcrumbList","@id":"https:\/\/toripuru.shop\/es\/producto\/sabana-bajera-impermeable-bonbons\/#breadcrumb","itemListElement":[{"@type":"ListItem","position":1,"name":"Home","item":"https:\/\/toripuru.shop\/es\/"},{"@type":"ListItem","position":2,"name":"Tienda","item":"https:\/\/toripuru.shop\/es\/tienda-2\/"},{"@type":"ListItem","position":3,"name":"S\u00e1bana bajera impermeable Bonbons"}]},{"@type":"WebSite","@id":"https:\/\/toripuru.shop\/es\/#website","url":"https:\/\/toripuru.shop\/es\/","name":"Tori Puru","description":"Designed with care and love","publisher":{"@id":"https:\/\/toripuru.shop\/es\/#organization"},"potentialAction":[{"@type":"SearchAction","target":{"@type":"EntryPoint","urlTemplate":"https:\/\/toripuru.shop\/es\/?s={search_term_string}"},"query-input":{"@type":"PropertyValueSpecification","valueRequired":true,"valueName":"search_term_string"}}],"inLanguage":"es"},{"@type":"Organization","@id":"https:\/\/toripuru.shop\/es\/#organization","name":"Tori Puru - Premium Quality Costum Made Furniture in Marbella","url":"https:\/\/toripuru.shop\/es\/","logo":{"@type":"ImageObject","inLanguage":"es","@id":"https:\/\/toripuru.shop\/es\/#\/schema\/logo\/image\/","url":"https:\/\/toripuru.shop\/wp-content\/uploads\/2024\/05\/cropped-ToriPuruLogo-grey.png","contentUrl":"https:\/\/toripuru.shop\/wp-content\/uploads\/2024\/05\/cropped-ToriPuruLogo-grey.png","width":3477,"height":2318,"caption":"Tori Puru - Premium Quality Costum Made Furniture in Marbella"},"image":{"@id":"https:\/\/toripuru.shop\/es\/#\/schema\/logo\/image\/"},"sameAs":["https:\/\/www.facebook.com\/people\/Tori-Puru\/61554449463733\/","https:\/\/www.instagram.com\/toripuru_eu","https:\/\/www.tiktok.com\/@toripuru.eu"]}]}},"_links":{"self":[{"href":"https:\/\/toripuru.shop\/es\/wp-json\/wp\/v2\/product\/12677","targetHints":{"allow":["GET"]}}],"collection":[{"href":"https:\/\/toripuru.shop\/es\/wp-json\/wp\/v2\/product"}],"about":[{"href":"https:\/\/toripuru.shop\/es\/wp-json\/wp\/v2\/types\/product"}],"replies":[{"embeddable":true,"href":"https:\/\/toripuru.shop\/es\/wp-json\/wp\/v2\/comments?post=12677"}],"version-history":[{"count":2,"href":"https:\/\/toripuru.shop\/es\/wp-json\/wp\/v2\/product\/12677\/revisions"}],"predecessor-version":[{"id":12970,"href":"https:\/\/toripuru.shop\/es\/wp-json\/wp\/v2\/product\/12677\/revisions\/12970"}],"wp:featuredmedia":[{"embeddable":true,"href":"https:\/\/toripuru.shop\/es\/wp-json\/wp\/v2\/media\/12323"}],"wp:attachment":[{"href":"https:\/\/toripuru.shop\/es\/wp-json\/wp\/v2\/media?parent=12677"}],"wp:term":[{"taxonomy":"product_cat","embeddable":true,"href":"https:\/\/toripuru.shop\/es\/wp-json\/wp\/v2\/product_cat?post=12677"},{"taxonomy":"product_tag","embeddable":true,"href":"https:\/\/toripuru.shop\/es\/wp-json\/wp\/v2\/product_tag?post=12677"}],"curies":[{"name":"wp","href":"https:\/\/api.w.org\/{rel}","templated":true}]}}