{"id":12683,"date":"2024-03-04T14:35:35","date_gmt":"2024-03-04T14:35:35","guid":{"rendered":"https:\/\/toripuru.shop\/product\/colchon-ortopedico-bonbons-dual-2-caras\/"},"modified":"2024-08-09T12:48:38","modified_gmt":"2024-08-09T12:48:38","slug":"colchon-ortopedico-bonbons-dual-2-caras","status":"publish","type":"product","link":"https:\/\/toripuru.shop\/es\/producto\/colchon-ortopedico-bonbons-dual-2-caras\/","title":{"rendered":"Colch\u00f3n ortop\u00e9dico Bonbons DUAL 2 caras"},"content":{"rendered":"","protected":false},"excerpt":{"rendered":"<p>El colch\u00f3n Dual se caracteriza por su reversibilidad, en la que un lado est\u00e1 pensado para beb\u00e9s y el otro para ni\u00f1os algo mayores.<br \/>\nLa funda del colch\u00f3n tiene una cremallera de 360 grados separable y segura, con la posibilidad de utilizar un lado mientras se lava el otro.<br \/>\nEl tejido jacquard est\u00e1 cosido con plata, lo que lo hace antibacteriano El relleno es de espuma con memoria para una adaptaci\u00f3n perfecta a la forma del cuerpo del ni\u00f1o.<br \/>\nNing\u00fan padre quiere que su hijo sude mientras duerme.<br \/>\nEl exceso de vapor y humedad se acumula en los canales de ventilaci\u00f3n bajo el colch\u00f3n, que luego se eliminan del colch\u00f3n.<br \/>\nGracias a las vigas estabilizadoras de los laterales del colch\u00f3n, hemos reducido el riesgo de que el ni\u00f1o se tuerza el tobillo al apoyarse en el borde del colch\u00f3n.<br \/>\nDual, tiene el estatus de dispositivo m\u00e9dico y un certificado Oeko Tex, y para su encolado se utiliz\u00f3 un adhesivo certificado seguro para la piel.<\/p>\n","protected":false},"featured_media":11826,"comment_status":"closed","ping_status":"closed","template":"","meta":{"_acf_changed":false,"inline_featured_image":false},"product_cat":[133,197],"product_tag":[],"class_list":{"0":"post-12683","1":"product","2":"type-product","3":"status-publish","4":"has-post-thumbnail","6":"product_cat-nuevo","7":"product_cat-colchones","8":"pa_color-blanco","9":"pa_color-madera","10":"pa_color-verde","12":"first","13":"instock","14":"shipping-taxable","15":"purchasable","16":"product-type-simple"},"acf":[],"yoast_head":"<!-- This site is optimized with the Yoast SEO plugin v26.8 - https:\/\/yoast.com\/product\/yoast-seo-wordpress\/ -->\n<title>Colch\u00f3n ortop\u00e9dico Bonbons DUAL 2 caras - Tori Puru<\/title>\n<meta name=\"robots\" content=\"noindex, nofollow\" \/>\n<meta property=\"og:locale\" content=\"es_ES\" \/>\n<meta property=\"og:type\" content=\"article\" \/>\n<meta property=\"og:title\" content=\"Colch\u00f3n ortop\u00e9dico Bonbons DUAL 2 caras - Tori Puru\" \/>\n<meta property=\"og:description\" content=\"El colch\u00f3n Dual se caracteriza por su reversibilidad, en la que un lado est\u00e1 pensado para beb\u00e9s y el otro para ni\u00f1os algo mayores. La funda del colch\u00f3n tiene una cremallera de 360 grados separable y segura, con la posibilidad de utilizar un lado mientras se lava el otro. El tejido jacquard est\u00e1 cosido con plata, lo que lo hace antibacteriano El relleno es de espuma con memoria para una adaptaci\u00f3n perfecta a la forma del cuerpo del ni\u00f1o. Ning\u00fan padre quiere que su hijo sude mientras duerme. El exceso de vapor y humedad se acumula en los canales de ventilaci\u00f3n bajo el colch\u00f3n, que luego se eliminan del colch\u00f3n. Gracias a las vigas estabilizadoras de los laterales del colch\u00f3n, hemos reducido el riesgo de que el ni\u00f1o se tuerza el tobillo al apoyarse en el borde del colch\u00f3n. Dual, tiene el estatus de dispositivo m\u00e9dico y un certificado Oeko Tex, y para su encolado se utiliz\u00f3 un adhesivo certificado seguro para la piel.\" \/>\n<meta property=\"og:url\" content=\"https:\/\/toripuru.shop\/es\/producto\/colchon-ortopedico-bonbons-dual-2-caras\/\" \/>\n<meta property=\"og:site_name\" content=\"Tori Puru\" \/>\n<meta property=\"article:publisher\" content=\"https:\/\/www.facebook.com\/people\/Tori-Puru\/61554449463733\/\" \/>\n<meta property=\"article:modified_time\" content=\"2024-08-09T12:48:38+00:00\" \/>\n<meta property=\"og:image\" content=\"https:\/\/toripuru.shop\/wp-content\/uploads\/2024\/03\/1-1.jpg\" \/>\n\t<meta property=\"og:image:width\" content=\"1920\" \/>\n\t<meta property=\"og:image:height\" content=\"1920\" \/>\n\t<meta property=\"og:image:type\" content=\"image\/jpeg\" \/>\n<meta name=\"twitter:card\" content=\"summary_large_image\" \/>\n<meta name=\"twitter:label1\" content=\"Tiempo de lectura\" \/>\n\t<meta name=\"twitter:data1\" content=\"1 minuto\" \/>\n<script type=\"application\/ld+json\" class=\"yoast-schema-graph\">{\"@context\":\"https:\/\/schema.org\",\"@graph\":[{\"@type\":\"WebPage\",\"@id\":\"https:\/\/toripuru.shop\/es\/producto\/colchon-ortopedico-bonbons-dual-2-caras\/\",\"url\":\"https:\/\/toripuru.shop\/es\/producto\/colchon-ortopedico-bonbons-dual-2-caras\/\",\"name\":\"Colch\u00f3n ortop\u00e9dico Bonbons DUAL 2 caras - Tori Puru\",\"isPartOf\":{\"@id\":\"https:\/\/toripuru.shop\/es\/#website\"},\"primaryImageOfPage\":{\"@id\":\"https:\/\/toripuru.shop\/es\/producto\/colchon-ortopedico-bonbons-dual-2-caras\/#primaryimage\"},\"image\":{\"@id\":\"https:\/\/toripuru.shop\/es\/producto\/colchon-ortopedico-bonbons-dual-2-caras\/#primaryimage\"},\"thumbnailUrl\":\"https:\/\/toripuru.shop\/wp-content\/uploads\/2024\/03\/1-1.jpg\",\"datePublished\":\"2024-03-04T14:35:35+00:00\",\"dateModified\":\"2024-08-09T12:48:38+00:00\",\"breadcrumb\":{\"@id\":\"https:\/\/toripuru.shop\/es\/producto\/colchon-ortopedico-bonbons-dual-2-caras\/#breadcrumb\"},\"inLanguage\":\"es\",\"potentialAction\":[{\"@type\":\"ReadAction\",\"target\":[\"https:\/\/toripuru.shop\/es\/producto\/colchon-ortopedico-bonbons-dual-2-caras\/\"]}]},{\"@type\":\"ImageObject\",\"inLanguage\":\"es\",\"@id\":\"https:\/\/toripuru.shop\/es\/producto\/colchon-ortopedico-bonbons-dual-2-caras\/#primaryimage\",\"url\":\"https:\/\/toripuru.shop\/wp-content\/uploads\/2024\/03\/1-1.jpg\",\"contentUrl\":\"https:\/\/toripuru.shop\/wp-content\/uploads\/2024\/03\/1-1.jpg\",\"width\":1920,\"height\":1920},{\"@type\":\"BreadcrumbList\",\"@id\":\"https:\/\/toripuru.shop\/es\/producto\/colchon-ortopedico-bonbons-dual-2-caras\/#breadcrumb\",\"itemListElement\":[{\"@type\":\"ListItem\",\"position\":1,\"name\":\"Home\",\"item\":\"https:\/\/toripuru.shop\/es\/\"},{\"@type\":\"ListItem\",\"position\":2,\"name\":\"Tienda\",\"item\":\"https:\/\/toripuru.shop\/es\/tienda-2\/\"},{\"@type\":\"ListItem\",\"position\":3,\"name\":\"Colch\u00f3n ortop\u00e9dico Bonbons DUAL 2 caras\"}]},{\"@type\":\"WebSite\",\"@id\":\"https:\/\/toripuru.shop\/es\/#website\",\"url\":\"https:\/\/toripuru.shop\/es\/\",\"name\":\"Tori Puru\",\"description\":\"Designed with care and love\",\"publisher\":{\"@id\":\"https:\/\/toripuru.shop\/es\/#organization\"},\"potentialAction\":[{\"@type\":\"SearchAction\",\"target\":{\"@type\":\"EntryPoint\",\"urlTemplate\":\"https:\/\/toripuru.shop\/es\/?s={search_term_string}\"},\"query-input\":{\"@type\":\"PropertyValueSpecification\",\"valueRequired\":true,\"valueName\":\"search_term_string\"}}],\"inLanguage\":\"es\"},{\"@type\":\"Organization\",\"@id\":\"https:\/\/toripuru.shop\/es\/#organization\",\"name\":\"Tori Puru - Premium Quality Costum Made Furniture in Marbella\",\"url\":\"https:\/\/toripuru.shop\/es\/\",\"logo\":{\"@type\":\"ImageObject\",\"inLanguage\":\"es\",\"@id\":\"https:\/\/toripuru.shop\/es\/#\/schema\/logo\/image\/\",\"url\":\"https:\/\/toripuru.shop\/wp-content\/uploads\/2024\/05\/cropped-ToriPuruLogo-grey.png\",\"contentUrl\":\"https:\/\/toripuru.shop\/wp-content\/uploads\/2024\/05\/cropped-ToriPuruLogo-grey.png\",\"width\":3477,\"height\":2318,\"caption\":\"Tori Puru - Premium Quality Costum Made Furniture in Marbella\"},\"image\":{\"@id\":\"https:\/\/toripuru.shop\/es\/#\/schema\/logo\/image\/\"},\"sameAs\":[\"https:\/\/www.facebook.com\/people\/Tori-Puru\/61554449463733\/\",\"https:\/\/www.instagram.com\/toripuru_eu\",\"https:\/\/www.tiktok.com\/@toripuru.eu\"]}]}<\/script>\n<!-- \/ Yoast SEO plugin. -->","yoast_head_json":{"title":"Colch\u00f3n ortop\u00e9dico Bonbons DUAL 2 caras - Tori Puru","robots":{"index":"noindex","follow":"nofollow"},"og_locale":"es_ES","og_type":"article","og_title":"Colch\u00f3n ortop\u00e9dico Bonbons DUAL 2 caras - Tori Puru","og_description":"El colch\u00f3n Dual se caracteriza por su reversibilidad, en la que un lado est\u00e1 pensado para beb\u00e9s y el otro para ni\u00f1os algo mayores. La funda del colch\u00f3n tiene una cremallera de 360 grados separable y segura, con la posibilidad de utilizar un lado mientras se lava el otro. El tejido jacquard est\u00e1 cosido con plata, lo que lo hace antibacteriano El relleno es de espuma con memoria para una adaptaci\u00f3n perfecta a la forma del cuerpo del ni\u00f1o. Ning\u00fan padre quiere que su hijo sude mientras duerme. El exceso de vapor y humedad se acumula en los canales de ventilaci\u00f3n bajo el colch\u00f3n, que luego se eliminan del colch\u00f3n. Gracias a las vigas estabilizadoras de los laterales del colch\u00f3n, hemos reducido el riesgo de que el ni\u00f1o se tuerza el tobillo al apoyarse en el borde del colch\u00f3n. Dual, tiene el estatus de dispositivo m\u00e9dico y un certificado Oeko Tex, y para su encolado se utiliz\u00f3 un adhesivo certificado seguro para la piel.","og_url":"https:\/\/toripuru.shop\/es\/producto\/colchon-ortopedico-bonbons-dual-2-caras\/","og_site_name":"Tori Puru","article_publisher":"https:\/\/www.facebook.com\/people\/Tori-Puru\/61554449463733\/","article_modified_time":"2024-08-09T12:48:38+00:00","og_image":[{"width":1920,"height":1920,"url":"https:\/\/toripuru.shop\/wp-content\/uploads\/2024\/03\/1-1.jpg","type":"image\/jpeg"}],"twitter_card":"summary_large_image","twitter_misc":{"Tiempo de lectura":"1 minuto"},"schema":{"@context":"https:\/\/schema.org","@graph":[{"@type":"WebPage","@id":"https:\/\/toripuru.shop\/es\/producto\/colchon-ortopedico-bonbons-dual-2-caras\/","url":"https:\/\/toripuru.shop\/es\/producto\/colchon-ortopedico-bonbons-dual-2-caras\/","name":"Colch\u00f3n ortop\u00e9dico Bonbons DUAL 2 caras - Tori Puru","isPartOf":{"@id":"https:\/\/toripuru.shop\/es\/#website"},"primaryImageOfPage":{"@id":"https:\/\/toripuru.shop\/es\/producto\/colchon-ortopedico-bonbons-dual-2-caras\/#primaryimage"},"image":{"@id":"https:\/\/toripuru.shop\/es\/producto\/colchon-ortopedico-bonbons-dual-2-caras\/#primaryimage"},"thumbnailUrl":"https:\/\/toripuru.shop\/wp-content\/uploads\/2024\/03\/1-1.jpg","datePublished":"2024-03-04T14:35:35+00:00","dateModified":"2024-08-09T12:48:38+00:00","breadcrumb":{"@id":"https:\/\/toripuru.shop\/es\/producto\/colchon-ortopedico-bonbons-dual-2-caras\/#breadcrumb"},"inLanguage":"es","potentialAction":[{"@type":"ReadAction","target":["https:\/\/toripuru.shop\/es\/producto\/colchon-ortopedico-bonbons-dual-2-caras\/"]}]},{"@type":"ImageObject","inLanguage":"es","@id":"https:\/\/toripuru.shop\/es\/producto\/colchon-ortopedico-bonbons-dual-2-caras\/#primaryimage","url":"https:\/\/toripuru.shop\/wp-content\/uploads\/2024\/03\/1-1.jpg","contentUrl":"https:\/\/toripuru.shop\/wp-content\/uploads\/2024\/03\/1-1.jpg","width":1920,"height":1920},{"@type":"BreadcrumbList","@id":"https:\/\/toripuru.shop\/es\/producto\/colchon-ortopedico-bonbons-dual-2-caras\/#breadcrumb","itemListElement":[{"@type":"ListItem","position":1,"name":"Home","item":"https:\/\/toripuru.shop\/es\/"},{"@type":"ListItem","position":2,"name":"Tienda","item":"https:\/\/toripuru.shop\/es\/tienda-2\/"},{"@type":"ListItem","position":3,"name":"Colch\u00f3n ortop\u00e9dico Bonbons DUAL 2 caras"}]},{"@type":"WebSite","@id":"https:\/\/toripuru.shop\/es\/#website","url":"https:\/\/toripuru.shop\/es\/","name":"Tori Puru","description":"Designed with care and love","publisher":{"@id":"https:\/\/toripuru.shop\/es\/#organization"},"potentialAction":[{"@type":"SearchAction","target":{"@type":"EntryPoint","urlTemplate":"https:\/\/toripuru.shop\/es\/?s={search_term_string}"},"query-input":{"@type":"PropertyValueSpecification","valueRequired":true,"valueName":"search_term_string"}}],"inLanguage":"es"},{"@type":"Organization","@id":"https:\/\/toripuru.shop\/es\/#organization","name":"Tori Puru - Premium Quality Costum Made Furniture in Marbella","url":"https:\/\/toripuru.shop\/es\/","logo":{"@type":"ImageObject","inLanguage":"es","@id":"https:\/\/toripuru.shop\/es\/#\/schema\/logo\/image\/","url":"https:\/\/toripuru.shop\/wp-content\/uploads\/2024\/05\/cropped-ToriPuruLogo-grey.png","contentUrl":"https:\/\/toripuru.shop\/wp-content\/uploads\/2024\/05\/cropped-ToriPuruLogo-grey.png","width":3477,"height":2318,"caption":"Tori Puru - Premium Quality Costum Made Furniture in Marbella"},"image":{"@id":"https:\/\/toripuru.shop\/es\/#\/schema\/logo\/image\/"},"sameAs":["https:\/\/www.facebook.com\/people\/Tori-Puru\/61554449463733\/","https:\/\/www.instagram.com\/toripuru_eu","https:\/\/www.tiktok.com\/@toripuru.eu"]}]}},"_links":{"self":[{"href":"https:\/\/toripuru.shop\/es\/wp-json\/wp\/v2\/product\/12683","targetHints":{"allow":["GET"]}}],"collection":[{"href":"https:\/\/toripuru.shop\/es\/wp-json\/wp\/v2\/product"}],"about":[{"href":"https:\/\/toripuru.shop\/es\/wp-json\/wp\/v2\/types\/product"}],"replies":[{"embeddable":true,"href":"https:\/\/toripuru.shop\/es\/wp-json\/wp\/v2\/comments?post=12683"}],"version-history":[{"count":1,"href":"https:\/\/toripuru.shop\/es\/wp-json\/wp\/v2\/product\/12683\/revisions"}],"predecessor-version":[{"id":12973,"href":"https:\/\/toripuru.shop\/es\/wp-json\/wp\/v2\/product\/12683\/revisions\/12973"}],"wp:featuredmedia":[{"embeddable":true,"href":"https:\/\/toripuru.shop\/es\/wp-json\/wp\/v2\/media\/11826"}],"wp:attachment":[{"href":"https:\/\/toripuru.shop\/es\/wp-json\/wp\/v2\/media?parent=12683"}],"wp:term":[{"taxonomy":"product_cat","embeddable":true,"href":"https:\/\/toripuru.shop\/es\/wp-json\/wp\/v2\/product_cat?post=12683"},{"taxonomy":"product_tag","embeddable":true,"href":"https:\/\/toripuru.shop\/es\/wp-json\/wp\/v2\/product_tag?post=12683"}],"curies":[{"name":"wp","href":"https:\/\/api.w.org\/{rel}","templated":true}]}}