{"id":12686,"date":"2024-05-14T10:57:42","date_gmt":"2024-05-14T10:57:42","guid":{"rendered":"https:\/\/toripuru.shop\/product\/manta-de-merino-para-bebe-hecha-a-mano\/"},"modified":"2024-08-09T12:44:25","modified_gmt":"2024-08-09T12:44:25","slug":"manta-de-merino-para-bebe-hecha-a-mano","status":"publish","type":"product","link":"https:\/\/toripuru.shop\/es\/producto\/manta-de-merino-para-bebe-hecha-a-mano\/","title":{"rendered":"Manta de merino para beb\u00e9 hecha a mano"},"content":{"rendered":"","protected":false},"excerpt":{"rendered":"<p>Te presentamos nuestra exquisita manta para beb\u00e9 hecha a mano, cuidadosamente elaborada para garantizar la comodidad y el bienestar de tu peque\u00f1o.<br \/>\nHecha con 100% lana merina org\u00e1nica para beb\u00e9s.<br \/>\nConscientes de la importancia de los art\u00edculos de alta calidad para tu hijo, hemos elegido meticulosamente la lana merina org\u00e1nica para beb\u00e9s por sus excepcionales propiedades.<br \/>\nEste material es famoso por su calidez, transpirabilidad y suavidad naturales, lo que hace que la manta sea hipoalerg\u00e9nica y perfecta para mantener a tu peque\u00f1o calentito sin causarle sobrecalentamiento.<br \/>\nEsta manta muestra la destreza artesanal de mujeres mayores y madres que poseen un dominio profesional de la confecci\u00f3n textil a mano.<br \/>\nSu pericia es evidente en cada puntada, lo que contribuye a la durabilidad y calidad \u00fanica de cada manta.<br \/>\nAl elegir este producto, apoyas su activaci\u00f3n profesional y la conservaci\u00f3n de la artesan\u00eda tradicional.<\/p>\n","protected":false},"featured_media":11707,"comment_status":"closed","ping_status":"closed","template":"","meta":{"_acf_changed":false,"inline_featured_image":false},"product_cat":[133,140,204,211],"product_tag":[],"class_list":{"0":"post-12686","1":"product","2":"type-product","3":"status-publish","4":"has-post-thumbnail","6":"product_cat-nuevo","7":"product_cat-textil","8":"product_cat-mantas-artesanales","9":"product_cat-mantas-textiles","11":"first","12":"instock","13":"featured","14":"shipping-taxable","15":"purchasable","16":"product-type-variable","17":"has-default-attributes"},"acf":[],"yoast_head":"<!-- This site is optimized with the Yoast SEO plugin v26.8 - https:\/\/yoast.com\/product\/yoast-seo-wordpress\/ -->\n<title>Manta de merino para beb\u00e9 hecha a mano - Tori Puru<\/title>\n<meta name=\"robots\" content=\"noindex, nofollow\" \/>\n<meta property=\"og:locale\" content=\"es_ES\" \/>\n<meta property=\"og:type\" content=\"article\" \/>\n<meta property=\"og:title\" content=\"Manta de merino para beb\u00e9 hecha a mano - Tori Puru\" \/>\n<meta property=\"og:description\" content=\"Te presentamos nuestra exquisita manta para beb\u00e9 hecha a mano, cuidadosamente elaborada para garantizar la comodidad y el bienestar de tu peque\u00f1o. Hecha con 100% lana merina org\u00e1nica para beb\u00e9s. Conscientes de la importancia de los art\u00edculos de alta calidad para tu hijo, hemos elegido meticulosamente la lana merina org\u00e1nica para beb\u00e9s por sus excepcionales propiedades. Este material es famoso por su calidez, transpirabilidad y suavidad naturales, lo que hace que la manta sea hipoalerg\u00e9nica y perfecta para mantener a tu peque\u00f1o calentito sin causarle sobrecalentamiento. Esta manta muestra la destreza artesanal de mujeres mayores y madres que poseen un dominio profesional de la confecci\u00f3n textil a mano. Su pericia es evidente en cada puntada, lo que contribuye a la durabilidad y calidad \u00fanica de cada manta. Al elegir este producto, apoyas su activaci\u00f3n profesional y la conservaci\u00f3n de la artesan\u00eda tradicional.\" \/>\n<meta property=\"og:url\" content=\"https:\/\/toripuru.shop\/es\/producto\/manta-de-merino-para-bebe-hecha-a-mano\/\" \/>\n<meta property=\"og:site_name\" content=\"Tori Puru\" \/>\n<meta property=\"article:publisher\" content=\"https:\/\/www.facebook.com\/people\/Tori-Puru\/61554449463733\/\" \/>\n<meta property=\"article:modified_time\" content=\"2024-08-09T12:44:25+00:00\" \/>\n<meta property=\"og:image\" content=\"https:\/\/toripuru.shop\/wp-content\/uploads\/2024\/05\/1-7.jpg\" \/>\n\t<meta property=\"og:image:width\" content=\"1920\" \/>\n\t<meta property=\"og:image:height\" content=\"1920\" \/>\n\t<meta property=\"og:image:type\" content=\"image\/jpeg\" \/>\n<meta name=\"twitter:card\" content=\"summary_large_image\" \/>\n<meta name=\"twitter:label1\" content=\"Tiempo de lectura\" \/>\n\t<meta name=\"twitter:data1\" content=\"1 minuto\" \/>\n<script type=\"application\/ld+json\" class=\"yoast-schema-graph\">{\"@context\":\"https:\/\/schema.org\",\"@graph\":[{\"@type\":\"WebPage\",\"@id\":\"https:\/\/toripuru.shop\/es\/producto\/manta-de-merino-para-bebe-hecha-a-mano\/\",\"url\":\"https:\/\/toripuru.shop\/es\/producto\/manta-de-merino-para-bebe-hecha-a-mano\/\",\"name\":\"Manta de merino para beb\u00e9 hecha a mano - Tori Puru\",\"isPartOf\":{\"@id\":\"https:\/\/toripuru.shop\/es\/#website\"},\"primaryImageOfPage\":{\"@id\":\"https:\/\/toripuru.shop\/es\/producto\/manta-de-merino-para-bebe-hecha-a-mano\/#primaryimage\"},\"image\":{\"@id\":\"https:\/\/toripuru.shop\/es\/producto\/manta-de-merino-para-bebe-hecha-a-mano\/#primaryimage\"},\"thumbnailUrl\":\"https:\/\/toripuru.shop\/wp-content\/uploads\/2024\/05\/1-7.jpg\",\"datePublished\":\"2024-05-14T10:57:42+00:00\",\"dateModified\":\"2024-08-09T12:44:25+00:00\",\"breadcrumb\":{\"@id\":\"https:\/\/toripuru.shop\/es\/producto\/manta-de-merino-para-bebe-hecha-a-mano\/#breadcrumb\"},\"inLanguage\":\"es\",\"potentialAction\":[{\"@type\":\"ReadAction\",\"target\":[\"https:\/\/toripuru.shop\/es\/producto\/manta-de-merino-para-bebe-hecha-a-mano\/\"]}]},{\"@type\":\"ImageObject\",\"inLanguage\":\"es\",\"@id\":\"https:\/\/toripuru.shop\/es\/producto\/manta-de-merino-para-bebe-hecha-a-mano\/#primaryimage\",\"url\":\"https:\/\/toripuru.shop\/wp-content\/uploads\/2024\/05\/1-7.jpg\",\"contentUrl\":\"https:\/\/toripuru.shop\/wp-content\/uploads\/2024\/05\/1-7.jpg\",\"width\":1920,\"height\":1920},{\"@type\":\"BreadcrumbList\",\"@id\":\"https:\/\/toripuru.shop\/es\/producto\/manta-de-merino-para-bebe-hecha-a-mano\/#breadcrumb\",\"itemListElement\":[{\"@type\":\"ListItem\",\"position\":1,\"name\":\"Home\",\"item\":\"https:\/\/toripuru.shop\/es\/\"},{\"@type\":\"ListItem\",\"position\":2,\"name\":\"Tienda\",\"item\":\"https:\/\/toripuru.shop\/es\/tienda-2\/\"},{\"@type\":\"ListItem\",\"position\":3,\"name\":\"Manta de merino para beb\u00e9 hecha a mano\"}]},{\"@type\":\"WebSite\",\"@id\":\"https:\/\/toripuru.shop\/es\/#website\",\"url\":\"https:\/\/toripuru.shop\/es\/\",\"name\":\"Tori Puru\",\"description\":\"Designed with care and love\",\"publisher\":{\"@id\":\"https:\/\/toripuru.shop\/es\/#organization\"},\"potentialAction\":[{\"@type\":\"SearchAction\",\"target\":{\"@type\":\"EntryPoint\",\"urlTemplate\":\"https:\/\/toripuru.shop\/es\/?s={search_term_string}\"},\"query-input\":{\"@type\":\"PropertyValueSpecification\",\"valueRequired\":true,\"valueName\":\"search_term_string\"}}],\"inLanguage\":\"es\"},{\"@type\":\"Organization\",\"@id\":\"https:\/\/toripuru.shop\/es\/#organization\",\"name\":\"Tori Puru - Premium Quality Costum Made Furniture in Marbella\",\"url\":\"https:\/\/toripuru.shop\/es\/\",\"logo\":{\"@type\":\"ImageObject\",\"inLanguage\":\"es\",\"@id\":\"https:\/\/toripuru.shop\/es\/#\/schema\/logo\/image\/\",\"url\":\"https:\/\/toripuru.shop\/wp-content\/uploads\/2024\/05\/cropped-ToriPuruLogo-grey.png\",\"contentUrl\":\"https:\/\/toripuru.shop\/wp-content\/uploads\/2024\/05\/cropped-ToriPuruLogo-grey.png\",\"width\":3477,\"height\":2318,\"caption\":\"Tori Puru - Premium Quality Costum Made Furniture in Marbella\"},\"image\":{\"@id\":\"https:\/\/toripuru.shop\/es\/#\/schema\/logo\/image\/\"},\"sameAs\":[\"https:\/\/www.facebook.com\/people\/Tori-Puru\/61554449463733\/\",\"https:\/\/www.instagram.com\/toripuru_eu\",\"https:\/\/www.tiktok.com\/@toripuru.eu\"]}]}<\/script>\n<!-- \/ Yoast SEO plugin. -->","yoast_head_json":{"title":"Manta de merino para beb\u00e9 hecha a mano - Tori Puru","robots":{"index":"noindex","follow":"nofollow"},"og_locale":"es_ES","og_type":"article","og_title":"Manta de merino para beb\u00e9 hecha a mano - Tori Puru","og_description":"Te presentamos nuestra exquisita manta para beb\u00e9 hecha a mano, cuidadosamente elaborada para garantizar la comodidad y el bienestar de tu peque\u00f1o. Hecha con 100% lana merina org\u00e1nica para beb\u00e9s. Conscientes de la importancia de los art\u00edculos de alta calidad para tu hijo, hemos elegido meticulosamente la lana merina org\u00e1nica para beb\u00e9s por sus excepcionales propiedades. Este material es famoso por su calidez, transpirabilidad y suavidad naturales, lo que hace que la manta sea hipoalerg\u00e9nica y perfecta para mantener a tu peque\u00f1o calentito sin causarle sobrecalentamiento. Esta manta muestra la destreza artesanal de mujeres mayores y madres que poseen un dominio profesional de la confecci\u00f3n textil a mano. Su pericia es evidente en cada puntada, lo que contribuye a la durabilidad y calidad \u00fanica de cada manta. Al elegir este producto, apoyas su activaci\u00f3n profesional y la conservaci\u00f3n de la artesan\u00eda tradicional.","og_url":"https:\/\/toripuru.shop\/es\/producto\/manta-de-merino-para-bebe-hecha-a-mano\/","og_site_name":"Tori Puru","article_publisher":"https:\/\/www.facebook.com\/people\/Tori-Puru\/61554449463733\/","article_modified_time":"2024-08-09T12:44:25+00:00","og_image":[{"width":1920,"height":1920,"url":"https:\/\/toripuru.shop\/wp-content\/uploads\/2024\/05\/1-7.jpg","type":"image\/jpeg"}],"twitter_card":"summary_large_image","twitter_misc":{"Tiempo de lectura":"1 minuto"},"schema":{"@context":"https:\/\/schema.org","@graph":[{"@type":"WebPage","@id":"https:\/\/toripuru.shop\/es\/producto\/manta-de-merino-para-bebe-hecha-a-mano\/","url":"https:\/\/toripuru.shop\/es\/producto\/manta-de-merino-para-bebe-hecha-a-mano\/","name":"Manta de merino para beb\u00e9 hecha a mano - Tori Puru","isPartOf":{"@id":"https:\/\/toripuru.shop\/es\/#website"},"primaryImageOfPage":{"@id":"https:\/\/toripuru.shop\/es\/producto\/manta-de-merino-para-bebe-hecha-a-mano\/#primaryimage"},"image":{"@id":"https:\/\/toripuru.shop\/es\/producto\/manta-de-merino-para-bebe-hecha-a-mano\/#primaryimage"},"thumbnailUrl":"https:\/\/toripuru.shop\/wp-content\/uploads\/2024\/05\/1-7.jpg","datePublished":"2024-05-14T10:57:42+00:00","dateModified":"2024-08-09T12:44:25+00:00","breadcrumb":{"@id":"https:\/\/toripuru.shop\/es\/producto\/manta-de-merino-para-bebe-hecha-a-mano\/#breadcrumb"},"inLanguage":"es","potentialAction":[{"@type":"ReadAction","target":["https:\/\/toripuru.shop\/es\/producto\/manta-de-merino-para-bebe-hecha-a-mano\/"]}]},{"@type":"ImageObject","inLanguage":"es","@id":"https:\/\/toripuru.shop\/es\/producto\/manta-de-merino-para-bebe-hecha-a-mano\/#primaryimage","url":"https:\/\/toripuru.shop\/wp-content\/uploads\/2024\/05\/1-7.jpg","contentUrl":"https:\/\/toripuru.shop\/wp-content\/uploads\/2024\/05\/1-7.jpg","width":1920,"height":1920},{"@type":"BreadcrumbList","@id":"https:\/\/toripuru.shop\/es\/producto\/manta-de-merino-para-bebe-hecha-a-mano\/#breadcrumb","itemListElement":[{"@type":"ListItem","position":1,"name":"Home","item":"https:\/\/toripuru.shop\/es\/"},{"@type":"ListItem","position":2,"name":"Tienda","item":"https:\/\/toripuru.shop\/es\/tienda-2\/"},{"@type":"ListItem","position":3,"name":"Manta de merino para beb\u00e9 hecha a mano"}]},{"@type":"WebSite","@id":"https:\/\/toripuru.shop\/es\/#website","url":"https:\/\/toripuru.shop\/es\/","name":"Tori Puru","description":"Designed with care and love","publisher":{"@id":"https:\/\/toripuru.shop\/es\/#organization"},"potentialAction":[{"@type":"SearchAction","target":{"@type":"EntryPoint","urlTemplate":"https:\/\/toripuru.shop\/es\/?s={search_term_string}"},"query-input":{"@type":"PropertyValueSpecification","valueRequired":true,"valueName":"search_term_string"}}],"inLanguage":"es"},{"@type":"Organization","@id":"https:\/\/toripuru.shop\/es\/#organization","name":"Tori Puru - Premium Quality Costum Made Furniture in Marbella","url":"https:\/\/toripuru.shop\/es\/","logo":{"@type":"ImageObject","inLanguage":"es","@id":"https:\/\/toripuru.shop\/es\/#\/schema\/logo\/image\/","url":"https:\/\/toripuru.shop\/wp-content\/uploads\/2024\/05\/cropped-ToriPuruLogo-grey.png","contentUrl":"https:\/\/toripuru.shop\/wp-content\/uploads\/2024\/05\/cropped-ToriPuruLogo-grey.png","width":3477,"height":2318,"caption":"Tori Puru - Premium Quality Costum Made Furniture in Marbella"},"image":{"@id":"https:\/\/toripuru.shop\/es\/#\/schema\/logo\/image\/"},"sameAs":["https:\/\/www.facebook.com\/people\/Tori-Puru\/61554449463733\/","https:\/\/www.instagram.com\/toripuru_eu","https:\/\/www.tiktok.com\/@toripuru.eu"]}]}},"_links":{"self":[{"href":"https:\/\/toripuru.shop\/es\/wp-json\/wp\/v2\/product\/12686","targetHints":{"allow":["GET"]}}],"collection":[{"href":"https:\/\/toripuru.shop\/es\/wp-json\/wp\/v2\/product"}],"about":[{"href":"https:\/\/toripuru.shop\/es\/wp-json\/wp\/v2\/types\/product"}],"replies":[{"embeddable":true,"href":"https:\/\/toripuru.shop\/es\/wp-json\/wp\/v2\/comments?post=12686"}],"version-history":[{"count":3,"href":"https:\/\/toripuru.shop\/es\/wp-json\/wp\/v2\/product\/12686\/revisions"}],"predecessor-version":[{"id":12966,"href":"https:\/\/toripuru.shop\/es\/wp-json\/wp\/v2\/product\/12686\/revisions\/12966"}],"wp:featuredmedia":[{"embeddable":true,"href":"https:\/\/toripuru.shop\/es\/wp-json\/wp\/v2\/media\/11707"}],"wp:attachment":[{"href":"https:\/\/toripuru.shop\/es\/wp-json\/wp\/v2\/media?parent=12686"}],"wp:term":[{"taxonomy":"product_cat","embeddable":true,"href":"https:\/\/toripuru.shop\/es\/wp-json\/wp\/v2\/product_cat?post=12686"},{"taxonomy":"product_tag","embeddable":true,"href":"https:\/\/toripuru.shop\/es\/wp-json\/wp\/v2\/product_tag?post=12686"}],"curies":[{"name":"wp","href":"https:\/\/api.w.org\/{rel}","templated":true}]}}